{"id":263,"date":"2022-05-23T09:57:08","date_gmt":"2022-05-23T07:57:08","guid":{"rendered":"http:\/\/piquets-julien.fr\/?post_type=product&#038;p=263"},"modified":"2022-09-05T14:41:37","modified_gmt":"2022-09-05T12:41:37","slug":"support-sl12","status":"publish","type":"product","link":"https:\/\/piquets-julien.fr\/es\/producto\/support-sl12\/","title":{"rendered":"APOYO SL12"},"content":{"rendered":"<p><iframe width=\"560\" height=\"315\" data-src=\"https:\/\/www.youtube-nocookie.com\/embed\/X7-Hs6e9o8w\" title=\"Reproductor de v\u00eddeo de YouTube\" frameborder=\"0\" allow=\"accelerometer; autoplay; clipboard-write; encrypted-media; gyroscope; picture-in-picture\" allowfullscreen src=\"data:image\/svg+xml;base64,PHN2ZyB3aWR0aD0iMSIgaGVpZ2h0PSIxIiB4bWxucz0iaHR0cDovL3d3dy53My5vcmcvMjAwMC9zdmciPjwvc3ZnPg==\" class=\"lazyload\" data-load-mode=\"1\"><\/iframe><\/p>\n<p>Soporte dise\u00f1ado para recibir hilos sint\u00e9ticos de elevaci\u00f3n (Deltex) o hilos t\u00e9cnicos (Crapal Optimum). Muy r\u00e1pido de instalar, se fija simplemente presionando sobre las estacas MULTIPIC L30 y LF50. Se puede recolocar y es resistente a la presi\u00f3n y al paso de las m\u00e1quinas cosechadoras. Equipado con una muesca en la parte inferior, tambi\u00e9n puede utilizarse para bloquear los cables desde abajo.<\/p>\n<p><a class=\"fasc-button fasc-size-medium fasc-type-flat fasc-rounded-medium ico-fa fasc-ico-before fa-share\" style=\"background-color: #33809e; color: #ffffff;\" target=\"_blank\" rel=\"noopener\" href=\"http:\/\/piquets-julien.fr\/wp-content\/uploads\/2022\/06\/Print-fiche-A4-at20-SL12-2014-p2.pdf\">FICHA T\u00c9CNICA<\/a>&nbsp;<a class=\"fasc-button fasc-size-medium fasc-type-flat ico-fa fasc-ico-before fa-share\" style=\"background-color: #33809e; color: #ffffff;\" target=\"_blank\" rel=\"noopener\" href=\"http:\/\/piquets-julien.fr\/wp-content\/uploads\/2022\/06\/julien-SAS-catalogue-3.pdf\">VER TODO EL CAT\u00c1LOGO<\/a><\/p>","protected":false},"excerpt":{"rendered":"<div style=\"display: flex; flex-direction: column; align-items: center;\">\n<div style=\"display: flex; justify-content: center;\">\n<div id=\"woo3dv-viewer\" style=\"max-width:500px;max-height:500px;\">\n<div class=\"woo3dv-canvas-wrapper\">\n\t\t\t<canvas id=\"woo3dv-cv\" class=\"woo3dv-canvas woo3dv-canvas-borderless\" width=\"500\" height=\"500\"><\/canvas><\/p>\n<div id=\"woo3dv-file-loading\">\n\t\t\t\t<img decoding=\"async\" alt=\"Loading file\" data-src=\"http:\/\/piquets-julien.fr\/wp-content\/uploads\/2022\/09\/Logo-Julien2017-transparent-blanc.png\" src=\"data:image\/svg+xml;base64,PHN2ZyB3aWR0aD0iMSIgaGVpZ2h0PSIxIiB4bWxucz0iaHR0cDovL3d3dy53My5vcmcvMjAwMC9zdmciPjwvc3ZnPg==\" class=\"lazyload\">\n\t\t\t<\/div>\n<\/p><\/div>\n<\/p><\/div>\n<p>\t<input type=\"hidden\" id=\"woo3dv_model_url\" value=\"\/\/piquets-julien.fr\/wp-content\/uploads\/2022\/06\/SL12.stl\"><br \/>\n\t<input type=\"hidden\" id=\"woo3dv_model_mtl\" value=\"\"><br \/>\n\t<input type=\"hidden\" id=\"woo3dv_model_gif\" value=\"\"><\/p>\n<p>\t<input type=\"hidden\" id=\"woo3dv_upload_url\" value=\"\/\/piquets-julien.fr\/wp-content\/uploads\/2022\/06\/\" \/><br \/>\n\t<input type=\"hidden\" id=\"woo3dv_model_color\" value=\"0xffffff\"><br \/>\n\t<input type=\"hidden\" id=\"woo3dv_model_shininess\" value=\"metal\"><br \/>\n\t<input type=\"hidden\" id=\"woo3dv_model_transparency\" value=\"opaque\"><\/p>\n<p>\t<input type=\"hidden\" id=\"woo3dv_model_rotation_x\" value=\"0\"><br \/>\n\t<input type=\"hidden\" id=\"woo3dv_model_rotation_y\" value=\"0\"><br \/>\n\t<input type=\"hidden\" id=\"woo3dv_model_rotation_z\" value=\"0\"><\/p>\n<p>\t<input type=\"hidden\" id=\"woo3dv_show_light_source1\" value=\"off\"><br \/>\n\t<input type=\"hidden\" id=\"woo3dv_show_light_source2\" value=\"on\"><br \/>\n\t<input type=\"hidden\" id=\"woo3dv_show_light_source3\" value=\"off\"><br \/>\n\t<input type=\"hidden\" id=\"woo3dv_show_light_source4\" value=\"off\"><br \/>\n\t<input type=\"hidden\" id=\"woo3dv_show_light_source5\" value=\"off\"><br \/>\n\t<input type=\"hidden\" id=\"woo3dv_show_light_source6\" value=\"on\"><br \/>\n\t<input type=\"hidden\" id=\"woo3dv_show_light_source7\" value=\"off\"><br \/>\n\t<input type=\"hidden\" id=\"woo3dv_show_light_source8\" value=\"off\"><br \/>\n\t<input type=\"hidden\" id=\"woo3dv_show_light_source9\" value=\"off\"><\/p>\n<p>\t<input type=\"hidden\" id=\"woo3dv_camera_position_x\" value=\"-57.01133820727705\" \/><br \/>\n\t<input type=\"hidden\" id=\"woo3dv_camera_position_y\"  value=\"39.3492509303067\" \/><br \/>\n\t<input type=\"hidden\" id=\"woo3dv_camera_position_z\"  value=\"-29.95701246707357\" \/><br \/>\n\t<input type=\"hidden\" id=\"woo3dv_camera_lookat_x\" value=\"0.7553934933927241\" \/><br \/>\n\t<input type=\"hidden\" id=\"woo3dv_camera_lookat_y\"  value=\"-0.5213729243569521\" \/><br \/>\n\t<input type=\"hidden\" id=\"woo3dv_camera_lookat_z\"  value=\"0.3969268747356579\" \/><br \/>\n\t<input type=\"hidden\" id=\"woo3dv_controls_target_x\" value=\"0\" \/><br \/>\n\t<input type=\"hidden\" id=\"woo3dv_controls_target_y\" value=\"0\" \/><br \/>\n\t<input type=\"hidden\" id=\"woo3dv_controls_target_z\" value=\"0\" \/><br \/>\n\t<input type=\"hidden\" id=\"woo3dv_offset_z\"  value=\"-4.2710240677479305e-7\" \/><\/p>\n<p>\t<input type=\"hidden\" id=\"woo3dv_show_fog\"  value=\"0\" \/><br \/>\n\t<input type=\"hidden\" id=\"woo3dv_show_grid\"  value=\"off\" \/><br \/>\n\t<input type=\"hidden\" id=\"woo3dv_show_ground\"  value=\"off\" \/><br \/>\n\t<input type=\"hidden\" id=\"woo3dv_show_shadow\"  value=\"off\" \/><br \/>\n\t<input type=\"hidden\" id=\"woo3dv_background1\"  value=\"0x000000\" \/><br \/>\n\t<input type=\"hidden\" id=\"woo3dv_background_transparency\"  value=\"off\" \/><br \/>\n\t<input type=\"hidden\" id=\"woo3dv_ground_mirror\"  value=\"off\" \/><br \/>\n\t<input type=\"hidden\" id=\"woo3dv_fog_color\"  value=\"0xFFFFFF\" \/><br \/>\n\t<input type=\"hidden\" id=\"woo3dv_grid_color\"  value=\"0x898989\" \/><br \/>\n\t<input type=\"hidden\" id=\"woo3dv_ground_color\"  value=\"0xc1c1c1\" \/><br \/>\n\t<input type=\"hidden\" id=\"woo3dv_auto_rotation\"  value=\"on\" \/>\n<\/div>\n<div style=\"margin-top: 1rem;\"><img decoding=\"async\" class=\"wp-image-1040  alignnone lazyload\" data-src=\"http:\/\/piquets-julien.fr\/wp-content\/uploads\/2022\/06\/point-dinterrogation-sur-un-fond-noir-circulaire-150x150.png\" alt=\"\" width=\"20\" height=\"20\" data-srcset=\"https:\/\/piquets-julien.fr\/wp-content\/uploads\/2022\/06\/point-dinterrogation-sur-un-fond-noir-circulaire-150x150.png 150w, https:\/\/piquets-julien.fr\/wp-content\/uploads\/2022\/06\/point-dinterrogation-sur-un-fond-noir-circulaire-300x300.png 300w, https:\/\/piquets-julien.fr\/wp-content\/uploads\/2022\/06\/point-dinterrogation-sur-un-fond-noir-circulaire-100x100.png 100w, https:\/\/piquets-julien.fr\/wp-content\/uploads\/2022\/06\/point-dinterrogation-sur-un-fond-noir-circulaire.png 512w\" data-sizes=\"(max-width: 20px) 100vw, 20px\" src=\"data:image\/svg+xml;base64,PHN2ZyB3aWR0aD0iMSIgaGVpZ2h0PSIxIiB4bWxucz0iaHR0cDovL3d3dy53My5vcmcvMjAwMC9zdmciPjwvc3ZnPg==\" style=\"--smush-placeholder-width: 20px; --smush-placeholder-aspect-ratio: 20\/20;\" \/> Puedes interactuar con el modelo 3D<\/div>\n<\/div>","protected":false},"featured_media":928,"comment_status":"closed","ping_status":"closed","template":"","meta":{"site-sidebar-layout":"default","site-content-layout":"default","ast-site-content-layout":"default","site-content-style":"default","site-sidebar-style":"default","ast-global-header-display":"","ast-banner-title-visibility":"","ast-main-header-display":"","ast-hfb-above-header-display":"","ast-hfb-below-header-display":"","ast-hfb-mobile-header-display":"","site-post-title":"","ast-breadcrumbs-content":"","ast-featured-img":"","footer-sml-layout":"","ast-disable-related-posts":"","theme-transparent-header-meta":"default","adv-header-id-meta":"","stick-header-meta":"","header-above-stick-meta":"","header-main-stick-meta":"","header-below-stick-meta":"","astra-migrate-meta-layouts":"default","ast-page-background-enabled":"default","ast-page-background-meta":{"desktop":{"background-color":"var(--ast-global-color-4)","background-image":"","background-repeat":"repeat","background-position":"center center","background-size":"auto","background-attachment":"scroll","background-type":"","background-media":"","overlay-type":"","overlay-color":"","overlay-opacity":"","overlay-gradient":""},"tablet":{"background-color":"","background-image":"","background-repeat":"repeat","background-position":"center center","background-size":"auto","background-attachment":"scroll","background-type":"","background-media":"","overlay-type":"","overlay-color":"","overlay-opacity":"","overlay-gradient":""},"mobile":{"background-color":"","background-image":"","background-repeat":"repeat","background-position":"center center","background-size":"auto","background-attachment":"scroll","background-type":"","background-media":"","overlay-type":"","overlay-color":"","overlay-opacity":"","overlay-gradient":""}},"ast-content-background-meta":{"desktop":{"background-color":"var(--ast-global-color-5)","background-image":"","background-repeat":"repeat","background-position":"center center","background-size":"auto","background-attachment":"scroll","background-type":"","background-media":"","overlay-type":"","overlay-color":"","overlay-opacity":"","overlay-gradient":""},"tablet":{"background-color":"var(--ast-global-color-5)","background-image":"","background-repeat":"repeat","background-position":"center center","background-size":"auto","background-attachment":"scroll","background-type":"","background-media":"","overlay-type":"","overlay-color":"","overlay-opacity":"","overlay-gradient":""},"mobile":{"background-color":"var(--ast-global-color-5)","background-image":"","background-repeat":"repeat","background-position":"center center","background-size":"auto","background-attachment":"scroll","background-type":"","background-media":"","overlay-type":"","overlay-color":"","overlay-opacity":"","overlay-gradient":""}}},"product_cat":[22],"product_tag":[28],"class_list":["post-263","product","type-product","status-publish","has-post-thumbnail","hentry","product_cat-viticulture","product_tag-accessoires","desktop-align-left","tablet-align-left","mobile-align-left"],"yoast_head":"<!-- This site is optimized with the Yoast SEO plugin v19.4 - https:\/\/yoast.com\/wordpress\/plugins\/seo\/ -->\n<title>Accessoires SUPPORT SL12 - Piquets Julien<\/title>\n<meta name=\"description\" content=\"Accessoires pour piquets destin\u00e9 \u00e0 recevoir les fils releveurs synth\u00e9tiques ou fils techniques des piquets Multiplic L30 et LF50.\" \/>\n<meta name=\"robots\" content=\"index, follow, max-snippet:-1, max-image-preview:large, max-video-preview:-1\" \/>\n<link rel=\"canonical\" href=\"https:\/\/piquets-julien.fr\/es\/producto\/support-sl12\/\" \/>\n<meta property=\"og:locale\" content=\"es_ES\" \/>\n<meta property=\"og:type\" content=\"article\" \/>\n<meta property=\"og:title\" content=\"Accessoires SUPPORT SL12 - Piquets Julien\" \/>\n<meta property=\"og:description\" content=\"Accessoires pour piquets destin\u00e9 \u00e0 recevoir les fils releveurs synth\u00e9tiques ou fils techniques des piquets Multiplic L30 et LF50.\" \/>\n<meta property=\"og:url\" content=\"https:\/\/piquets-julien.fr\/es\/producto\/support-sl12\/\" \/>\n<meta property=\"og:site_name\" content=\"Piquets Julien\" \/>\n<meta property=\"article:modified_time\" content=\"2022-09-05T12:41:37+00:00\" \/>\n<meta property=\"og:image\" content=\"https:\/\/piquets-julien.fr\/wp-content\/uploads\/2022\/05\/SL12.png\" \/>\n\t<meta property=\"og:image:width\" content=\"655\" \/>\n\t<meta property=\"og:image:height\" content=\"683\" \/>\n\t<meta property=\"og:image:type\" content=\"image\/png\" \/>\n<meta name=\"twitter:card\" content=\"summary_large_image\" \/>\n<meta name=\"twitter:label1\" content=\"Tiempo de lectura\" \/>\n\t<meta name=\"twitter:data1\" content=\"1 minuto\" \/>\n<script type=\"application\/ld+json\" class=\"yoast-schema-graph\">{\"@context\":\"https:\/\/schema.org\",\"@graph\":[{\"@type\":\"WebSite\",\"@id\":\"https:\/\/piquets-julien.fr\/#website\",\"url\":\"https:\/\/piquets-julien.fr\/\",\"name\":\"Piquets Julien\",\"description\":\"Fabricant de piquets en acier profil\u00e9 adapt\u00e9s \u00e0 votre m\u00e9tier\",\"potentialAction\":[{\"@type\":\"SearchAction\",\"target\":{\"@type\":\"EntryPoint\",\"urlTemplate\":\"https:\/\/piquets-julien.fr\/?s={search_term_string}\"},\"query-input\":\"required name=search_term_string\"}],\"inLanguage\":\"es\"},{\"@type\":\"WebPage\",\"@id\":\"https:\/\/piquets-julien.fr\/produit\/support-sl12\/\",\"url\":\"https:\/\/piquets-julien.fr\/produit\/support-sl12\/\",\"name\":\"Accessoires SUPPORT SL12 - Piquets Julien\",\"isPartOf\":{\"@id\":\"https:\/\/piquets-julien.fr\/#website\"},\"datePublished\":\"2022-05-23T07:57:08+00:00\",\"dateModified\":\"2022-09-05T12:41:37+00:00\",\"description\":\"Accessoires pour piquets destin\u00e9 \u00e0 recevoir les fils releveurs synth\u00e9tiques ou fils techniques des piquets Multiplic L30 et LF50.\",\"breadcrumb\":{\"@id\":\"https:\/\/piquets-julien.fr\/produit\/support-sl12\/#breadcrumb\"},\"inLanguage\":\"es\",\"potentialAction\":[{\"@type\":\"ReadAction\",\"target\":[\"https:\/\/piquets-julien.fr\/produit\/support-sl12\/\"]}]},{\"@type\":\"BreadcrumbList\",\"@id\":\"https:\/\/piquets-julien.fr\/produit\/support-sl12\/#breadcrumb\",\"itemListElement\":[{\"@type\":\"ListItem\",\"position\":1,\"name\":\"Accueil\",\"item\":\"https:\/\/piquets-julien.fr\/\"},{\"@type\":\"ListItem\",\"position\":2,\"name\":\"Boutique\",\"item\":\"https:\/\/piquets-julien.fr\/boutique\/\"},{\"@type\":\"ListItem\",\"position\":3,\"name\":\"SUPPORT SL12\"}]}]}<\/script>\n<!-- \/ Yoast SEO plugin. -->","yoast_head_json":{"title":"Accessoires SUPPORT SL12 - Piquets Julien","description":"Accessoires pour piquets destin\u00e9 \u00e0 recevoir les fils releveurs synth\u00e9tiques ou fils techniques des piquets Multiplic L30 et LF50.","robots":{"index":"index","follow":"follow","max-snippet":"max-snippet:-1","max-image-preview":"max-image-preview:large","max-video-preview":"max-video-preview:-1"},"canonical":"https:\/\/piquets-julien.fr\/es\/producto\/support-sl12\/","og_locale":"es_ES","og_type":"article","og_title":"Accessoires SUPPORT SL12 - Piquets Julien","og_description":"Accessoires pour piquets destin\u00e9 \u00e0 recevoir les fils releveurs synth\u00e9tiques ou fils techniques des piquets Multiplic L30 et LF50.","og_url":"https:\/\/piquets-julien.fr\/es\/producto\/support-sl12\/","og_site_name":"Piquets Julien","article_modified_time":"2022-09-05T12:41:37+00:00","og_image":[{"width":655,"height":683,"url":"https:\/\/piquets-julien.fr\/wp-content\/uploads\/2022\/05\/SL12.png","type":"image\/png"}],"twitter_card":"summary_large_image","twitter_misc":{"Tiempo de lectura":"1 minuto"},"schema":{"@context":"https:\/\/schema.org","@graph":[{"@type":"WebSite","@id":"https:\/\/piquets-julien.fr\/#website","url":"https:\/\/piquets-julien.fr\/","name":"Piquets Julien","description":"Fabricante de postes de acero perfilados adaptados a su oficio","potentialAction":[{"@type":"SearchAction","target":{"@type":"EntryPoint","urlTemplate":"https:\/\/piquets-julien.fr\/?s={search_term_string}"},"query-input":"required name=search_term_string"}],"inLanguage":"es"},{"@type":"WebPage","@id":"https:\/\/piquets-julien.fr\/produit\/support-sl12\/","url":"https:\/\/piquets-julien.fr\/produit\/support-sl12\/","name":"Accessoires SUPPORT SL12 - Piquets Julien","isPartOf":{"@id":"https:\/\/piquets-julien.fr\/#website"},"datePublished":"2022-05-23T07:57:08+00:00","dateModified":"2022-09-05T12:41:37+00:00","description":"Accessoires pour piquets destin\u00e9 \u00e0 recevoir les fils releveurs synth\u00e9tiques ou fils techniques des piquets Multiplic L30 et LF50.","breadcrumb":{"@id":"https:\/\/piquets-julien.fr\/produit\/support-sl12\/#breadcrumb"},"inLanguage":"es","potentialAction":[{"@type":"ReadAction","target":["https:\/\/piquets-julien.fr\/produit\/support-sl12\/"]}]},{"@type":"BreadcrumbList","@id":"https:\/\/piquets-julien.fr\/produit\/support-sl12\/#breadcrumb","itemListElement":[{"@type":"ListItem","position":1,"name":"Accueil","item":"https:\/\/piquets-julien.fr\/"},{"@type":"ListItem","position":2,"name":"Boutique","item":"https:\/\/piquets-julien.fr\/boutique\/"},{"@type":"ListItem","position":3,"name":"SUPPORT SL12"}]}]}},"_links":{"self":[{"href":"https:\/\/piquets-julien.fr\/es\/wp-json\/wp\/v2\/product\/263"}],"collection":[{"href":"https:\/\/piquets-julien.fr\/es\/wp-json\/wp\/v2\/product"}],"about":[{"href":"https:\/\/piquets-julien.fr\/es\/wp-json\/wp\/v2\/types\/product"}],"replies":[{"embeddable":true,"href":"https:\/\/piquets-julien.fr\/es\/wp-json\/wp\/v2\/comments?post=263"}],"wp:featuredmedia":[{"embeddable":true,"href":"https:\/\/piquets-julien.fr\/es\/wp-json\/wp\/v2\/media\/928"}],"wp:attachment":[{"href":"https:\/\/piquets-julien.fr\/es\/wp-json\/wp\/v2\/media?parent=263"}],"wp:term":[{"taxonomy":"product_cat","embeddable":true,"href":"https:\/\/piquets-julien.fr\/es\/wp-json\/wp\/v2\/product_cat?post=263"},{"taxonomy":"product_tag","embeddable":true,"href":"https:\/\/piquets-julien.fr\/es\/wp-json\/wp\/v2\/product_tag?post=263"}],"curies":[{"name":"wp","href":"https:\/\/api.w.org\/{rel}","templated":true}]}}