{"id":242,"date":"2022-05-23T09:31:48","date_gmt":"2022-05-23T07:31:48","guid":{"rendered":"http:\/\/piquets-julien.fr\/?post_type=product&#038;p=242"},"modified":"2022-09-22T12:37:02","modified_gmt":"2022-09-22T10:37:02","slug":"multipic-l30","status":"publish","type":"product","link":"https:\/\/piquets-julien.fr\/es\/producto\/multipic-l30\/","title":{"rendered":"MULTIPIC L30 + PUNTA"},"content":{"rendered":"<p>La secci\u00f3n transversal estrecha y la forma compacta demuestran que este poste se adapta muy bien a todas las mecanizaciones del vi\u00f1edo desde hace m\u00e1s de 30 a\u00f1os. La punta permite plantar f\u00e1cilmente en todos los suelos. Los espesores de 1,5 mm, 1,8 mm y 2 mm permiten satisfacer todas las alturas de espaldera. Est\u00e1 equipado con orejetas antihundimiento con una base reforzada y una parte superior flexible para una muy buena sujeci\u00f3n de los cables de elevaci\u00f3n por clipaje. Tambi\u00e9n es adecuado para terrenos accidentados. Ganchos invertidos en la parte inferior. Puede equiparse con los famosos separadores m\u00f3viles.<\/p>\n<p><a class=\"fasc-button fasc-size-medium fasc-type-flat fasc-rounded-medium ico-fa fasc-ico-before fa-share\" style=\"background-color: #33809e;color: #ffffff\" target=\"_blank\" rel=\"noopener\" href=\"http:\/\/piquets-julien.fr\/wp-content\/uploads\/2022\/06\/L30.pdf\">FICHA T\u00c9CNICA<\/a>&nbsp;<a class=\"fasc-button fasc-size-medium fasc-type-flat ico-fa fasc-ico-before fa-share\" style=\"background-color: #33809e;color: #ffffff\" target=\"_blank\" rel=\"noopener\" href=\"http:\/\/piquets-julien.fr\/wp-content\/uploads\/2022\/06\/julien-SAS-catalogue-3.pdf\">VER TODO EL CAT\u00c1LOGO<\/a><\/p>\n<p><a href=\"http:\/\/piquets-julien.fr\/wp-content\/uploads\/2022\/05\/3D_POINTE-removebg-preview.png\"><img decoding=\"async\" class=\"wp-image-3604 alignleft\" src=\"http:\/\/piquets-julien.fr\/wp-content\/uploads\/2022\/05\/3D_POINTE-removebg-preview-300x207.png\" alt=\"\" width=\"290\" height=\"200\" srcset=\"https:\/\/piquets-julien.fr\/wp-content\/uploads\/2022\/05\/3D_POINTE-removebg-preview-300x207.png 300w, https:\/\/piquets-julien.fr\/wp-content\/uploads\/2022\/05\/3D_POINTE-removebg-preview-18x12.png 18w, https:\/\/piquets-julien.fr\/wp-content\/uploads\/2022\/05\/3D_POINTE-removebg-preview.png 454w\" sizes=\"(max-width: 290px) 100vw, 290px\" \/>&nbsp; &nbsp; &nbsp; &nbsp;<\/a><a href=\"http:\/\/piquets-julien.fr\/wp-content\/uploads\/2022\/05\/Linguet_AE-removebg-preview-2.png\"><img decoding=\"async\" class=\"wp-image-3607 alignnone\" src=\"http:\/\/piquets-julien.fr\/wp-content\/uploads\/2022\/05\/Linguet_AE-removebg-preview-2.png\" alt=\"\" width=\"158\" height=\"134\" srcset=\"https:\/\/piquets-julien.fr\/wp-content\/uploads\/2022\/05\/Linguet_AE-removebg-preview-2.png 269w, https:\/\/piquets-julien.fr\/wp-content\/uploads\/2022\/05\/Linguet_AE-removebg-preview-2-14x12.png 14w\" sizes=\"(max-width: 158px) 100vw, 158px\" \/><\/a><\/p>","protected":false},"excerpt":{"rendered":"<div style=\"display: flex; flex-direction: column; align-items: center;\">\n<div style=\"display: flex; justify-content: center;\">\n<div id=\"woo3dv-viewer\" style=\"max-width:500px;max-height:500px;\">\n<div class=\"woo3dv-canvas-wrapper\">\n\t\t\t<canvas id=\"woo3dv-cv\" class=\"woo3dv-canvas woo3dv-canvas-borderless\" width=\"500\" height=\"500\"><\/canvas><\/p>\n<div id=\"woo3dv-file-loading\">\n\t\t\t\t<img decoding=\"async\" alt=\"Loading file\" src=\"http:\/\/piquets-julien.fr\/wp-content\/uploads\/2022\/09\/Logo-Julien2017-transparent-blanc.png\">\n\t\t\t<\/div>\n<\/p><\/div>\n<\/p><\/div>\n<p>\t<input type=\"hidden\" id=\"woo3dv_model_url\" value=\"\/\/piquets-julien.fr\/wp-content\/uploads\/2022\/07\/L30PLUS.stl\"><br \/>\n\t<input type=\"hidden\" id=\"woo3dv_model_mtl\" value=\"\"><br \/>\n\t<input type=\"hidden\" id=\"woo3dv_model_gif\" value=\"\"><\/p>\n<p>\t<input type=\"hidden\" id=\"woo3dv_upload_url\" value=\"\/\/piquets-julien.fr\/wp-content\/uploads\/2022\/07\/\" \/><br \/>\n\t<input type=\"hidden\" id=\"woo3dv_model_color\" value=\"0xffffff\"><br \/>\n\t<input type=\"hidden\" id=\"woo3dv_model_shininess\" value=\"metal\"><br \/>\n\t<input type=\"hidden\" id=\"woo3dv_model_transparency\" value=\"opaque\"><\/p>\n<p>\t<input type=\"hidden\" id=\"woo3dv_model_rotation_x\" value=\"0\"><br \/>\n\t<input type=\"hidden\" id=\"woo3dv_model_rotation_y\" value=\"0\"><br \/>\n\t<input type=\"hidden\" id=\"woo3dv_model_rotation_z\" value=\"0\"><\/p>\n<p>\t<input type=\"hidden\" id=\"woo3dv_show_light_source1\" value=\"off\"><br \/>\n\t<input type=\"hidden\" id=\"woo3dv_show_light_source2\" value=\"on\"><br \/>\n\t<input type=\"hidden\" id=\"woo3dv_show_light_source3\" value=\"off\"><br \/>\n\t<input type=\"hidden\" id=\"woo3dv_show_light_source4\" value=\"off\"><br \/>\n\t<input type=\"hidden\" id=\"woo3dv_show_light_source5\" value=\"off\"><br \/>\n\t<input type=\"hidden\" id=\"woo3dv_show_light_source6\" value=\"on\"><br \/>\n\t<input type=\"hidden\" id=\"woo3dv_show_light_source7\" value=\"off\"><br \/>\n\t<input type=\"hidden\" id=\"woo3dv_show_light_source8\" value=\"off\"><br \/>\n\t<input type=\"hidden\" id=\"woo3dv_show_light_source9\" value=\"off\"><\/p>\n<p>\t<input type=\"hidden\" id=\"woo3dv_camera_position_x\" value=\"436.59392055131923\" \/><br \/>\n\t<input type=\"hidden\" id=\"woo3dv_camera_position_y\"  value=\"956.0490974498875\" \/><br \/>\n\t<input type=\"hidden\" id=\"woo3dv_camera_position_z\"  value=\"0.18156955149905762\" \/><br \/>\n\t<input type=\"hidden\" id=\"woo3dv_camera_lookat_x\" value=\"-0.9400376292094635\" \/><br \/>\n\t<input type=\"hidden\" id=\"woo3dv_camera_lookat_y\"  value=\"-0.34070681173274026\" \/><br \/>\n\t<input type=\"hidden\" id=\"woo3dv_camera_lookat_z\"  value=\"-0.015751955725003985\" \/><br \/>\n\t<input type=\"hidden\" id=\"woo3dv_controls_target_x\" value=\"-297.30004932731185\" \/><br \/>\n\t<input type=\"hidden\" id=\"woo3dv_controls_target_y\" value=\"690.0569000550782\" \/><br \/>\n\t<input type=\"hidden\" id=\"woo3dv_controls_target_z\" value=\"-12.116092756016618\" \/><br \/>\n\t<input type=\"hidden\" id=\"woo3dv_offset_z\"  value=\"-4.999999418942025e-7\" \/><\/p>\n<p>\t<input type=\"hidden\" id=\"woo3dv_show_fog\"  value=\"0\" \/><br \/>\n\t<input type=\"hidden\" id=\"woo3dv_show_grid\"  value=\"off\" \/><br \/>\n\t<input type=\"hidden\" id=\"woo3dv_show_ground\"  value=\"off\" \/><br \/>\n\t<input type=\"hidden\" id=\"woo3dv_show_shadow\"  value=\"off\" \/><br \/>\n\t<input type=\"hidden\" id=\"woo3dv_background1\"  value=\"0x0a0a0a\" \/><br \/>\n\t<input type=\"hidden\" id=\"woo3dv_background_transparency\"  value=\"off\" \/><br \/>\n\t<input type=\"hidden\" id=\"woo3dv_ground_mirror\"  value=\"off\" \/><br \/>\n\t<input type=\"hidden\" id=\"woo3dv_fog_color\"  value=\"0xFFFFFF\" \/><br \/>\n\t<input type=\"hidden\" id=\"woo3dv_grid_color\"  value=\"0x898989\" \/><br \/>\n\t<input type=\"hidden\" id=\"woo3dv_ground_color\"  value=\"0xc1c1c1\" \/><br \/>\n\t<input type=\"hidden\" id=\"woo3dv_auto_rotation\"  value=\"off\" \/>\n<\/div>\n<div style=\"margin-top: 1rem;\"><img decoding=\"async\" class=\"wp-image-1040 alignnone\" src=\"http:\/\/piquets-julien.fr\/wp-content\/uploads\/2022\/06\/point-dinterrogation-sur-un-fond-noir-circulaire-150x150.png\" alt=\"\" width=\"20\" height=\"20\" srcset=\"https:\/\/piquets-julien.fr\/wp-content\/uploads\/2022\/06\/point-dinterrogation-sur-un-fond-noir-circulaire-150x150.png 150w, https:\/\/piquets-julien.fr\/wp-content\/uploads\/2022\/06\/point-dinterrogation-sur-un-fond-noir-circulaire-300x300.png 300w, https:\/\/piquets-julien.fr\/wp-content\/uploads\/2022\/06\/point-dinterrogation-sur-un-fond-noir-circulaire-100x100.png 100w, https:\/\/piquets-julien.fr\/wp-content\/uploads\/2022\/06\/point-dinterrogation-sur-un-fond-noir-circulaire.png 512w\" sizes=\"(max-width: 20px) 100vw, 20px\" \/> Puedes interactuar con el modelo 3D<\/div>\n<\/div>","protected":false},"featured_media":835,"comment_status":"closed","ping_status":"closed","template":"","meta":{"site-sidebar-layout":"default","site-content-layout":"default","ast-global-header-display":"","ast-main-header-display":"","ast-hfb-above-header-display":"","ast-hfb-below-header-display":"","ast-hfb-mobile-header-display":"","site-post-title":"","ast-breadcrumbs-content":"","ast-featured-img":"","footer-sml-layout":"","theme-transparent-header-meta":"default","adv-header-id-meta":"","stick-header-meta":"","header-above-stick-meta":"","header-main-stick-meta":"","header-below-stick-meta":""},"product_cat":[22],"product_tag":[25],"class_list":["post-242","product","type-product","status-publish","has-post-thumbnail","hentry","product_cat-viticulture","product_tag-piquets-intermediaires"],"yoast_head":"<!-- This site is optimized with the Yoast SEO plugin v19.4 - https:\/\/yoast.com\/wordpress\/plugins\/seo\/ -->\n<title>Piquets M\u00e9talliques MULTIPIC L30 + POINTE - Piquets Julien<\/title>\n<meta name=\"description\" content=\"Situ\u00e9e \u00e0 Cairanne dans le Vaucluse la soci\u00e9t\u00e9 Julien est sp\u00e9cialis\u00e9 dans la conception de piquets m\u00e9talliques depuis plus de 30 ans.\" \/>\n<meta name=\"robots\" content=\"index, follow, max-snippet:-1, max-image-preview:large, max-video-preview:-1\" \/>\n<link rel=\"canonical\" href=\"https:\/\/piquets-julien.fr\/es\/producto\/multipic-l30\/\" \/>\n<meta property=\"og:locale\" content=\"es_ES\" \/>\n<meta property=\"og:type\" content=\"article\" \/>\n<meta property=\"og:title\" content=\"Piquets M\u00e9talliques MULTIPIC L30 + POINTE - Piquets Julien\" \/>\n<meta property=\"og:description\" content=\"Situ\u00e9e \u00e0 Cairanne dans le Vaucluse la soci\u00e9t\u00e9 Julien est sp\u00e9cialis\u00e9 dans la conception de piquets m\u00e9talliques depuis plus de 30 ans.\" \/>\n<meta property=\"og:url\" content=\"https:\/\/piquets-julien.fr\/es\/producto\/multipic-l30\/\" \/>\n<meta property=\"og:site_name\" content=\"Piquets Julien\" \/>\n<meta property=\"article:modified_time\" content=\"2022-09-22T10:37:02+00:00\" \/>\n<meta property=\"og:image\" content=\"https:\/\/piquets-julien.fr\/wp-content\/uploads\/2022\/05\/L30POINTE.jpg\" \/>\n\t<meta property=\"og:image:width\" content=\"654\" \/>\n\t<meta property=\"og:image:height\" content=\"683\" \/>\n\t<meta property=\"og:image:type\" content=\"image\/jpeg\" \/>\n<meta name=\"twitter:card\" content=\"summary_large_image\" \/>\n<meta name=\"twitter:label1\" content=\"Tiempo de lectura\" \/>\n\t<meta name=\"twitter:data1\" content=\"1 minuto\" \/>\n<script type=\"application\/ld+json\" class=\"yoast-schema-graph\">{\"@context\":\"https:\/\/schema.org\",\"@graph\":[{\"@type\":\"WebSite\",\"@id\":\"https:\/\/piquets-julien.fr\/#website\",\"url\":\"https:\/\/piquets-julien.fr\/\",\"name\":\"Piquets Julien\",\"description\":\"Fabricant de piquets en acier profil\u00e9 adapt\u00e9s \u00e0 votre m\u00e9tier\",\"potentialAction\":[{\"@type\":\"SearchAction\",\"target\":{\"@type\":\"EntryPoint\",\"urlTemplate\":\"https:\/\/piquets-julien.fr\/?s={search_term_string}\"},\"query-input\":\"required name=search_term_string\"}],\"inLanguage\":\"es\"},{\"@type\":\"WebPage\",\"@id\":\"https:\/\/piquets-julien.fr\/produit\/multipic-l30\/\",\"url\":\"https:\/\/piquets-julien.fr\/produit\/multipic-l30\/\",\"name\":\"Piquets M\u00e9talliques MULTIPIC L30 + POINTE - Piquets Julien\",\"isPartOf\":{\"@id\":\"https:\/\/piquets-julien.fr\/#website\"},\"datePublished\":\"2022-05-23T07:31:48+00:00\",\"dateModified\":\"2022-09-22T10:37:02+00:00\",\"description\":\"Situ\u00e9e \u00e0 Cairanne dans le Vaucluse la soci\u00e9t\u00e9 Julien est sp\u00e9cialis\u00e9 dans la conception de piquets m\u00e9talliques depuis plus de 30 ans.\",\"breadcrumb\":{\"@id\":\"https:\/\/piquets-julien.fr\/produit\/multipic-l30\/#breadcrumb\"},\"inLanguage\":\"es\",\"potentialAction\":[{\"@type\":\"ReadAction\",\"target\":[\"https:\/\/piquets-julien.fr\/produit\/multipic-l30\/\"]}]},{\"@type\":\"BreadcrumbList\",\"@id\":\"https:\/\/piquets-julien.fr\/produit\/multipic-l30\/#breadcrumb\",\"itemListElement\":[{\"@type\":\"ListItem\",\"position\":1,\"name\":\"Accueil\",\"item\":\"https:\/\/piquets-julien.fr\/\"},{\"@type\":\"ListItem\",\"position\":2,\"name\":\"Boutique\",\"item\":\"https:\/\/piquets-julien.fr\/boutique\/\"},{\"@type\":\"ListItem\",\"position\":3,\"name\":\"MULTIPIC L30 + POINTE\"}]}]}<\/script>\n<!-- \/ Yoast SEO plugin. -->","yoast_head_json":{"title":"Piquets M\u00e9talliques MULTIPIC L30 + POINTE - Piquets Julien","description":"Situ\u00e9e \u00e0 Cairanne dans le Vaucluse la soci\u00e9t\u00e9 Julien est sp\u00e9cialis\u00e9 dans la conception de piquets m\u00e9talliques depuis plus de 30 ans.","robots":{"index":"index","follow":"follow","max-snippet":"max-snippet:-1","max-image-preview":"max-image-preview:large","max-video-preview":"max-video-preview:-1"},"canonical":"https:\/\/piquets-julien.fr\/es\/producto\/multipic-l30\/","og_locale":"es_ES","og_type":"article","og_title":"Piquets M\u00e9talliques MULTIPIC L30 + POINTE - Piquets Julien","og_description":"Situ\u00e9e \u00e0 Cairanne dans le Vaucluse la soci\u00e9t\u00e9 Julien est sp\u00e9cialis\u00e9 dans la conception de piquets m\u00e9talliques depuis plus de 30 ans.","og_url":"https:\/\/piquets-julien.fr\/es\/producto\/multipic-l30\/","og_site_name":"Piquets Julien","article_modified_time":"2022-09-22T10:37:02+00:00","og_image":[{"width":654,"height":683,"url":"https:\/\/piquets-julien.fr\/wp-content\/uploads\/2022\/05\/L30POINTE.jpg","type":"image\/jpeg"}],"twitter_card":"summary_large_image","twitter_misc":{"Tiempo de lectura":"1 minuto"},"schema":{"@context":"https:\/\/schema.org","@graph":[{"@type":"WebSite","@id":"https:\/\/piquets-julien.fr\/#website","url":"https:\/\/piquets-julien.fr\/","name":"Piquets Julien","description":"Fabricant de piquets en acier profil\u00e9 adapt\u00e9s \u00e0 votre m\u00e9tier","potentialAction":[{"@type":"SearchAction","target":{"@type":"EntryPoint","urlTemplate":"https:\/\/piquets-julien.fr\/?s={search_term_string}"},"query-input":"required name=search_term_string"}],"inLanguage":"es"},{"@type":"WebPage","@id":"https:\/\/piquets-julien.fr\/produit\/multipic-l30\/","url":"https:\/\/piquets-julien.fr\/produit\/multipic-l30\/","name":"Piquets M\u00e9talliques MULTIPIC L30 + POINTE - Piquets Julien","isPartOf":{"@id":"https:\/\/piquets-julien.fr\/#website"},"datePublished":"2022-05-23T07:31:48+00:00","dateModified":"2022-09-22T10:37:02+00:00","description":"Situ\u00e9e \u00e0 Cairanne dans le Vaucluse la soci\u00e9t\u00e9 Julien est sp\u00e9cialis\u00e9 dans la conception de piquets m\u00e9talliques depuis plus de 30 ans.","breadcrumb":{"@id":"https:\/\/piquets-julien.fr\/produit\/multipic-l30\/#breadcrumb"},"inLanguage":"es","potentialAction":[{"@type":"ReadAction","target":["https:\/\/piquets-julien.fr\/produit\/multipic-l30\/"]}]},{"@type":"BreadcrumbList","@id":"https:\/\/piquets-julien.fr\/produit\/multipic-l30\/#breadcrumb","itemListElement":[{"@type":"ListItem","position":1,"name":"Accueil","item":"https:\/\/piquets-julien.fr\/"},{"@type":"ListItem","position":2,"name":"Boutique","item":"https:\/\/piquets-julien.fr\/boutique\/"},{"@type":"ListItem","position":3,"name":"MULTIPIC L30 + POINTE"}]}]}},"_links":{"self":[{"href":"https:\/\/piquets-julien.fr\/es\/wp-json\/wp\/v2\/product\/242"}],"collection":[{"href":"https:\/\/piquets-julien.fr\/es\/wp-json\/wp\/v2\/product"}],"about":[{"href":"https:\/\/piquets-julien.fr\/es\/wp-json\/wp\/v2\/types\/product"}],"replies":[{"embeddable":true,"href":"https:\/\/piquets-julien.fr\/es\/wp-json\/wp\/v2\/comments?post=242"}],"wp:featuredmedia":[{"embeddable":true,"href":"https:\/\/piquets-julien.fr\/es\/wp-json\/wp\/v2\/media\/835"}],"wp:attachment":[{"href":"https:\/\/piquets-julien.fr\/es\/wp-json\/wp\/v2\/media?parent=242"}],"wp:term":[{"taxonomy":"product_cat","embeddable":true,"href":"https:\/\/piquets-julien.fr\/es\/wp-json\/wp\/v2\/product_cat?post=242"},{"taxonomy":"product_tag","embeddable":true,"href":"https:\/\/piquets-julien.fr\/es\/wp-json\/wp\/v2\/product_tag?post=242"}],"curies":[{"name":"wp","href":"https:\/\/api.w.org\/{rel}","templated":true}]}}