{"id":1719,"date":"2022-09-02T13:57:51","date_gmt":"2022-09-02T11:57:51","guid":{"rendered":"http:\/\/piquets-julien.fr\/?page_id=1719"},"modified":"2023-02-27T12:15:58","modified_gmt":"2023-02-27T11:15:58","slug":"mentions-legales","status":"publish","type":"page","link":"https:\/\/piquets-julien.fr\/es\/mentions-legales\/","title":{"rendered":"Informaci\u00f3n legal"},"content":{"rendered":"<div data-elementor-type=\"wp-page\" data-elementor-id=\"1719\" class=\"elementor elementor-1719\">\n\t\t\t\t\t\t\t\t\t<section class=\"elementor-section elementor-top-section elementor-element elementor-element-189043d2 elementor-section-boxed elementor-section-height-default elementor-section-height-default\" data-id=\"189043d2\" data-element_type=\"section\">\n\t\t\t\t\t\t<div class=\"elementor-container elementor-column-gap-default\">\n\t\t\t\t\t<div class=\"elementor-column elementor-col-100 elementor-top-column elementor-element elementor-element-2578ef75\" data-id=\"2578ef75\" data-element_type=\"column\">\n\t\t\t<div class=\"elementor-widget-wrap elementor-element-populated\">\n\t\t\t\t\t\t\t\t<div class=\"elementor-element elementor-element-43e20e38 elementor-widget elementor-widget-heading\" data-id=\"43e20e38\" data-element_type=\"widget\" data-widget_type=\"heading.default\">\n\t\t\t\t<div class=\"elementor-widget-container\">\n\t\t\t<style>\/*! elementor - v3.6.8 - 27-07-2022 *\/\n.elementor-heading-title{padding:0;margin:0;line-height:1}.elementor-widget-heading .elementor-heading-title[class*=elementor-size-]>a{color:inherit;font-size:inherit;line-height:inherit}.elementor-widget-heading .elementor-heading-title.elementor-size-small{font-size:15px}.elementor-widget-heading .elementor-heading-title.elementor-size-medium{font-size:19px}.elementor-widget-heading .elementor-heading-title.elementor-size-large{font-size:29px}.elementor-widget-heading .elementor-heading-title.elementor-size-xl{font-size:39px}.elementor-widget-heading .elementor-heading-title.elementor-size-xxl{font-size:59px}<\/style><h1 class=\"elementor-heading-title elementor-size-default\">Informaci\u00f3n legal<\/h1>\t\t<\/div>\n\t\t\t\t<\/div>\n\t\t\t\t<div class=\"elementor-element elementor-element-18fe9e51 elementor-widget elementor-widget-text-editor\" data-id=\"18fe9e51\" data-element_type=\"widget\" data-widget_type=\"text-editor.default\">\n\t\t\t\t<div class=\"elementor-widget-container\">\n\t\t\t<style>\/*! elementor - v3.6.8 - 27-07-2022 *\/\n.elementor-widget-text-editor.elementor-drop-cap-view-stacked .elementor-drop-cap{background-color:#818a91;color:#fff}.elementor-widget-text-editor.elementor-drop-cap-view-framed .elementor-drop-cap{color:#818a91;border:3px solid;background-color:transparent}.elementor-widget-text-editor:not(.elementor-drop-cap-view-default) .elementor-drop-cap{margin-top:8px}.elementor-widget-text-editor:not(.elementor-drop-cap-view-default) .elementor-drop-cap-letter{width:1em;height:1em}.elementor-widget-text-editor .elementor-drop-cap{float:left;text-align:center;line-height:1;font-size:50px}.elementor-widget-text-editor .elementor-drop-cap-letter{display:inline-block}<\/style>\t\t\t\t<p><!-- wp:paragraph --><\/p><p>Por favor, lea atentamente las diferentes condiciones de uso de este sitio. Al conectarse a este sitio, usted acepta estas condiciones sin reservas. Asimismo, de conformidad con el art\u00edculo n\u00b06 de la Ley n\u00b02004-575 de 21 de junio de 2004 para la confianza en la econom\u00eda digital, los responsables de este sitio web <a href=\"https:\/\/piquets-julien.fr\/es\/\">http:\/\/piquets-julien.fr\/<\/a> son :<\/p><p><!-- \/wp:paragraph --> <!-- wp:paragraph {\"fontSize\":\"medium\"} --><\/p><p class=\"has-medium-font-size\"><strong>Editor del sitio web :<\/strong><\/p><p><!-- \/wp:paragraph --> <!-- wp:paragraph --><\/p><p>Nombre : SAS JULIEN<\/p><p><!-- \/wp:paragraph --> <!-- wp:paragraph --><\/p><p>Direcci\u00f3n : 85 Chemin du thor, 84290 Cairanne<\/p><p><!-- \/wp:paragraph --> <!-- wp:paragraph --><\/p><p>Tel\u00e9fono: 04 90 30 80 96<\/p><p><!-- \/wp:paragraph --> <!-- wp:paragraph --><\/p><p>N\u00famero de IVA intracomunitario FR 20 401 233 648<\/p><p><!-- \/wp:paragraph --> <!-- wp:paragraph --><\/p><p>Capital social: 251.200 euros<\/p><p><!-- \/wp:paragraph --> <!-- wp:paragraph --><\/p><p>SIRENA : 401233648<\/p><p><!-- \/wp:paragraph --> <!-- wp:paragraph --><\/p><p><!-- \/wp:paragraph --> <!-- wp:paragraph {\"fontSize\":\"medium\"} --><\/p><p class=\"has-medium-font-size\"><strong>Organizado por :<\/strong><\/p><p><!-- \/wp:paragraph --> <!-- wp:paragraph --><\/p><p>OVH<\/p><p><!-- \/wp:paragraph --> <!-- wp:paragraph --><\/p><p>2 rue Kellermann<\/p><p><!-- \/wp:paragraph --> <!-- wp:paragraph --><\/p><p>59100 Roubaix<\/p><p><!-- \/wp:paragraph --> <!-- wp:paragraph --><\/p><p><!-- \/wp:paragraph --> <!-- wp:paragraph {\"fontSize\":\"medium\"} --><\/p><p class=\"has-medium-font-size\"><strong>Desarrollo :<\/strong><\/p><p><!-- \/wp:paragraph --> <!-- wp:paragraph --><\/p><p>Soluciones ARG<\/p><p><!-- \/wp:paragraph --> <!-- wp:paragraph --><\/p><p>120 rue Jean DAUSSET<\/p><p><!-- \/wp:paragraph --> <!-- wp:paragraph --><\/p><p>84140 Avignon<\/p><p><!-- \/wp:paragraph --> <!-- wp:paragraph --><\/p><p><!-- \/wp:paragraph --> <!-- wp:paragraph {\"fontSize\":\"medium\"} --><\/p><p class=\"has-medium-font-size\"><strong>Propiedad Intelectual<\/strong><\/p><p><!-- \/wp:paragraph --> <!-- wp:paragraph --><\/p><p>Todos los textos del sitio son propiedad del editor del sitio.<\/p><p><!-- \/wp:paragraph --> <!-- wp:paragraph --><\/p><p>Pixabay, SAS JULIEN<\/p><p><!-- \/wp:paragraph --> <!-- wp:paragraph --><\/p><p><!-- \/wp:paragraph --> <!-- wp:paragraph {\"fontSize\":\"medium\"} --><\/p><p class=\"has-medium-font-size\"><strong>Condiciones de uso :<\/strong><\/p><p><!-- \/wp:paragraph --> <!-- wp:paragraph --><\/p><p>El editor del sitio utiliza todos los medios a su alcance para garantizar la fiabilidad de la informaci\u00f3n y la actualizaci\u00f3n de su sitio web. Sin embargo, pueden producirse errores u omisiones. Por lo tanto, el usuario de Internet debe asegurarse de la exactitud de la informaci\u00f3n proporcionada por SAS JULIEN, e informar de cualquier cambio en el sitio que considere \u00fatil. SAS JULIEN no es en absoluto responsable del uso que se haga de esta informaci\u00f3n, ni de los perjuicios directos o indirectos que puedan derivarse de ella.<\/p><p><!-- \/wp:paragraph --> <!-- wp:paragraph --><\/p><p>Cookies : El sitio web http:\/\/piquets-julien.fr\/ puede pedirle que acepte cookies con fines estad\u00edsticos y de visualizaci\u00f3n. Una cookie es una pieza de informaci\u00f3n colocada en su disco duro por el servidor del sitio que est\u00e1 visitando. Contiene varios datos que se almacenan en su ordenador en un simple archivo de texto al que un servidor accede para leer y registrar informaci\u00f3n. Algunas partes de este sitio no pueden funcionar sin aceptar las cookies.<\/p><p><!-- \/wp:paragraph --> <!-- wp:paragraph --><\/p><p>Hiperv\u00ednculos: El sitio web puede ofrecer enlaces a otros sitios web u otros recursos disponibles en Internet. El editor del sitio no tiene medios para controlar los sitios conectados a sus p\u00e1ginas web. No garantiza la disponibilidad de dichos sitios y fuentes externas. No se hace responsable de ning\u00fan da\u00f1o, sea cual sea su naturaleza, que se derive del contenido de estos sitios o de fuentes externas y, en particular, de la informaci\u00f3n, los productos o los servicios que ofrecen, o del uso que pueda hacerse de estos elementos. Los riesgos asociados a este uso recaen plenamente en el usuario de Internet, que debe respetar sus condiciones de uso.<\/p><p><!-- \/wp:paragraph --> <!-- wp:paragraph --><\/p><p>Los usuarios, suscriptores y visitantes del sitio no pueden establecer un hiperv\u00ednculo a este sitio sin la autorizaci\u00f3n previa y expresa del editor del sitio.<\/p><p><!-- \/wp:paragraph --> <!-- wp:paragraph --><\/p><p>En caso de que un usuario o visitante desee establecer un hiperv\u00ednculo a este sitio web, deber\u00e1 enviar un correo electr\u00f3nico accesible en el sitio para formular su solicitud de establecimiento de un hiperv\u00ednculo. El editor del sitio se reserva el derecho de aceptar o rechazar un hiperv\u00ednculo sin tener que justificar su decisi\u00f3n.<\/p><p><!-- \/wp:paragraph --> <!-- wp:paragraph --><\/p><p><!-- \/wp:paragraph --> <!-- wp:paragraph {\"fontSize\":\"medium\"} --><\/p><p class=\"has-medium-font-size\"><strong>Servicios prestados :<\/strong><\/p><p><!-- \/wp:paragraph --> <!-- wp:paragraph --><\/p><p>Todas las actividades e informaci\u00f3n de la empresa se presentan en nuestro sitio web http:\/\/piquets-julien.fr\/.<\/p><p><!-- \/wp:paragraph --> <!-- wp:paragraph --><\/p><p>El editor del sitio se esfuerza por proporcionar informaci\u00f3n lo m\u00e1s exacta posible en el sitio http:\/\/piquets-julien.fr\/. La informaci\u00f3n del sitio http:\/\/piquets-julien.fr\/ no es exhaustiva y las fotos no son contractuales. Se da a condici\u00f3n de que se hayan hecho modificaciones desde que se puso en l\u00ednea. Adem\u00e1s, toda la informaci\u00f3n que aparece en el sitio web http:\/\/piquets-julien.fr\/ se ofrece a t\u00edtulo indicativo y puede cambiar o evolucionar sin previo aviso.<\/p><p><!-- \/wp:paragraph --> <!-- wp:paragraph --><\/p><p><!-- \/wp:paragraph --> <!-- wp:paragraph {\"fontSize\":\"medium\"} --><\/p><p class=\"has-medium-font-size\"><strong>Limitaciones contractuales de los datos :<\/strong><\/p><p><!-- \/wp:paragraph --> <!-- wp:paragraph --><\/p><p>La informaci\u00f3n contenida en este sitio es lo m\u00e1s precisa posible y se actualiza en diferentes momentos del a\u00f1o, pero puede contener inexactitudes u omisiones. Si observa una laguna, un error o lo que parece ser un mal funcionamiento, comun\u00edquelo por correo electr\u00f3nico al editor del sitio, describiendo el problema con la mayor precisi\u00f3n posible (p\u00e1gina que causa el problema, tipo de ordenador y navegador utilizados, etc.).<\/p><p><!-- \/wp:paragraph --> <!-- wp:paragraph --><\/p><p><!-- \/wp:paragraph --> <!-- wp:paragraph {\"fontSize\":\"medium\"} --><\/p><p class=\"has-medium-font-size\"><strong>Propiedad intelectual :<\/strong><\/p><p><!-- \/wp:paragraph --> <!-- wp:paragraph --><\/p><p>Todo el contenido del presente sitio web http:\/\/piquets-julien.fr\/, incluyendo, pero sin limitarse a ello, gr\u00e1ficos, im\u00e1genes, textos, v\u00eddeos, animaciones, sonidos, logotipos, gifs e iconos, as\u00ed como su disposici\u00f3n, son propiedad exclusiva de la empresa, a excepci\u00f3n de las marcas, logotipos o contenidos pertenecientes a otras empresas asociadas o autores.<\/p><p><!-- \/wp:paragraph --> <!-- wp:paragraph --><\/p><p>Cualquier reproducci\u00f3n, distribuci\u00f3n, modificaci\u00f3n, adaptaci\u00f3n, retransmisi\u00f3n o publicaci\u00f3n, incluso parcial, de estos distintos elementos est\u00e1 estrictamente prohibida sin el consentimiento expreso por escrito del editor del sitio. Esta representaci\u00f3n o reproducci\u00f3n, por cualquier medio, constituye una infracci\u00f3n sancionada por los art\u00edculos L.335-2 y siguientes del C\u00f3digo de la Propiedad Intelectual. El incumplimiento de esta prohibici\u00f3n constituye una infracci\u00f3n que puede acarrear la responsabilidad civil y penal del infractor. Adem\u00e1s, los propietarios de los contenidos copiados pueden emprender acciones legales contra usted.<\/p><p><!-- \/wp:paragraph --> <!-- wp:paragraph --><\/p><p><!-- \/wp:paragraph --> <!-- wp:paragraph {\"fontSize\":\"medium\"} --><\/p><p class=\"has-medium-font-size\"><strong>Declaraci\u00f3n a la CNIL :<\/strong><\/p><p><!-- \/wp:paragraph --> <!-- wp:paragraph --><\/p><p>De conformidad con la ley 78-17 de 6 de enero de 1978 (modificada por la ley 2004-801 de 6 de agosto de 2004 relativa a la protecci\u00f3n de las personas f\u00edsicas en materia de tratamiento de datos de car\u00e1cter personal) relativa a la inform\u00e1tica, los archivos y las libertades, este sitio ha sido declarado a la Comisi\u00f3n nacional de la inform\u00e1tica y las libertades (www.cnil.fr).<\/p><p><!-- \/wp:paragraph --> <!-- wp:paragraph --><\/p><p><!-- \/wp:paragraph --> <!-- wp:paragraph {\"fontSize\":\"medium\"} --><\/p><p class=\"has-medium-font-size\"><strong>Litigios :<\/strong><\/p><p><!-- \/wp:paragraph --> <!-- wp:paragraph --><\/p><p>Las presentes condiciones del sitio web http:\/\/piquets-julien.fr\/ se rigen por el derecho franc\u00e9s y cualquier disputa o litigio que pueda surgir de la interpretaci\u00f3n o ejecuci\u00f3n de estas condiciones se someter\u00e1 a la jurisdicci\u00f3n exclusiva de los tribunales de los que depende el domicilio social de la empresa. La lengua de referencia para la resoluci\u00f3n de posibles litigios es el franc\u00e9s.<\/p><p><!-- \/wp:paragraph --> <!-- wp:paragraph --><\/p><p><!-- \/wp:paragraph --> <!-- wp:paragraph {\"fontSize\":\"medium\"} --><\/p><p class=\"has-medium-font-size\"><strong>Datos personales :<\/strong><\/p><p><!-- \/wp:paragraph --> <!-- wp:paragraph --><\/p><p>En general, no es necesario que nos proporcione ning\u00fan dato personal cuando visite nuestro sitio web http:\/\/piquets-julien.fr\/<\/p><p><!-- \/wp:paragraph --> <!-- wp:paragraph --><\/p><p>Sin embargo, hay algunas excepciones a este principio. En efecto, para ciertos servicios ofrecidos por nuestro sitio, se le puede pedir que nos comunique ciertos datos como: nombre y apellido, c\u00f3digo postal, correo electr\u00f3nico, tel\u00e9fono, empresa y profesi\u00f3n. Este es el caso cuando rellena el formulario que se ofrece en l\u00ednea, en la secci\u00f3n \"contacto\". En cualquier caso, puede negarse a facilitar sus datos personales. En este caso, no podr\u00e1 utilizar los servicios del sitio, en particular el de solicitar informaci\u00f3n sobre nuestra empresa, o el de recibir los boletines informativos.<\/p><p><!-- \/wp:paragraph --> <!-- wp:paragraph --><\/p><p>Por \u00faltimo, podemos recopilar autom\u00e1ticamente cierta informaci\u00f3n sobre usted cuando navega por nuestro sitio web, incluyendo: informaci\u00f3n sobre el uso de nuestro sitio, como las \u00e1reas que visita y los servicios a los que accede, su direcci\u00f3n IP, su tipo de navegador y sus horas de acceso. Dicha informaci\u00f3n se utiliza exclusivamente para fines estad\u00edsticos internos, con el fin de mejorar la calidad de los servicios que se le ofrecen. Las bases de datos est\u00e1n protegidas por las disposiciones de la ley de 1 de julio de 1998 que transpone la directiva 96\/9 de 11 de marzo de 1996 sobre la protecci\u00f3n jur\u00eddica de las bases de datos.<\/p><p><!-- \/wp:paragraph --><\/p>\t\t\t\t\t\t<\/div>\n\t\t\t\t<\/div>\n\t\t\t\t\t<\/div>\n\t\t<\/div>\n\t\t\t\t\t\t\t<\/div>\n\t\t<\/section>\n\t\t\t\t\t\t\t<\/div>","protected":false},"excerpt":{"rendered":"<p>Informaci\u00f3n legal Por favor, lea atentamente las diferentes condiciones de uso de este sitio. Al conectarse a este sitio, usted acepta estas condiciones sin reservas. Asimismo, de conformidad con el art\u00edculo n\u00b06 de la Ley n\u00b02004-575 de 21 de junio de 2004 para la confianza en la econom\u00eda digital, los responsables de este sitio web http:\/\/piquets-julien.fr\/ son: ...<\/p>\n<p class=\"read-more\"> <a class=\"\" href=\"https:\/\/piquets-julien.fr\/es\/mentions-legales\/\"> <span class=\"screen-reader-text\">Informaci\u00f3n legal<\/span> Leer m\u00e1s \"<\/a><\/p>","protected":false},"author":3,"featured_media":0,"parent":0,"menu_order":0,"comment_status":"closed","ping_status":"closed","template":"","meta":{"site-sidebar-layout":"no-sidebar","site-content-layout":"page-builder","ast-global-header-display":"","ast-main-header-display":"","ast-hfb-above-header-display":"","ast-hfb-below-header-display":"","ast-hfb-mobile-header-display":"","site-post-title":"disabled","ast-breadcrumbs-content":"","ast-featured-img":"disabled","footer-sml-layout":"","theme-transparent-header-meta":"","adv-header-id-meta":"","stick-header-meta":"","header-above-stick-meta":"","header-main-stick-meta":"","header-below-stick-meta":"","footnotes":""},"class_list":["post-1719","page","type-page","status-publish","hentry"],"yoast_head":"<!-- This site is optimized with the Yoast SEO plugin v19.4 - https:\/\/yoast.com\/wordpress\/plugins\/seo\/ -->\n<title>Piquets Julien - Mentions l\u00e9gales<\/title>\n<meta name=\"description\" content=\"Retrouvez ici les mentions l\u00e9gales du site Piquets Julien. Pour toute demande de renseignement, merci d&#039;utiliser le formulaire de contact.\" \/>\n<meta name=\"robots\" content=\"index, follow, max-snippet:-1, max-image-preview:large, max-video-preview:-1\" \/>\n<link rel=\"canonical\" href=\"https:\/\/piquets-julien.fr\/es\/mentions-legales\/\" \/>\n<meta property=\"og:locale\" content=\"es_ES\" \/>\n<meta property=\"og:type\" content=\"article\" \/>\n<meta property=\"og:title\" content=\"Piquets Julien - Mentions l\u00e9gales\" \/>\n<meta property=\"og:description\" content=\"Retrouvez ici les mentions l\u00e9gales du site Piquets Julien. Pour toute demande de renseignement, merci d&#039;utiliser le formulaire de contact.\" \/>\n<meta property=\"og:url\" content=\"https:\/\/piquets-julien.fr\/es\/mentions-legales\/\" \/>\n<meta property=\"og:site_name\" content=\"Piquets Julien\" \/>\n<meta property=\"article:modified_time\" content=\"2023-02-27T11:15:58+00:00\" \/>\n<meta name=\"twitter:card\" content=\"summary_large_image\" \/>\n<meta name=\"twitter:label1\" content=\"Tiempo de lectura\" \/>\n\t<meta name=\"twitter:data1\" content=\"6 minutos\" \/>\n<script type=\"application\/ld+json\" class=\"yoast-schema-graph\">{\"@context\":\"https:\/\/schema.org\",\"@graph\":[{\"@type\":\"WebSite\",\"@id\":\"https:\/\/piquets-julien.fr\/#website\",\"url\":\"https:\/\/piquets-julien.fr\/\",\"name\":\"Piquets Julien\",\"description\":\"Fabricant de piquets en acier profil\u00e9 adapt\u00e9s \u00e0 votre m\u00e9tier\",\"potentialAction\":[{\"@type\":\"SearchAction\",\"target\":{\"@type\":\"EntryPoint\",\"urlTemplate\":\"https:\/\/piquets-julien.fr\/?s={search_term_string}\"},\"query-input\":\"required name=search_term_string\"}],\"inLanguage\":\"es\"},{\"@type\":\"WebPage\",\"@id\":\"https:\/\/piquets-julien.fr\/mentions-legales\/\",\"url\":\"https:\/\/piquets-julien.fr\/mentions-legales\/\",\"name\":\"Piquets Julien - Mentions l\u00e9gales\",\"isPartOf\":{\"@id\":\"https:\/\/piquets-julien.fr\/#website\"},\"datePublished\":\"2022-09-02T11:57:51+00:00\",\"dateModified\":\"2023-02-27T11:15:58+00:00\",\"description\":\"Retrouvez ici les mentions l\u00e9gales du site Piquets Julien. Pour toute demande de renseignement, merci d'utiliser le formulaire de contact.\",\"breadcrumb\":{\"@id\":\"https:\/\/piquets-julien.fr\/mentions-legales\/#breadcrumb\"},\"inLanguage\":\"es\",\"potentialAction\":[{\"@type\":\"ReadAction\",\"target\":[\"https:\/\/piquets-julien.fr\/mentions-legales\/\"]}]},{\"@type\":\"BreadcrumbList\",\"@id\":\"https:\/\/piquets-julien.fr\/mentions-legales\/#breadcrumb\",\"itemListElement\":[{\"@type\":\"ListItem\",\"position\":1,\"name\":\"Accueil\",\"item\":\"https:\/\/piquets-julien.fr\/\"},{\"@type\":\"ListItem\",\"position\":2,\"name\":\"Mentions l\u00e9gales\"}]}]}<\/script>\n<!-- \/ Yoast SEO plugin. -->","yoast_head_json":{"title":"Piquets Julien - Mentions l\u00e9gales","description":"Retrouvez ici les mentions l\u00e9gales du site Piquets Julien. Pour toute demande de renseignement, merci d'utiliser le formulaire de contact.","robots":{"index":"index","follow":"follow","max-snippet":"max-snippet:-1","max-image-preview":"max-image-preview:large","max-video-preview":"max-video-preview:-1"},"canonical":"https:\/\/piquets-julien.fr\/es\/mentions-legales\/","og_locale":"es_ES","og_type":"article","og_title":"Piquets Julien - Mentions l\u00e9gales","og_description":"Retrouvez ici les mentions l\u00e9gales du site Piquets Julien. Pour toute demande de renseignement, merci d'utiliser le formulaire de contact.","og_url":"https:\/\/piquets-julien.fr\/es\/mentions-legales\/","og_site_name":"Piquets Julien","article_modified_time":"2023-02-27T11:15:58+00:00","twitter_card":"summary_large_image","twitter_misc":{"Tiempo de lectura":"6 minutos"},"schema":{"@context":"https:\/\/schema.org","@graph":[{"@type":"WebSite","@id":"https:\/\/piquets-julien.fr\/#website","url":"https:\/\/piquets-julien.fr\/","name":"Piquets Julien","description":"Fabricant de piquets en acier profil\u00e9 adapt\u00e9s \u00e0 votre m\u00e9tier","potentialAction":[{"@type":"SearchAction","target":{"@type":"EntryPoint","urlTemplate":"https:\/\/piquets-julien.fr\/?s={search_term_string}"},"query-input":"required name=search_term_string"}],"inLanguage":"es"},{"@type":"WebPage","@id":"https:\/\/piquets-julien.fr\/mentions-legales\/","url":"https:\/\/piquets-julien.fr\/mentions-legales\/","name":"Piquets Julien - Mentions l\u00e9gales","isPartOf":{"@id":"https:\/\/piquets-julien.fr\/#website"},"datePublished":"2022-09-02T11:57:51+00:00","dateModified":"2023-02-27T11:15:58+00:00","description":"Retrouvez ici les mentions l\u00e9gales du site Piquets Julien. Pour toute demande de renseignement, merci d'utiliser le formulaire de contact.","breadcrumb":{"@id":"https:\/\/piquets-julien.fr\/mentions-legales\/#breadcrumb"},"inLanguage":"es","potentialAction":[{"@type":"ReadAction","target":["https:\/\/piquets-julien.fr\/mentions-legales\/"]}]},{"@type":"BreadcrumbList","@id":"https:\/\/piquets-julien.fr\/mentions-legales\/#breadcrumb","itemListElement":[{"@type":"ListItem","position":1,"name":"Accueil","item":"https:\/\/piquets-julien.fr\/"},{"@type":"ListItem","position":2,"name":"Mentions l\u00e9gales"}]}]}},"_links":{"self":[{"href":"https:\/\/piquets-julien.fr\/es\/wp-json\/wp\/v2\/pages\/1719"}],"collection":[{"href":"https:\/\/piquets-julien.fr\/es\/wp-json\/wp\/v2\/pages"}],"about":[{"href":"https:\/\/piquets-julien.fr\/es\/wp-json\/wp\/v2\/types\/page"}],"author":[{"embeddable":true,"href":"https:\/\/piquets-julien.fr\/es\/wp-json\/wp\/v2\/users\/3"}],"replies":[{"embeddable":true,"href":"https:\/\/piquets-julien.fr\/es\/wp-json\/wp\/v2\/comments?post=1719"}],"version-history":[{"count":5,"href":"https:\/\/piquets-julien.fr\/es\/wp-json\/wp\/v2\/pages\/1719\/revisions"}],"predecessor-version":[{"id":3412,"href":"https:\/\/piquets-julien.fr\/es\/wp-json\/wp\/v2\/pages\/1719\/revisions\/3412"}],"wp:attachment":[{"href":"https:\/\/piquets-julien.fr\/es\/wp-json\/wp\/v2\/media?parent=1719"}],"curies":[{"name":"wp","href":"https:\/\/api.w.org\/{rel}","templated":true}]}}