{"id":973,"date":"2022-07-18T11:19:27","date_gmt":"2022-07-18T09:19:27","guid":{"rendered":"http:\/\/piquets-julien.fr\/?post_type=product&#038;p=973"},"modified":"2022-09-22T13:56:06","modified_gmt":"2022-09-22T11:56:06","slug":"embout-arbopic","status":"publish","type":"product","link":"https:\/\/piquets-julien.fr\/en\/product\/embout-arbopic\/","title":{"rendered":"UNIVERSAL RIDGE CAP"},"content":{"rendered":"<div class=\"p-info text-prod-single\">\n<p>Depending on the screw option chosen, they allow the installation of longitudinal and transverse cables (steel or synthetic). Self-drilling screws are provided to secure the cap to the Arbopic pole. The wires or steel cables are positioned in the grooves of the cap. The cap is secured using the appropriate screw kit (single or double).<\/p>\n<p>Material : Polyethylene treated against UV - Diameter : outside 92mm \/ Inside 76mm<\/p>\n<\/div>\n<div class=\"mb-sm-50 ft-item ft-small-card\"><a class=\"fasc-button fasc-size-medium fasc-type-flat fasc-rounded-medium ico-fa fasc-ico-before fa-share\" style=\"background-color: #33809e;color: #ffffff\" target=\"_blank\" rel=\"noopener\" href=\"http:\/\/piquets-julien.fr\/wp-content\/uploads\/2022\/06\/julien_SAS_catalogue_36_pages_A4-31.pdf\">TECHNICAL SHEET<\/a>&nbsp;<a class=\"fasc-button fasc-size-medium fasc-type-flat ico-fa fasc-ico-before fa-share\" style=\"background-color: #33809e;color: #ffffff\" target=\"_blank\" rel=\"noopener\" href=\"http:\/\/piquets-julien.fr\/wp-content\/uploads\/2022\/06\/julien-SAS-catalogue-3.pdf\">SEE THE WHOLE CATALOGUE<\/a><\/div>\n<div><a href=\"http:\/\/piquets-julien.fr\/wp-content\/uploads\/2022\/07\/20210528_140820-removebg-preview.png\"><img decoding=\"async\" class=\"alignnone  wp-image-3617\" src=\"http:\/\/piquets-julien.fr\/wp-content\/uploads\/2022\/07\/20210528_140820-removebg-preview-300x225.png\" alt=\"\" width=\"404\" height=\"303\" srcset=\"https:\/\/piquets-julien.fr\/wp-content\/uploads\/2022\/07\/20210528_140820-removebg-preview-300x225.png 300w, https:\/\/piquets-julien.fr\/wp-content\/uploads\/2022\/07\/20210528_140820-removebg-preview-16x12.png 16w, https:\/\/piquets-julien.fr\/wp-content\/uploads\/2022\/07\/20210528_140820-removebg-preview.png 577w\" sizes=\"(max-width: 404px) 100vw, 404px\" \/><\/a><\/div>","protected":false},"excerpt":{"rendered":"<p><img decoding=\"async\" class=\"alignnone size-medium wp-image-974\" src=\"http:\/\/piquets-julien.fr\/wp-content\/uploads\/2022\/07\/CHAPEAU-ARBOPIC-300x300.jpg\" alt=\"\" width=\"300\" height=\"300\" srcset=\"https:\/\/piquets-julien.fr\/wp-content\/uploads\/2022\/07\/CHAPEAU-ARBOPIC-300x300.jpg 300w, https:\/\/piquets-julien.fr\/wp-content\/uploads\/2022\/07\/CHAPEAU-ARBOPIC-100x100.jpg 100w, https:\/\/piquets-julien.fr\/wp-content\/uploads\/2022\/07\/CHAPEAU-ARBOPIC-600x600.jpg 600w, https:\/\/piquets-julien.fr\/wp-content\/uploads\/2022\/07\/CHAPEAU-ARBOPIC-150x150.jpg 150w, https:\/\/piquets-julien.fr\/wp-content\/uploads\/2022\/07\/CHAPEAU-ARBOPIC.jpg 768w\" sizes=\"(max-width: 300px) 100vw, 300px\" \/><\/p>","protected":false},"featured_media":974,"comment_status":"closed","ping_status":"closed","template":"","meta":{"site-sidebar-layout":"default","site-content-layout":"default","ast-global-header-display":"","ast-main-header-display":"","ast-hfb-above-header-display":"","ast-hfb-below-header-display":"","ast-hfb-mobile-header-display":"","site-post-title":"","ast-breadcrumbs-content":"","ast-featured-img":"","footer-sml-layout":"","theme-transparent-header-meta":"default","adv-header-id-meta":"","stick-header-meta":"","header-above-stick-meta":"","header-main-stick-meta":"","header-below-stick-meta":""},"product_cat":[23],"product_tag":[28],"class_list":["post-973","product","type-product","status-publish","has-post-thumbnail","hentry","product_cat-arboriculture","product_tag-accessoires"],"yoast_head":"<!-- This site is optimized with the Yoast SEO plugin v19.4 - https:\/\/yoast.com\/wordpress\/plugins\/seo\/ -->\n<title>Accessoires CHAPEAU UNIVERSEL DE FA\u00ceTAGE - Piquets Julien<\/title>\n<meta name=\"description\" content=\"Situ\u00e9e \u00e0 Cairanne dans le Vaucluse la soci\u00e9t\u00e9 Julien propose diff\u00e9rents types d&#039;accessoires pour arboriculture.\" \/>\n<meta name=\"robots\" content=\"index, follow, max-snippet:-1, max-image-preview:large, max-video-preview:-1\" \/>\n<link rel=\"canonical\" href=\"https:\/\/piquets-julien.fr\/en\/product\/embout-arbopic\/\" \/>\n<meta property=\"og:locale\" content=\"en_GB\" \/>\n<meta property=\"og:type\" content=\"article\" \/>\n<meta property=\"og:title\" content=\"Accessoires CHAPEAU UNIVERSEL DE FA\u00ceTAGE - Piquets Julien\" \/>\n<meta property=\"og:description\" content=\"Situ\u00e9e \u00e0 Cairanne dans le Vaucluse la soci\u00e9t\u00e9 Julien propose diff\u00e9rents types d&#039;accessoires pour arboriculture.\" \/>\n<meta property=\"og:url\" content=\"https:\/\/piquets-julien.fr\/en\/product\/embout-arbopic\/\" \/>\n<meta property=\"og:site_name\" content=\"Piquets Julien\" \/>\n<meta property=\"article:modified_time\" content=\"2022-09-22T11:56:06+00:00\" \/>\n<meta property=\"og:image\" content=\"https:\/\/piquets-julien.fr\/wp-content\/uploads\/2022\/07\/CHAPEAU-ARBOPIC.jpg\" \/>\n\t<meta property=\"og:image:width\" content=\"768\" \/>\n\t<meta property=\"og:image:height\" content=\"768\" \/>\n\t<meta property=\"og:image:type\" content=\"image\/jpeg\" \/>\n<meta name=\"twitter:card\" content=\"summary_large_image\" \/>\n<meta name=\"twitter:label1\" content=\"Estimated reading time\" \/>\n\t<meta name=\"twitter:data1\" content=\"1 minute\" \/>\n<script type=\"application\/ld+json\" class=\"yoast-schema-graph\">{\"@context\":\"https:\/\/schema.org\",\"@graph\":[{\"@type\":\"WebSite\",\"@id\":\"https:\/\/piquets-julien.fr\/#website\",\"url\":\"https:\/\/piquets-julien.fr\/\",\"name\":\"Piquets Julien\",\"description\":\"Fabricant de piquets en acier profil\u00e9 adapt\u00e9s \u00e0 votre m\u00e9tier\",\"potentialAction\":[{\"@type\":\"SearchAction\",\"target\":{\"@type\":\"EntryPoint\",\"urlTemplate\":\"https:\/\/piquets-julien.fr\/?s={search_term_string}\"},\"query-input\":\"required name=search_term_string\"}],\"inLanguage\":\"en-GB\"},{\"@type\":\"WebPage\",\"@id\":\"https:\/\/piquets-julien.fr\/produit\/embout-arbopic\/\",\"url\":\"https:\/\/piquets-julien.fr\/produit\/embout-arbopic\/\",\"name\":\"Accessoires CHAPEAU UNIVERSEL DE FA\u00ceTAGE - Piquets Julien\",\"isPartOf\":{\"@id\":\"https:\/\/piquets-julien.fr\/#website\"},\"datePublished\":\"2022-07-18T09:19:27+00:00\",\"dateModified\":\"2022-09-22T11:56:06+00:00\",\"description\":\"Situ\u00e9e \u00e0 Cairanne dans le Vaucluse la soci\u00e9t\u00e9 Julien propose diff\u00e9rents types d'accessoires pour arboriculture.\",\"breadcrumb\":{\"@id\":\"https:\/\/piquets-julien.fr\/produit\/embout-arbopic\/#breadcrumb\"},\"inLanguage\":\"en-GB\",\"potentialAction\":[{\"@type\":\"ReadAction\",\"target\":[\"https:\/\/piquets-julien.fr\/produit\/embout-arbopic\/\"]}]},{\"@type\":\"BreadcrumbList\",\"@id\":\"https:\/\/piquets-julien.fr\/produit\/embout-arbopic\/#breadcrumb\",\"itemListElement\":[{\"@type\":\"ListItem\",\"position\":1,\"name\":\"Accueil\",\"item\":\"https:\/\/piquets-julien.fr\/\"},{\"@type\":\"ListItem\",\"position\":2,\"name\":\"Boutique\",\"item\":\"https:\/\/piquets-julien.fr\/boutique\/\"},{\"@type\":\"ListItem\",\"position\":3,\"name\":\"CHAPEAU UNIVERSEL DE FA\u00ceTAGE\"}]}]}<\/script>\n<!-- \/ Yoast SEO plugin. -->","yoast_head_json":{"title":"Accessoires CHAPEAU UNIVERSEL DE FA\u00ceTAGE - Piquets Julien","description":"Situ\u00e9e \u00e0 Cairanne dans le Vaucluse la soci\u00e9t\u00e9 Julien propose diff\u00e9rents types d'accessoires pour arboriculture.","robots":{"index":"index","follow":"follow","max-snippet":"max-snippet:-1","max-image-preview":"max-image-preview:large","max-video-preview":"max-video-preview:-1"},"canonical":"https:\/\/piquets-julien.fr\/en\/product\/embout-arbopic\/","og_locale":"en_GB","og_type":"article","og_title":"Accessoires CHAPEAU UNIVERSEL DE FA\u00ceTAGE - Piquets Julien","og_description":"Situ\u00e9e \u00e0 Cairanne dans le Vaucluse la soci\u00e9t\u00e9 Julien propose diff\u00e9rents types d'accessoires pour arboriculture.","og_url":"https:\/\/piquets-julien.fr\/en\/product\/embout-arbopic\/","og_site_name":"Piquets Julien","article_modified_time":"2022-09-22T11:56:06+00:00","og_image":[{"width":768,"height":768,"url":"https:\/\/piquets-julien.fr\/wp-content\/uploads\/2022\/07\/CHAPEAU-ARBOPIC.jpg","type":"image\/jpeg"}],"twitter_card":"summary_large_image","twitter_misc":{"Estimated reading time":"1 minute"},"schema":{"@context":"https:\/\/schema.org","@graph":[{"@type":"WebSite","@id":"https:\/\/piquets-julien.fr\/#website","url":"https:\/\/piquets-julien.fr\/","name":"Piquets Julien","description":"Fabricant de piquets en acier profil\u00e9 adapt\u00e9s \u00e0 votre m\u00e9tier","potentialAction":[{"@type":"SearchAction","target":{"@type":"EntryPoint","urlTemplate":"https:\/\/piquets-julien.fr\/?s={search_term_string}"},"query-input":"required name=search_term_string"}],"inLanguage":"en-GB"},{"@type":"WebPage","@id":"https:\/\/piquets-julien.fr\/produit\/embout-arbopic\/","url":"https:\/\/piquets-julien.fr\/produit\/embout-arbopic\/","name":"Accessoires CHAPEAU UNIVERSEL DE FA\u00ceTAGE - Piquets Julien","isPartOf":{"@id":"https:\/\/piquets-julien.fr\/#website"},"datePublished":"2022-07-18T09:19:27+00:00","dateModified":"2022-09-22T11:56:06+00:00","description":"Situ\u00e9e \u00e0 Cairanne dans le Vaucluse la soci\u00e9t\u00e9 Julien propose diff\u00e9rents types d'accessoires pour arboriculture.","breadcrumb":{"@id":"https:\/\/piquets-julien.fr\/produit\/embout-arbopic\/#breadcrumb"},"inLanguage":"en-GB","potentialAction":[{"@type":"ReadAction","target":["https:\/\/piquets-julien.fr\/produit\/embout-arbopic\/"]}]},{"@type":"BreadcrumbList","@id":"https:\/\/piquets-julien.fr\/produit\/embout-arbopic\/#breadcrumb","itemListElement":[{"@type":"ListItem","position":1,"name":"Accueil","item":"https:\/\/piquets-julien.fr\/"},{"@type":"ListItem","position":2,"name":"Boutique","item":"https:\/\/piquets-julien.fr\/boutique\/"},{"@type":"ListItem","position":3,"name":"CHAPEAU UNIVERSEL DE FA\u00ceTAGE"}]}]}},"_links":{"self":[{"href":"https:\/\/piquets-julien.fr\/en\/wp-json\/wp\/v2\/product\/973"}],"collection":[{"href":"https:\/\/piquets-julien.fr\/en\/wp-json\/wp\/v2\/product"}],"about":[{"href":"https:\/\/piquets-julien.fr\/en\/wp-json\/wp\/v2\/types\/product"}],"replies":[{"embeddable":true,"href":"https:\/\/piquets-julien.fr\/en\/wp-json\/wp\/v2\/comments?post=973"}],"wp:featuredmedia":[{"embeddable":true,"href":"https:\/\/piquets-julien.fr\/en\/wp-json\/wp\/v2\/media\/974"}],"wp:attachment":[{"href":"https:\/\/piquets-julien.fr\/en\/wp-json\/wp\/v2\/media?parent=973"}],"wp:term":[{"taxonomy":"product_cat","embeddable":true,"href":"https:\/\/piquets-julien.fr\/en\/wp-json\/wp\/v2\/product_cat?post=973"},{"taxonomy":"product_tag","embeddable":true,"href":"https:\/\/piquets-julien.fr\/en\/wp-json\/wp\/v2\/product_tag?post=973"}],"curies":[{"name":"wp","href":"https:\/\/api.w.org\/{rel}","templated":true}]}}