{"id":945,"date":"2022-07-11T11:09:00","date_gmt":"2022-07-11T09:09:00","guid":{"rendered":"http:\/\/piquets-julien.fr\/?post_type=product&#038;p=945"},"modified":"2022-09-05T13:37:20","modified_gmt":"2022-09-05T11:37:20","slug":"bouchon-a-ailettes","status":"publish","type":"product","link":"https:\/\/piquets-julien.fr\/en\/product\/bouchon-a-ailettes\/","title":{"rendered":"WINGED END CAP"},"content":{"rendered":"<p>Winged blanking plug that can be fitted by simply pressing. In addition to its aesthetic function, it prevents birds from entering the posts (in accordance with current legislation: compulsory closure of the post by a cap according to law N\u00b02016-1087 of 08 August 2016).<\/p>\n<p><a class=\"fasc-button fasc-size-medium fasc-type-flat fasc-rounded-medium ico-fa fasc-ico-before fa-share\" style=\"background-color: #33809e; color: #ffffff;\" target=\"_blank\" rel=\"noopener\" href=\"http:\/\/piquets-julien.fr\/wp-content\/uploads\/2022\/06\/julien_SAS_catalogue_36_pages_A4-31.pdf\">TECHNICAL SHEET<\/a>&nbsp;<a class=\"fasc-button fasc-size-medium fasc-type-flat ico-fa fasc-ico-before fa-share\" style=\"background-color: #33809e; color: #ffffff;\" target=\"_blank\" rel=\"noopener\" href=\"http:\/\/piquets-julien.fr\/wp-content\/uploads\/2022\/06\/julien-SAS-catalogue-3.pdf\">SEE THE WHOLE CATALOGUE<\/a><\/p>","protected":false},"excerpt":{"rendered":"<p><img decoding=\"async\" class=\"alignnone size-medium wp-image-946\" src=\"http:\/\/piquets-julien.fr\/wp-content\/uploads\/2022\/07\/BOUCHON-A-AILETTES-4-287x300.jpg\" alt=\"\" width=\"287\" height=\"300\" srcset=\"https:\/\/piquets-julien.fr\/wp-content\/uploads\/2022\/07\/BOUCHON-A-AILETTES-4-287x300.jpg 287w, https:\/\/piquets-julien.fr\/wp-content\/uploads\/2022\/07\/BOUCHON-A-AILETTES-4-600x627.jpg 600w, https:\/\/piquets-julien.fr\/wp-content\/uploads\/2022\/07\/BOUCHON-A-AILETTES-4.jpg 654w\" sizes=\"(max-width: 287px) 100vw, 287px\" \/><\/p>","protected":false},"featured_media":946,"comment_status":"closed","ping_status":"closed","template":"","meta":{"site-sidebar-layout":"default","site-content-layout":"default","ast-global-header-display":"","ast-main-header-display":"","ast-hfb-above-header-display":"","ast-hfb-below-header-display":"","ast-hfb-mobile-header-display":"","site-post-title":"","ast-breadcrumbs-content":"","ast-featured-img":"","footer-sml-layout":"","theme-transparent-header-meta":"default","adv-header-id-meta":"","stick-header-meta":"","header-above-stick-meta":"","header-main-stick-meta":"","header-below-stick-meta":""},"product_cat":[22],"product_tag":[25],"class_list":["post-945","product","type-product","status-publish","has-post-thumbnail","hentry","product_cat-viticulture","product_tag-piquets-intermediaires"],"yoast_head":"<!-- This site is optimized with the Yoast SEO plugin v19.4 - https:\/\/yoast.com\/wordpress\/plugins\/seo\/ -->\n<title>Piquets M\u00e9talliques EMBOUT A AILETTES - Piquets Julien<\/title>\n<meta name=\"description\" content=\"Situ\u00e9e \u00e0 Cairanne dans le Vaucluse la soci\u00e9t\u00e9 Julien est sp\u00e9cialis\u00e9 dans la conception de piquets m\u00e9talliques depuis plus de 30 ans.\" \/>\n<meta name=\"robots\" content=\"index, follow, max-snippet:-1, max-image-preview:large, max-video-preview:-1\" \/>\n<link rel=\"canonical\" href=\"https:\/\/piquets-julien.fr\/en\/product\/bouchon-a-ailettes\/\" \/>\n<meta property=\"og:locale\" content=\"en_GB\" \/>\n<meta property=\"og:type\" content=\"article\" \/>\n<meta property=\"og:title\" content=\"Piquets M\u00e9talliques EMBOUT A AILETTES - Piquets Julien\" \/>\n<meta property=\"og:description\" content=\"Situ\u00e9e \u00e0 Cairanne dans le Vaucluse la soci\u00e9t\u00e9 Julien est sp\u00e9cialis\u00e9 dans la conception de piquets m\u00e9talliques depuis plus de 30 ans.\" \/>\n<meta property=\"og:url\" content=\"https:\/\/piquets-julien.fr\/en\/product\/bouchon-a-ailettes\/\" \/>\n<meta property=\"og:site_name\" content=\"Piquets Julien\" \/>\n<meta property=\"article:modified_time\" content=\"2022-09-05T11:37:20+00:00\" \/>\n<meta property=\"og:image\" content=\"https:\/\/piquets-julien.fr\/wp-content\/uploads\/2022\/07\/BOUCHON-A-AILETTES-4.jpg\" \/>\n\t<meta property=\"og:image:width\" content=\"654\" \/>\n\t<meta property=\"og:image:height\" content=\"683\" \/>\n\t<meta property=\"og:image:type\" content=\"image\/jpeg\" \/>\n<meta name=\"twitter:card\" content=\"summary_large_image\" \/>\n<meta name=\"twitter:label1\" content=\"Estimated reading time\" \/>\n\t<meta name=\"twitter:data1\" content=\"1 minute\" \/>\n<script type=\"application\/ld+json\" class=\"yoast-schema-graph\">{\"@context\":\"https:\/\/schema.org\",\"@graph\":[{\"@type\":\"WebSite\",\"@id\":\"https:\/\/piquets-julien.fr\/#website\",\"url\":\"https:\/\/piquets-julien.fr\/\",\"name\":\"Piquets Julien\",\"description\":\"Fabricant de piquets en acier profil\u00e9 adapt\u00e9s \u00e0 votre m\u00e9tier\",\"potentialAction\":[{\"@type\":\"SearchAction\",\"target\":{\"@type\":\"EntryPoint\",\"urlTemplate\":\"https:\/\/piquets-julien.fr\/?s={search_term_string}\"},\"query-input\":\"required name=search_term_string\"}],\"inLanguage\":\"en-GB\"},{\"@type\":\"WebPage\",\"@id\":\"https:\/\/piquets-julien.fr\/en\/product\/bouchon-a-ailettes\/\",\"url\":\"https:\/\/piquets-julien.fr\/en\/product\/bouchon-a-ailettes\/\",\"name\":\"Piquets M\u00e9talliques EMBOUT A AILETTES - Piquets Julien\",\"isPartOf\":{\"@id\":\"https:\/\/piquets-julien.fr\/#website\"},\"datePublished\":\"2022-07-11T09:09:00+00:00\",\"dateModified\":\"2022-09-05T11:37:20+00:00\",\"description\":\"Situ\u00e9e \u00e0 Cairanne dans le Vaucluse la soci\u00e9t\u00e9 Julien est sp\u00e9cialis\u00e9 dans la conception de piquets m\u00e9talliques depuis plus de 30 ans.\",\"breadcrumb\":{\"@id\":\"https:\/\/piquets-julien.fr\/en\/product\/bouchon-a-ailettes\/#breadcrumb\"},\"inLanguage\":\"en-GB\",\"potentialAction\":[{\"@type\":\"ReadAction\",\"target\":[\"https:\/\/piquets-julien.fr\/en\/product\/bouchon-a-ailettes\/\"]}]},{\"@type\":\"BreadcrumbList\",\"@id\":\"https:\/\/piquets-julien.fr\/en\/product\/bouchon-a-ailettes\/#breadcrumb\",\"itemListElement\":[{\"@type\":\"ListItem\",\"position\":1,\"name\":\"Accueil\",\"item\":\"https:\/\/piquets-julien.fr\/\"},{\"@type\":\"ListItem\",\"position\":2,\"name\":\"Boutique\",\"item\":\"https:\/\/piquets-julien.fr\/boutique\/\"},{\"@type\":\"ListItem\",\"position\":3,\"name\":\"EMBOUT A AILETTES\"}]}]}<\/script>\n<!-- \/ Yoast SEO plugin. -->","yoast_head_json":{"title":"Piquets M\u00e9talliques EMBOUT A AILETTES - Piquets Julien","description":"Situ\u00e9e \u00e0 Cairanne dans le Vaucluse la soci\u00e9t\u00e9 Julien est sp\u00e9cialis\u00e9 dans la conception de piquets m\u00e9talliques depuis plus de 30 ans.","robots":{"index":"index","follow":"follow","max-snippet":"max-snippet:-1","max-image-preview":"max-image-preview:large","max-video-preview":"max-video-preview:-1"},"canonical":"https:\/\/piquets-julien.fr\/en\/product\/bouchon-a-ailettes\/","og_locale":"en_GB","og_type":"article","og_title":"Piquets M\u00e9talliques EMBOUT A AILETTES - Piquets Julien","og_description":"Situ\u00e9e \u00e0 Cairanne dans le Vaucluse la soci\u00e9t\u00e9 Julien est sp\u00e9cialis\u00e9 dans la conception de piquets m\u00e9talliques depuis plus de 30 ans.","og_url":"https:\/\/piquets-julien.fr\/en\/product\/bouchon-a-ailettes\/","og_site_name":"Piquets Julien","article_modified_time":"2022-09-05T11:37:20+00:00","og_image":[{"width":654,"height":683,"url":"https:\/\/piquets-julien.fr\/wp-content\/uploads\/2022\/07\/BOUCHON-A-AILETTES-4.jpg","type":"image\/jpeg"}],"twitter_card":"summary_large_image","twitter_misc":{"Estimated reading time":"1 minute"},"schema":{"@context":"https:\/\/schema.org","@graph":[{"@type":"WebSite","@id":"https:\/\/piquets-julien.fr\/#website","url":"https:\/\/piquets-julien.fr\/","name":"Piquets Julien","description":"Fabricant de piquets en acier profil\u00e9 adapt\u00e9s \u00e0 votre m\u00e9tier","potentialAction":[{"@type":"SearchAction","target":{"@type":"EntryPoint","urlTemplate":"https:\/\/piquets-julien.fr\/?s={search_term_string}"},"query-input":"required name=search_term_string"}],"inLanguage":"en-GB"},{"@type":"WebPage","@id":"https:\/\/piquets-julien.fr\/en\/product\/bouchon-a-ailettes\/","url":"https:\/\/piquets-julien.fr\/en\/product\/bouchon-a-ailettes\/","name":"Piquets M\u00e9talliques EMBOUT A AILETTES - Piquets Julien","isPartOf":{"@id":"https:\/\/piquets-julien.fr\/#website"},"datePublished":"2022-07-11T09:09:00+00:00","dateModified":"2022-09-05T11:37:20+00:00","description":"Situ\u00e9e \u00e0 Cairanne dans le Vaucluse la soci\u00e9t\u00e9 Julien est sp\u00e9cialis\u00e9 dans la conception de piquets m\u00e9talliques depuis plus de 30 ans.","breadcrumb":{"@id":"https:\/\/piquets-julien.fr\/en\/product\/bouchon-a-ailettes\/#breadcrumb"},"inLanguage":"en-GB","potentialAction":[{"@type":"ReadAction","target":["https:\/\/piquets-julien.fr\/en\/product\/bouchon-a-ailettes\/"]}]},{"@type":"BreadcrumbList","@id":"https:\/\/piquets-julien.fr\/en\/product\/bouchon-a-ailettes\/#breadcrumb","itemListElement":[{"@type":"ListItem","position":1,"name":"Accueil","item":"https:\/\/piquets-julien.fr\/"},{"@type":"ListItem","position":2,"name":"Boutique","item":"https:\/\/piquets-julien.fr\/boutique\/"},{"@type":"ListItem","position":3,"name":"EMBOUT A AILETTES"}]}]}},"_links":{"self":[{"href":"https:\/\/piquets-julien.fr\/en\/wp-json\/wp\/v2\/product\/945"}],"collection":[{"href":"https:\/\/piquets-julien.fr\/en\/wp-json\/wp\/v2\/product"}],"about":[{"href":"https:\/\/piquets-julien.fr\/en\/wp-json\/wp\/v2\/types\/product"}],"replies":[{"embeddable":true,"href":"https:\/\/piquets-julien.fr\/en\/wp-json\/wp\/v2\/comments?post=945"}],"wp:featuredmedia":[{"embeddable":true,"href":"https:\/\/piquets-julien.fr\/en\/wp-json\/wp\/v2\/media\/946"}],"wp:attachment":[{"href":"https:\/\/piquets-julien.fr\/en\/wp-json\/wp\/v2\/media?parent=945"}],"wp:term":[{"taxonomy":"product_cat","embeddable":true,"href":"https:\/\/piquets-julien.fr\/en\/wp-json\/wp\/v2\/product_cat?post=945"},{"taxonomy":"product_tag","embeddable":true,"href":"https:\/\/piquets-julien.fr\/en\/wp-json\/wp\/v2\/product_tag?post=945"}],"curies":[{"name":"wp","href":"https:\/\/api.w.org\/{rel}","templated":true}]}}