{"id":244,"date":"2022-05-23T09:33:57","date_gmt":"2022-05-23T07:33:57","guid":{"rendered":"http:\/\/piquets-julien.fr\/?post_type=product&#038;p=244"},"modified":"2022-09-23T16:14:33","modified_gmt":"2022-09-23T14:14:33","slug":"multipic-lf50","status":"publish","type":"product","link":"https:\/\/piquets-julien.fr\/en\/product\/multipic-lf50\/","title":{"rendered":"MULTIPIC LF50"},"content":{"rendered":"<p>With a section of 50 x 40 and a 23-ply profile, the LF50 post, with a thickness of 1.5 mm, can be used for above-ground trellising up to 1.70 m. It is available in 1.8 mm for trellising very high vines or vines subject to heavy production loads. It is equipped with wide and reinforced lugs.<\/p>\n<p><a class=\"fasc-button fasc-size-medium fasc-type-flat fasc-rounded-medium ico-fa fasc-ico-before fa-share\" style=\"background-color: #33809e;color: #ffffff\" target=\"_blank\" rel=\"noopener\" href=\"http:\/\/piquets-julien.fr\/wp-content\/uploads\/2022\/06\/LF50.pdf\">TECHNICAL SHEET<\/a>&nbsp;<a class=\"fasc-button fasc-size-medium fasc-type-flat ico-fa fasc-ico-before fa-share\" style=\"background-color: #33809e;color: #ffffff\" target=\"_blank\" rel=\"noopener\" href=\"http:\/\/piquets-julien.fr\/wp-content\/uploads\/2022\/06\/julien-SAS-catalogue-3.pdf\">SEE THE WHOLE CATALOGUE<\/a><\/p>","protected":false},"excerpt":{"rendered":"<div style=\"display: flex; flex-direction: column; align-items: center;\">\n<div style=\"display: flex; justify-content: center;\">\n<div id=\"woo3dv-viewer\" style=\"max-width:500px;max-height:500px;\">\n<div class=\"woo3dv-canvas-wrapper\">\n\t\t\t<canvas id=\"woo3dv-cv\" class=\"woo3dv-canvas woo3dv-canvas-borderless\" width=\"500\" height=\"500\"><\/canvas><\/p>\n<div id=\"woo3dv-file-loading\">\n\t\t\t\t<img decoding=\"async\" alt=\"Loading file\" src=\"http:\/\/piquets-julien.fr\/wp-content\/uploads\/2022\/09\/Logo-Julien2017-transparent-blanc.png\">\n\t\t\t<\/div>\n<\/p><\/div>\n<\/p><\/div>\n<p>\t<input type=\"hidden\" id=\"woo3dv_model_url\" value=\"\/\/piquets-julien.fr\/wp-content\/uploads\/2022\/06\/LF50.stl\"><br \/>\n\t<input type=\"hidden\" id=\"woo3dv_model_mtl\" value=\"\"><br \/>\n\t<input type=\"hidden\" id=\"woo3dv_model_gif\" value=\"\"><\/p>\n<p>\t<input type=\"hidden\" id=\"woo3dv_upload_url\" value=\"\/\/piquets-julien.fr\/wp-content\/uploads\/2022\/06\/\" \/><br \/>\n\t<input type=\"hidden\" id=\"woo3dv_model_color\" value=\"0xffffff\"><br \/>\n\t<input type=\"hidden\" id=\"woo3dv_model_shininess\" value=\"metal\"><br \/>\n\t<input type=\"hidden\" id=\"woo3dv_model_transparency\" value=\"opaque\"><\/p>\n<p>\t<input type=\"hidden\" id=\"woo3dv_model_rotation_x\" value=\"0\"><br \/>\n\t<input type=\"hidden\" id=\"woo3dv_model_rotation_y\" value=\"0\"><br \/>\n\t<input type=\"hidden\" id=\"woo3dv_model_rotation_z\" value=\"0\"><\/p>\n<p>\t<input type=\"hidden\" id=\"woo3dv_show_light_source1\" value=\"off\"><br \/>\n\t<input type=\"hidden\" id=\"woo3dv_show_light_source2\" value=\"on\"><br \/>\n\t<input type=\"hidden\" id=\"woo3dv_show_light_source3\" value=\"off\"><br \/>\n\t<input type=\"hidden\" id=\"woo3dv_show_light_source4\" value=\"off\"><br \/>\n\t<input type=\"hidden\" id=\"woo3dv_show_light_source5\" value=\"off\"><br \/>\n\t<input type=\"hidden\" id=\"woo3dv_show_light_source6\" value=\"on\"><br \/>\n\t<input type=\"hidden\" id=\"woo3dv_show_light_source7\" value=\"off\"><br \/>\n\t<input type=\"hidden\" id=\"woo3dv_show_light_source8\" value=\"off\"><br \/>\n\t<input type=\"hidden\" id=\"woo3dv_show_light_source9\" value=\"off\"><\/p>\n<p>\t<input type=\"hidden\" id=\"woo3dv_camera_position_x\" value=\"403.78930905279884\" \/><br \/>\n\t<input type=\"hidden\" id=\"woo3dv_camera_position_y\"  value=\"988.8987672975131\" \/><br \/>\n\t<input type=\"hidden\" id=\"woo3dv_camera_position_z\"  value=\"15.22007803695194\" \/><br \/>\n\t<input type=\"hidden\" id=\"woo3dv_camera_lookat_x\" value=\"-0.8056899216022494\" \/><br \/>\n\t<input type=\"hidden\" id=\"woo3dv_camera_lookat_y\"  value=\"-0.5909491211811914\" \/><br \/>\n\t<input type=\"hidden\" id=\"woo3dv_camera_lookat_z\"  value=\"-0.040532535125982094\" \/><br \/>\n\t<input type=\"hidden\" id=\"woo3dv_controls_target_x\" value=\"-266.9706506106533\" \/><br \/>\n\t<input type=\"hidden\" id=\"woo3dv_controls_target_y\" value=\"496.9166808164381\" \/><br \/>\n\t<input type=\"hidden\" id=\"woo3dv_controls_target_z\" value=\"-18.524419563432836\" \/><br \/>\n\t<input type=\"hidden\" id=\"woo3dv_offset_z\"  value=\"-4.999999418942025e-7\" \/><\/p>\n<p>\t<input type=\"hidden\" id=\"woo3dv_show_fog\"  value=\"0\" \/><br \/>\n\t<input type=\"hidden\" id=\"woo3dv_show_grid\"  value=\"off\" \/><br \/>\n\t<input type=\"hidden\" id=\"woo3dv_show_ground\"  value=\"off\" \/><br \/>\n\t<input type=\"hidden\" id=\"woo3dv_show_shadow\"  value=\"off\" \/><br \/>\n\t<input type=\"hidden\" id=\"woo3dv_background1\"  value=\"0x000000\" \/><br \/>\n\t<input type=\"hidden\" id=\"woo3dv_background_transparency\"  value=\"off\" \/><br \/>\n\t<input type=\"hidden\" id=\"woo3dv_ground_mirror\"  value=\"off\" \/><br \/>\n\t<input type=\"hidden\" id=\"woo3dv_fog_color\"  value=\"0xFFFFFF\" \/><br \/>\n\t<input type=\"hidden\" id=\"woo3dv_grid_color\"  value=\"0x898989\" \/><br \/>\n\t<input type=\"hidden\" id=\"woo3dv_ground_color\"  value=\"0xc1c1c1\" \/><br \/>\n\t<input type=\"hidden\" id=\"woo3dv_auto_rotation\"  value=\"off\" \/>\n<\/div>\n<div style=\"margin-top: 1rem\"><img decoding=\"async\" class=\"wp-image-1040 alignnone\" src=\"http:\/\/piquets-julien.fr\/wp-content\/uploads\/2022\/06\/point-dinterrogation-sur-un-fond-noir-circulaire-150x150.png\" alt=\"\" width=\"20\" height=\"20\" srcset=\"https:\/\/piquets-julien.fr\/wp-content\/uploads\/2022\/06\/point-dinterrogation-sur-un-fond-noir-circulaire-150x150.png 150w, https:\/\/piquets-julien.fr\/wp-content\/uploads\/2022\/06\/point-dinterrogation-sur-un-fond-noir-circulaire-300x300.png 300w, https:\/\/piquets-julien.fr\/wp-content\/uploads\/2022\/06\/point-dinterrogation-sur-un-fond-noir-circulaire-100x100.png 100w, https:\/\/piquets-julien.fr\/wp-content\/uploads\/2022\/06\/point-dinterrogation-sur-un-fond-noir-circulaire.png 512w\" sizes=\"(max-width: 20px) 100vw, 20px\" \/> You can interact with the 3D model<\/div>\n<\/div>","protected":false},"featured_media":933,"comment_status":"closed","ping_status":"closed","template":"","meta":{"site-sidebar-layout":"default","site-content-layout":"default","ast-global-header-display":"","ast-main-header-display":"","ast-hfb-above-header-display":"","ast-hfb-below-header-display":"","ast-hfb-mobile-header-display":"","site-post-title":"","ast-breadcrumbs-content":"","ast-featured-img":"","footer-sml-layout":"","theme-transparent-header-meta":"default","adv-header-id-meta":"","stick-header-meta":"","header-above-stick-meta":"","header-main-stick-meta":"","header-below-stick-meta":""},"product_cat":[22],"product_tag":[25],"class_list":["post-244","product","type-product","status-publish","has-post-thumbnail","hentry","product_cat-viticulture","product_tag-piquets-intermediaires"],"yoast_head":"<!-- This site is optimized with the Yoast SEO plugin v19.4 - https:\/\/yoast.com\/wordpress\/plugins\/seo\/ -->\n<title>Piquets M\u00e9talliques MULTIPIC LF50 - Piquets Julien<\/title>\n<meta name=\"description\" content=\"Situ\u00e9e \u00e0 Cairanne dans le Vaucluse la soci\u00e9t\u00e9 Julien est sp\u00e9cialis\u00e9 dans la conception de piquets m\u00e9talliques depuis plus de 30 ans.\" \/>\n<meta name=\"robots\" content=\"index, follow, max-snippet:-1, max-image-preview:large, max-video-preview:-1\" \/>\n<link rel=\"canonical\" href=\"https:\/\/piquets-julien.fr\/en\/product\/multipic-lf50\/\" \/>\n<meta property=\"og:locale\" content=\"en_GB\" \/>\n<meta property=\"og:type\" content=\"article\" \/>\n<meta property=\"og:title\" content=\"Piquets M\u00e9talliques MULTIPIC LF50 - Piquets Julien\" \/>\n<meta property=\"og:description\" content=\"Situ\u00e9e \u00e0 Cairanne dans le Vaucluse la soci\u00e9t\u00e9 Julien est sp\u00e9cialis\u00e9 dans la conception de piquets m\u00e9talliques depuis plus de 30 ans.\" \/>\n<meta property=\"og:url\" content=\"https:\/\/piquets-julien.fr\/en\/product\/multipic-lf50\/\" \/>\n<meta property=\"og:site_name\" content=\"Piquets Julien\" \/>\n<meta property=\"article:modified_time\" content=\"2022-09-23T14:14:33+00:00\" \/>\n<meta property=\"og:image\" content=\"https:\/\/piquets-julien.fr\/wp-content\/uploads\/2022\/05\/LF50-1-1.png\" \/>\n\t<meta property=\"og:image:width\" content=\"654\" \/>\n\t<meta property=\"og:image:height\" content=\"683\" \/>\n\t<meta property=\"og:image:type\" content=\"image\/png\" \/>\n<meta name=\"twitter:card\" content=\"summary_large_image\" \/>\n<meta name=\"twitter:label1\" content=\"Estimated reading time\" \/>\n\t<meta name=\"twitter:data1\" content=\"1 minute\" \/>\n<script type=\"application\/ld+json\" class=\"yoast-schema-graph\">{\"@context\":\"https:\/\/schema.org\",\"@graph\":[{\"@type\":\"WebSite\",\"@id\":\"https:\/\/piquets-julien.fr\/#website\",\"url\":\"https:\/\/piquets-julien.fr\/\",\"name\":\"Piquets Julien\",\"description\":\"Fabricant de piquets en acier profil\u00e9 adapt\u00e9s \u00e0 votre m\u00e9tier\",\"potentialAction\":[{\"@type\":\"SearchAction\",\"target\":{\"@type\":\"EntryPoint\",\"urlTemplate\":\"https:\/\/piquets-julien.fr\/?s={search_term_string}\"},\"query-input\":\"required name=search_term_string\"}],\"inLanguage\":\"en-GB\"},{\"@type\":\"WebPage\",\"@id\":\"https:\/\/piquets-julien.fr\/produit\/multipic-lf50\/\",\"url\":\"https:\/\/piquets-julien.fr\/produit\/multipic-lf50\/\",\"name\":\"Piquets M\u00e9talliques MULTIPIC LF50 - Piquets Julien\",\"isPartOf\":{\"@id\":\"https:\/\/piquets-julien.fr\/#website\"},\"datePublished\":\"2022-05-23T07:33:57+00:00\",\"dateModified\":\"2022-09-23T14:14:33+00:00\",\"description\":\"Situ\u00e9e \u00e0 Cairanne dans le Vaucluse la soci\u00e9t\u00e9 Julien est sp\u00e9cialis\u00e9 dans la conception de piquets m\u00e9talliques depuis plus de 30 ans.\",\"breadcrumb\":{\"@id\":\"https:\/\/piquets-julien.fr\/produit\/multipic-lf50\/#breadcrumb\"},\"inLanguage\":\"en-GB\",\"potentialAction\":[{\"@type\":\"ReadAction\",\"target\":[\"https:\/\/piquets-julien.fr\/produit\/multipic-lf50\/\"]}]},{\"@type\":\"BreadcrumbList\",\"@id\":\"https:\/\/piquets-julien.fr\/produit\/multipic-lf50\/#breadcrumb\",\"itemListElement\":[{\"@type\":\"ListItem\",\"position\":1,\"name\":\"Accueil\",\"item\":\"https:\/\/piquets-julien.fr\/\"},{\"@type\":\"ListItem\",\"position\":2,\"name\":\"Boutique\",\"item\":\"https:\/\/piquets-julien.fr\/boutique\/\"},{\"@type\":\"ListItem\",\"position\":3,\"name\":\"MULTIPIC LF50\"}]}]}<\/script>\n<!-- \/ Yoast SEO plugin. -->","yoast_head_json":{"title":"Piquets M\u00e9talliques MULTIPIC LF50 - Piquets Julien","description":"Situ\u00e9e \u00e0 Cairanne dans le Vaucluse la soci\u00e9t\u00e9 Julien est sp\u00e9cialis\u00e9 dans la conception de piquets m\u00e9talliques depuis plus de 30 ans.","robots":{"index":"index","follow":"follow","max-snippet":"max-snippet:-1","max-image-preview":"max-image-preview:large","max-video-preview":"max-video-preview:-1"},"canonical":"https:\/\/piquets-julien.fr\/en\/product\/multipic-lf50\/","og_locale":"en_GB","og_type":"article","og_title":"Piquets M\u00e9talliques MULTIPIC LF50 - Piquets Julien","og_description":"Situ\u00e9e \u00e0 Cairanne dans le Vaucluse la soci\u00e9t\u00e9 Julien est sp\u00e9cialis\u00e9 dans la conception de piquets m\u00e9talliques depuis plus de 30 ans.","og_url":"https:\/\/piquets-julien.fr\/en\/product\/multipic-lf50\/","og_site_name":"Piquets Julien","article_modified_time":"2022-09-23T14:14:33+00:00","og_image":[{"width":654,"height":683,"url":"https:\/\/piquets-julien.fr\/wp-content\/uploads\/2022\/05\/LF50-1-1.png","type":"image\/png"}],"twitter_card":"summary_large_image","twitter_misc":{"Estimated reading time":"1 minute"},"schema":{"@context":"https:\/\/schema.org","@graph":[{"@type":"WebSite","@id":"https:\/\/piquets-julien.fr\/#website","url":"https:\/\/piquets-julien.fr\/","name":"Piquets Julien","description":"Fabricant de piquets en acier profil\u00e9 adapt\u00e9s \u00e0 votre m\u00e9tier","potentialAction":[{"@type":"SearchAction","target":{"@type":"EntryPoint","urlTemplate":"https:\/\/piquets-julien.fr\/?s={search_term_string}"},"query-input":"required name=search_term_string"}],"inLanguage":"en-GB"},{"@type":"WebPage","@id":"https:\/\/piquets-julien.fr\/produit\/multipic-lf50\/","url":"https:\/\/piquets-julien.fr\/produit\/multipic-lf50\/","name":"Piquets M\u00e9talliques MULTIPIC LF50 - Piquets Julien","isPartOf":{"@id":"https:\/\/piquets-julien.fr\/#website"},"datePublished":"2022-05-23T07:33:57+00:00","dateModified":"2022-09-23T14:14:33+00:00","description":"Situ\u00e9e \u00e0 Cairanne dans le Vaucluse la soci\u00e9t\u00e9 Julien est sp\u00e9cialis\u00e9 dans la conception de piquets m\u00e9talliques depuis plus de 30 ans.","breadcrumb":{"@id":"https:\/\/piquets-julien.fr\/produit\/multipic-lf50\/#breadcrumb"},"inLanguage":"en-GB","potentialAction":[{"@type":"ReadAction","target":["https:\/\/piquets-julien.fr\/produit\/multipic-lf50\/"]}]},{"@type":"BreadcrumbList","@id":"https:\/\/piquets-julien.fr\/produit\/multipic-lf50\/#breadcrumb","itemListElement":[{"@type":"ListItem","position":1,"name":"Accueil","item":"https:\/\/piquets-julien.fr\/"},{"@type":"ListItem","position":2,"name":"Boutique","item":"https:\/\/piquets-julien.fr\/boutique\/"},{"@type":"ListItem","position":3,"name":"MULTIPIC LF50"}]}]}},"_links":{"self":[{"href":"https:\/\/piquets-julien.fr\/en\/wp-json\/wp\/v2\/product\/244"}],"collection":[{"href":"https:\/\/piquets-julien.fr\/en\/wp-json\/wp\/v2\/product"}],"about":[{"href":"https:\/\/piquets-julien.fr\/en\/wp-json\/wp\/v2\/types\/product"}],"replies":[{"embeddable":true,"href":"https:\/\/piquets-julien.fr\/en\/wp-json\/wp\/v2\/comments?post=244"}],"wp:featuredmedia":[{"embeddable":true,"href":"https:\/\/piquets-julien.fr\/en\/wp-json\/wp\/v2\/media\/933"}],"wp:attachment":[{"href":"https:\/\/piquets-julien.fr\/en\/wp-json\/wp\/v2\/media?parent=244"}],"wp:term":[{"taxonomy":"product_cat","embeddable":true,"href":"https:\/\/piquets-julien.fr\/en\/wp-json\/wp\/v2\/product_cat?post=244"},{"taxonomy":"product_tag","embeddable":true,"href":"https:\/\/piquets-julien.fr\/en\/wp-json\/wp\/v2\/product_tag?post=244"}],"curies":[{"name":"wp","href":"https:\/\/api.w.org\/{rel}","templated":true}]}}