{"id":28,"date":"2022-05-06T15:18:00","date_gmt":"2022-05-06T13:18:00","guid":{"rendered":"http:\/\/piquets-julien.fr\/politique-de-cookies-ue\/"},"modified":"2022-09-13T11:39:36","modified_gmt":"2022-09-13T09:39:36","slug":"politique-de-cookies-ue","status":"publish","type":"page","link":"https:\/\/piquets-julien.fr\/en\/politique-de-cookies-ue\/","title":{"rendered":"Cookie policy (EU)"},"content":{"rendered":"","protected":false},"excerpt":{"rendered":"","protected":false},"author":1,"featured_media":0,"parent":0,"menu_order":0,"comment_status":"closed","ping_status":"closed","template":"","meta":{"site-sidebar-layout":"default","site-content-layout":"default","ast-global-header-display":"","ast-main-header-display":"","ast-hfb-above-header-display":"","ast-hfb-below-header-display":"","ast-hfb-mobile-header-display":"","site-post-title":"","ast-breadcrumbs-content":"","ast-featured-img":"","footer-sml-layout":"","theme-transparent-header-meta":"","adv-header-id-meta":"","stick-header-meta":"","header-above-stick-meta":"","header-main-stick-meta":"","header-below-stick-meta":"","footnotes":""},"class_list":["post-28","page","type-page","status-publish","hentry"],"yoast_head":"<!-- This site is optimized with the Yoast SEO plugin v19.4 - https:\/\/yoast.com\/wordpress\/plugins\/seo\/ -->\n<title>Politique de cookies (UE) - Piquets Julien<\/title>\n<meta name=\"robots\" content=\"index, follow, max-snippet:-1, max-image-preview:large, max-video-preview:-1\" \/>\n<link rel=\"canonical\" href=\"https:\/\/piquets-julien.fr\/en\/politique-de-cookies-ue\/\" \/>\n<meta property=\"og:locale\" content=\"en_GB\" \/>\n<meta property=\"og:type\" content=\"article\" \/>\n<meta property=\"og:title\" content=\"Politique de cookies (UE) - Piquets Julien\" \/>\n<meta property=\"og:url\" content=\"https:\/\/piquets-julien.fr\/en\/politique-de-cookies-ue\/\" \/>\n<meta property=\"og:site_name\" content=\"Piquets Julien\" \/>\n<meta property=\"article:modified_time\" content=\"2022-09-13T09:39:36+00:00\" \/>\n<meta name=\"twitter:card\" content=\"summary_large_image\" \/>\n<script type=\"application\/ld+json\" class=\"yoast-schema-graph\">{\"@context\":\"https:\/\/schema.org\",\"@graph\":[{\"@type\":\"WebSite\",\"@id\":\"https:\/\/piquets-julien.fr\/#website\",\"url\":\"https:\/\/piquets-julien.fr\/\",\"name\":\"Piquets Julien\",\"description\":\"Fabricant de piquets en acier profil\u00e9 adapt\u00e9s \u00e0 votre m\u00e9tier\",\"potentialAction\":[{\"@type\":\"SearchAction\",\"target\":{\"@type\":\"EntryPoint\",\"urlTemplate\":\"https:\/\/piquets-julien.fr\/?s={search_term_string}\"},\"query-input\":\"required name=search_term_string\"}],\"inLanguage\":\"en-GB\"},{\"@type\":\"WebPage\",\"@id\":\"https:\/\/piquets-julien.fr\/politique-de-cookies-ue\/\",\"url\":\"https:\/\/piquets-julien.fr\/politique-de-cookies-ue\/\",\"name\":\"Politique de cookies (UE) - Piquets Julien\",\"isPartOf\":{\"@id\":\"https:\/\/piquets-julien.fr\/#website\"},\"datePublished\":\"2022-05-06T13:18:00+00:00\",\"dateModified\":\"2022-09-13T09:39:36+00:00\",\"breadcrumb\":{\"@id\":\"https:\/\/piquets-julien.fr\/politique-de-cookies-ue\/#breadcrumb\"},\"inLanguage\":\"en-GB\",\"potentialAction\":[{\"@type\":\"ReadAction\",\"target\":[\"https:\/\/piquets-julien.fr\/politique-de-cookies-ue\/\"]}]},{\"@type\":\"BreadcrumbList\",\"@id\":\"https:\/\/piquets-julien.fr\/politique-de-cookies-ue\/#breadcrumb\",\"itemListElement\":[{\"@type\":\"ListItem\",\"position\":1,\"name\":\"Accueil\",\"item\":\"https:\/\/piquets-julien.fr\/\"},{\"@type\":\"ListItem\",\"position\":2,\"name\":\"Politique de cookies (UE)\"}]}]}<\/script>\n<!-- \/ Yoast SEO plugin. -->","yoast_head_json":{"title":"Politique de cookies (UE) - Piquets Julien","robots":{"index":"index","follow":"follow","max-snippet":"max-snippet:-1","max-image-preview":"max-image-preview:large","max-video-preview":"max-video-preview:-1"},"canonical":"https:\/\/piquets-julien.fr\/en\/politique-de-cookies-ue\/","og_locale":"en_GB","og_type":"article","og_title":"Politique de cookies (UE) - Piquets Julien","og_url":"https:\/\/piquets-julien.fr\/en\/politique-de-cookies-ue\/","og_site_name":"Piquets Julien","article_modified_time":"2022-09-13T09:39:36+00:00","twitter_card":"summary_large_image","schema":{"@context":"https:\/\/schema.org","@graph":[{"@type":"WebSite","@id":"https:\/\/piquets-julien.fr\/#website","url":"https:\/\/piquets-julien.fr\/","name":"Piquets Julien","description":"Fabricant de piquets en acier profil\u00e9 adapt\u00e9s \u00e0 votre m\u00e9tier","potentialAction":[{"@type":"SearchAction","target":{"@type":"EntryPoint","urlTemplate":"https:\/\/piquets-julien.fr\/?s={search_term_string}"},"query-input":"required name=search_term_string"}],"inLanguage":"en-GB"},{"@type":"WebPage","@id":"https:\/\/piquets-julien.fr\/politique-de-cookies-ue\/","url":"https:\/\/piquets-julien.fr\/politique-de-cookies-ue\/","name":"Politique de cookies (UE) - Piquets Julien","isPartOf":{"@id":"https:\/\/piquets-julien.fr\/#website"},"datePublished":"2022-05-06T13:18:00+00:00","dateModified":"2022-09-13T09:39:36+00:00","breadcrumb":{"@id":"https:\/\/piquets-julien.fr\/politique-de-cookies-ue\/#breadcrumb"},"inLanguage":"en-GB","potentialAction":[{"@type":"ReadAction","target":["https:\/\/piquets-julien.fr\/politique-de-cookies-ue\/"]}]},{"@type":"BreadcrumbList","@id":"https:\/\/piquets-julien.fr\/politique-de-cookies-ue\/#breadcrumb","itemListElement":[{"@type":"ListItem","position":1,"name":"Accueil","item":"https:\/\/piquets-julien.fr\/"},{"@type":"ListItem","position":2,"name":"Politique de cookies (UE)"}]}]}},"_links":{"self":[{"href":"https:\/\/piquets-julien.fr\/en\/wp-json\/wp\/v2\/pages\/28"}],"collection":[{"href":"https:\/\/piquets-julien.fr\/en\/wp-json\/wp\/v2\/pages"}],"about":[{"href":"https:\/\/piquets-julien.fr\/en\/wp-json\/wp\/v2\/types\/page"}],"author":[{"embeddable":true,"href":"https:\/\/piquets-julien.fr\/en\/wp-json\/wp\/v2\/users\/1"}],"replies":[{"embeddable":true,"href":"https:\/\/piquets-julien.fr\/en\/wp-json\/wp\/v2\/comments?post=28"}],"version-history":[{"count":1,"href":"https:\/\/piquets-julien.fr\/en\/wp-json\/wp\/v2\/pages\/28\/revisions"}],"predecessor-version":[{"id":1700,"href":"https:\/\/piquets-julien.fr\/en\/wp-json\/wp\/v2\/pages\/28\/revisions\/1700"}],"wp:attachment":[{"href":"https:\/\/piquets-julien.fr\/en\/wp-json\/wp\/v2\/media?parent=28"}],"curies":[{"name":"wp","href":"https:\/\/api.w.org\/{rel}","templated":true}]}}