{"id":1719,"date":"2022-09-02T13:57:51","date_gmt":"2022-09-02T11:57:51","guid":{"rendered":"http:\/\/piquets-julien.fr\/?page_id=1719"},"modified":"2023-02-27T12:15:58","modified_gmt":"2023-02-27T11:15:58","slug":"mentions-legales","status":"publish","type":"page","link":"https:\/\/piquets-julien.fr\/en\/mentions-legales\/","title":{"rendered":"Legal information"},"content":{"rendered":"<div data-elementor-type=\"wp-page\" data-elementor-id=\"1719\" class=\"elementor elementor-1719\">\n\t\t\t\t\t\t\t\t\t<section class=\"elementor-section elementor-top-section elementor-element elementor-element-189043d2 elementor-section-boxed elementor-section-height-default elementor-section-height-default\" data-id=\"189043d2\" data-element_type=\"section\">\n\t\t\t\t\t\t<div class=\"elementor-container elementor-column-gap-default\">\n\t\t\t\t\t<div class=\"elementor-column elementor-col-100 elementor-top-column elementor-element elementor-element-2578ef75\" data-id=\"2578ef75\" data-element_type=\"column\">\n\t\t\t<div class=\"elementor-widget-wrap elementor-element-populated\">\n\t\t\t\t\t\t\t\t<div class=\"elementor-element elementor-element-43e20e38 elementor-widget elementor-widget-heading\" data-id=\"43e20e38\" data-element_type=\"widget\" data-widget_type=\"heading.default\">\n\t\t\t\t<div class=\"elementor-widget-container\">\n\t\t\t<style>\/*! elementor - v3.6.8 - 27-07-2022 *\/\n.elementor-heading-title{padding:0;margin:0;line-height:1}.elementor-widget-heading .elementor-heading-title[class*=elementor-size-]>a{color:inherit;font-size:inherit;line-height:inherit}.elementor-widget-heading .elementor-heading-title.elementor-size-small{font-size:15px}.elementor-widget-heading .elementor-heading-title.elementor-size-medium{font-size:19px}.elementor-widget-heading .elementor-heading-title.elementor-size-large{font-size:29px}.elementor-widget-heading .elementor-heading-title.elementor-size-xl{font-size:39px}.elementor-widget-heading .elementor-heading-title.elementor-size-xxl{font-size:59px}<\/style><h1 class=\"elementor-heading-title elementor-size-default\">Legal information<\/h1>\t\t<\/div>\n\t\t\t\t<\/div>\n\t\t\t\t<div class=\"elementor-element elementor-element-18fe9e51 elementor-widget elementor-widget-text-editor\" data-id=\"18fe9e51\" data-element_type=\"widget\" data-widget_type=\"text-editor.default\">\n\t\t\t\t<div class=\"elementor-widget-container\">\n\t\t\t<style>\/*! elementor - v3.6.8 - 27-07-2022 *\/\n.elementor-widget-text-editor.elementor-drop-cap-view-stacked .elementor-drop-cap{background-color:#818a91;color:#fff}.elementor-widget-text-editor.elementor-drop-cap-view-framed .elementor-drop-cap{color:#818a91;border:3px solid;background-color:transparent}.elementor-widget-text-editor:not(.elementor-drop-cap-view-default) .elementor-drop-cap{margin-top:8px}.elementor-widget-text-editor:not(.elementor-drop-cap-view-default) .elementor-drop-cap-letter{width:1em;height:1em}.elementor-widget-text-editor .elementor-drop-cap{float:left;text-align:center;line-height:1;font-size:50px}.elementor-widget-text-editor .elementor-drop-cap-letter{display:inline-block}<\/style>\t\t\t\t<p><!-- wp:paragraph --><\/p><p>Please read carefully the various terms and conditions of use of this site. By connecting to this site, you accept these terms without reservation. Also, in accordance with article n\u00b06 of the Law n\u00b02004-575 of 21 June 2004 for confidence in the digital economy, those responsible for this website <a href=\"https:\/\/piquets-julien.fr\/en\/\">http:\/\/piquets-julien.fr\/<\/a> are :<\/p><p><!-- \/wp:paragraph --> <!-- wp:paragraph {\"fontSize\":\"medium\"} --><\/p><p class=\"has-medium-font-size\"><strong>Website editor :<\/strong><\/p><p><!-- \/wp:paragraph --> <!-- wp:paragraph --><\/p><p>Name : SAS JULIEN<\/p><p><!-- \/wp:paragraph --> <!-- wp:paragraph --><\/p><p>Address : 85 Chemin du thor, 84290 Cairanne<\/p><p><!-- \/wp:paragraph --> <!-- wp:paragraph --><\/p><p>Telephone: 04 90 30 80 96<\/p><p><!-- \/wp:paragraph --> <!-- wp:paragraph --><\/p><p>Intra-Community VAT number FR 20 401 233 648<\/p><p><!-- \/wp:paragraph --> <!-- wp:paragraph --><\/p><p>Share capital: 251,200 euros<\/p><p><!-- \/wp:paragraph --> <!-- wp:paragraph --><\/p><p>SIREN : 401233648<\/p><p><!-- \/wp:paragraph --> <!-- wp:paragraph --><\/p><p><!-- \/wp:paragraph --> <!-- wp:paragraph {\"fontSize\":\"medium\"} --><\/p><p class=\"has-medium-font-size\"><strong>Hosted by :<\/strong><\/p><p><!-- \/wp:paragraph --> <!-- wp:paragraph --><\/p><p>OVH<\/p><p><!-- \/wp:paragraph --> <!-- wp:paragraph --><\/p><p>2 rue Kellermann<\/p><p><!-- \/wp:paragraph --> <!-- wp:paragraph --><\/p><p>59100 Roubaix<\/p><p><!-- \/wp:paragraph --> <!-- wp:paragraph --><\/p><p><!-- \/wp:paragraph --> <!-- wp:paragraph {\"fontSize\":\"medium\"} --><\/p><p class=\"has-medium-font-size\"><strong>Development :<\/strong><\/p><p><!-- \/wp:paragraph --> <!-- wp:paragraph --><\/p><p>ARG Solutions<\/p><p><!-- \/wp:paragraph --> <!-- wp:paragraph --><\/p><p>120 rue Jean DAUSSET<\/p><p><!-- \/wp:paragraph --> <!-- wp:paragraph --><\/p><p>84140 Avignon<\/p><p><!-- \/wp:paragraph --> <!-- wp:paragraph --><\/p><p><!-- \/wp:paragraph --> <!-- wp:paragraph {\"fontSize\":\"medium\"} --><\/p><p class=\"has-medium-font-size\"><strong>Intellectual property<\/strong><\/p><p><!-- \/wp:paragraph --> <!-- wp:paragraph --><\/p><p>All texts on the site are the property of the site editor.<\/p><p><!-- \/wp:paragraph --> <!-- wp:paragraph --><\/p><p>Pixabay, SAS JULIEN<\/p><p><!-- \/wp:paragraph --> <!-- wp:paragraph --><\/p><p><!-- \/wp:paragraph --> <!-- wp:paragraph {\"fontSize\":\"medium\"} --><\/p><p class=\"has-medium-font-size\"><strong>Terms of use :<\/strong><\/p><p><!-- \/wp:paragraph --> <!-- wp:paragraph --><\/p><p>The publisher of the site uses all the means at its disposal to ensure reliable information and updating of its website. However, errors or omissions may occur. The Internet user must therefore ensure the accuracy of the information provided by SAS JULIEN, and report any changes to the site that he or she considers useful. SAS JULIEN is in no way responsible for the use made of this information, and for any direct or indirect prejudice that may result from it.<\/p><p><!-- \/wp:paragraph --> <!-- wp:paragraph --><\/p><p>Cookies : The http:\/\/piquets-julien.fr\/ website may ask you to accept cookies for statistical and display purposes. A cookie is a piece of information placed on your hard drive by the server of the site you are visiting. It contains several pieces of data that are stored on your computer in a simple text file that a server accesses to read and record information. Some parts of this site cannot be used without accepting cookies.<\/p><p><!-- \/wp:paragraph --> <!-- wp:paragraph --><\/p><p>Hyperlinks: The website may offer links to other websites or other resources available on the Internet. The site editor has no means of controlling the sites connected to its websites. It does not guarantee the availability of such external sites and sources. It cannot be held responsible for any damage, of any nature whatsoever, resulting from the content of these sites or external sources, and in particular from the information, products or services they offer, or from any use that may be made of these elements. The risks associated with this use are fully incumbent on the Internet user, who must comply with their conditions of use.<\/p><p><!-- \/wp:paragraph --> <!-- wp:paragraph --><\/p><p>Users, subscribers and visitors to the site may not set up a hyperlink to this site without the express prior authorisation of the site editor.<\/p><p><!-- \/wp:paragraph --> <!-- wp:paragraph --><\/p><p>In the event that a user or visitor wishes to set up a hyperlink to this website, he\/she should send an email accessible on the site in order to formulate his\/her request to set up a hyperlink. The site editor reserves the right to accept or refuse a hyperlink without having to justify his decision.<\/p><p><!-- \/wp:paragraph --> <!-- wp:paragraph --><\/p><p><!-- \/wp:paragraph --> <!-- wp:paragraph {\"fontSize\":\"medium\"} --><\/p><p class=\"has-medium-font-size\"><strong>Services provided :<\/strong><\/p><p><!-- \/wp:paragraph --> <!-- wp:paragraph --><\/p><p>All of the company's activities and information are presented on our website http:\/\/piquets-julien.fr\/.<\/p><p><!-- \/wp:paragraph --> <!-- wp:paragraph --><\/p><p>The publisher of the site endeavours to provide information on the site http:\/\/piquets-julien.fr\/ that is as accurate as possible. The information on the http:\/\/piquets-julien.fr\/ site is not exhaustive and the photos are not contractual. It is given subject to modifications having been made since it was put on line. Furthermore, all information on the http:\/\/piquets-julien.fr\/ website is given as an indication and is likely to change or evolve without notice.<\/p><p><!-- \/wp:paragraph --> <!-- wp:paragraph --><\/p><p><!-- \/wp:paragraph --> <!-- wp:paragraph {\"fontSize\":\"medium\"} --><\/p><p class=\"has-medium-font-size\"><strong>Contractual limitations on data :<\/strong><\/p><p><!-- \/wp:paragraph --> <!-- wp:paragraph --><\/p><p>The information contained on this site is as accurate as possible and the site is updated at different times of the year, but may contain inaccuracies or omissions. If you notice a gap, error or what seems to be a malfunction, please report it by email to the site editor, describing the problem as precisely as possible (page causing the problem, type of computer and browser used, etc.).<\/p><p><!-- \/wp:paragraph --> <!-- wp:paragraph --><\/p><p><!-- \/wp:paragraph --> <!-- wp:paragraph {\"fontSize\":\"medium\"} --><\/p><p class=\"has-medium-font-size\"><strong>Intellectual property :<\/strong><\/p><p><!-- \/wp:paragraph --> <!-- wp:paragraph --><\/p><p>All the content of the present website http:\/\/piquets-julien.fr\/, including, but not limited to, graphics, images, texts, videos, animations, sounds, logos, gifs and icons, as well as their layout, are the exclusive property of the company, with the exception of trademarks, logos or content belonging to other partner companies or authors.<\/p><p><!-- \/wp:paragraph --> <!-- wp:paragraph --><\/p><p>Any reproduction, distribution, modification, adaptation, retransmission or publication, even partial, of these various elements is strictly forbidden without the express written consent of the site editor. This representation or reproduction, by any means whatsoever, constitutes an infringement punishable by articles L.335-2 and following of the Intellectual Property Code. Failure to comply with this prohibition constitutes an infringement that may incur the civil and criminal liability of the infringer. In addition, the owners of the copied content may take legal action against you.<\/p><p><!-- \/wp:paragraph --> <!-- wp:paragraph --><\/p><p><!-- \/wp:paragraph --> <!-- wp:paragraph {\"fontSize\":\"medium\"} --><\/p><p class=\"has-medium-font-size\"><strong>Declaration to the CNIL :<\/strong><\/p><p><!-- \/wp:paragraph --> <!-- wp:paragraph --><\/p><p>In accordance with law 78-17 of 6 January 1978 (amended by law 2004-801 of 6 August 2004 on the protection of individuals with regard to the processing of personal data) relating to information technology, files and freedoms, this site has been declared to the Commission nationale de l'informatique et des libert\u00e9s (www.cnil.fr).<\/p><p><!-- \/wp:paragraph --> <!-- wp:paragraph --><\/p><p><!-- \/wp:paragraph --> <!-- wp:paragraph {\"fontSize\":\"medium\"} --><\/p><p class=\"has-medium-font-size\"><strong>Litigation :<\/strong><\/p><p><!-- \/wp:paragraph --> <!-- wp:paragraph --><\/p><p>The present terms and conditions of the http:\/\/piquets-julien.fr\/ website are governed by French law and any dispute or litigation that may arise from the interpretation or execution of these terms and conditions shall be under the exclusive jurisdiction of the courts of the company's registered office. The reference language for the settlement of any disputes is French.<\/p><p><!-- \/wp:paragraph --> <!-- wp:paragraph --><\/p><p><!-- \/wp:paragraph --> <!-- wp:paragraph {\"fontSize\":\"medium\"} --><\/p><p class=\"has-medium-font-size\"><strong>Personal data :<\/strong><\/p><p><!-- \/wp:paragraph --> <!-- wp:paragraph --><\/p><p>In general, you are not required to provide us with any personal data when you visit our website http:\/\/piquets-julien.fr\/<\/p><p><!-- \/wp:paragraph --> <!-- wp:paragraph --><\/p><p>However, there are some exceptions to this principle. Indeed, for certain services offered by our site, you may be required to communicate certain data to us such as: first and last name, postcode, e-mail, telephone, company and profession. This is the case when you fill in the form offered online, in the \"contact\" section. In any case, you can refuse to provide your personal data. In this case, you will not be able to use the services of the site, in particular that of requesting information on our company, or of receiving the newsletters.<\/p><p><!-- \/wp:paragraph --> <!-- wp:paragraph --><\/p><p>Finally, we may automatically collect certain information about you when you browse our website, including: information about the use of our site, such as the areas you visit and the services you access, your IP address, your browser type, and your access times. Such information is used exclusively for internal statistical purposes, in order to improve the quality of the services offered to you. The databases are protected by the provisions of the law of 1 July 1998 transposing directive 96\/9 of 11 March 1996 on the legal protection of databases.<\/p><p><!-- \/wp:paragraph --><\/p>\t\t\t\t\t\t<\/div>\n\t\t\t\t<\/div>\n\t\t\t\t\t<\/div>\n\t\t<\/div>\n\t\t\t\t\t\t\t<\/div>\n\t\t<\/section>\n\t\t\t\t\t\t\t<\/div>","protected":false},"excerpt":{"rendered":"<p>Legal information Please read carefully the different terms of use of this site. By connecting to this site, you accept these terms without reservation. Also, in accordance with article n\u00b06 of the Law n\u00b02004-575 of 21 June 2004 for confidence in the digital economy, the persons responsible for this website http:\/\/piquets-julien.fr\/ are: ...<\/p>\n<p class=\"read-more\"> <a class=\"\" href=\"https:\/\/piquets-julien.fr\/en\/mentions-legales\/\"> <span class=\"screen-reader-text\">Legal information<\/span> Read More \"<\/a><\/p>","protected":false},"author":3,"featured_media":0,"parent":0,"menu_order":0,"comment_status":"closed","ping_status":"closed","template":"","meta":{"site-sidebar-layout":"no-sidebar","site-content-layout":"page-builder","ast-global-header-display":"","ast-main-header-display":"","ast-hfb-above-header-display":"","ast-hfb-below-header-display":"","ast-hfb-mobile-header-display":"","site-post-title":"disabled","ast-breadcrumbs-content":"","ast-featured-img":"disabled","footer-sml-layout":"","theme-transparent-header-meta":"","adv-header-id-meta":"","stick-header-meta":"","header-above-stick-meta":"","header-main-stick-meta":"","header-below-stick-meta":"","footnotes":""},"class_list":["post-1719","page","type-page","status-publish","hentry"],"yoast_head":"<!-- This site is optimized with the Yoast SEO plugin v19.4 - https:\/\/yoast.com\/wordpress\/plugins\/seo\/ -->\n<title>Piquets Julien - Mentions l\u00e9gales<\/title>\n<meta name=\"description\" content=\"Retrouvez ici les mentions l\u00e9gales du site Piquets Julien. Pour toute demande de renseignement, merci d&#039;utiliser le formulaire de contact.\" \/>\n<meta name=\"robots\" content=\"index, follow, max-snippet:-1, max-image-preview:large, max-video-preview:-1\" \/>\n<link rel=\"canonical\" href=\"https:\/\/piquets-julien.fr\/en\/mentions-legales\/\" \/>\n<meta property=\"og:locale\" content=\"en_GB\" \/>\n<meta property=\"og:type\" content=\"article\" \/>\n<meta property=\"og:title\" content=\"Piquets Julien - Mentions l\u00e9gales\" \/>\n<meta property=\"og:description\" content=\"Retrouvez ici les mentions l\u00e9gales du site Piquets Julien. Pour toute demande de renseignement, merci d&#039;utiliser le formulaire de contact.\" \/>\n<meta property=\"og:url\" content=\"https:\/\/piquets-julien.fr\/en\/mentions-legales\/\" \/>\n<meta property=\"og:site_name\" content=\"Piquets Julien\" \/>\n<meta property=\"article:modified_time\" content=\"2023-02-27T11:15:58+00:00\" \/>\n<meta name=\"twitter:card\" content=\"summary_large_image\" \/>\n<meta name=\"twitter:label1\" content=\"Estimated reading time\" \/>\n\t<meta name=\"twitter:data1\" content=\"6 minutes\" \/>\n<script type=\"application\/ld+json\" class=\"yoast-schema-graph\">{\"@context\":\"https:\/\/schema.org\",\"@graph\":[{\"@type\":\"WebSite\",\"@id\":\"https:\/\/piquets-julien.fr\/#website\",\"url\":\"https:\/\/piquets-julien.fr\/\",\"name\":\"Piquets Julien\",\"description\":\"Fabricant de piquets en acier profil\u00e9 adapt\u00e9s \u00e0 votre m\u00e9tier\",\"potentialAction\":[{\"@type\":\"SearchAction\",\"target\":{\"@type\":\"EntryPoint\",\"urlTemplate\":\"https:\/\/piquets-julien.fr\/?s={search_term_string}\"},\"query-input\":\"required name=search_term_string\"}],\"inLanguage\":\"en-GB\"},{\"@type\":\"WebPage\",\"@id\":\"https:\/\/piquets-julien.fr\/mentions-legales\/\",\"url\":\"https:\/\/piquets-julien.fr\/mentions-legales\/\",\"name\":\"Piquets Julien - Mentions l\u00e9gales\",\"isPartOf\":{\"@id\":\"https:\/\/piquets-julien.fr\/#website\"},\"datePublished\":\"2022-09-02T11:57:51+00:00\",\"dateModified\":\"2023-02-27T11:15:58+00:00\",\"description\":\"Retrouvez ici les mentions l\u00e9gales du site Piquets Julien. Pour toute demande de renseignement, merci d'utiliser le formulaire de contact.\",\"breadcrumb\":{\"@id\":\"https:\/\/piquets-julien.fr\/mentions-legales\/#breadcrumb\"},\"inLanguage\":\"en-GB\",\"potentialAction\":[{\"@type\":\"ReadAction\",\"target\":[\"https:\/\/piquets-julien.fr\/mentions-legales\/\"]}]},{\"@type\":\"BreadcrumbList\",\"@id\":\"https:\/\/piquets-julien.fr\/mentions-legales\/#breadcrumb\",\"itemListElement\":[{\"@type\":\"ListItem\",\"position\":1,\"name\":\"Accueil\",\"item\":\"https:\/\/piquets-julien.fr\/\"},{\"@type\":\"ListItem\",\"position\":2,\"name\":\"Mentions l\u00e9gales\"}]}]}<\/script>\n<!-- \/ Yoast SEO plugin. -->","yoast_head_json":{"title":"Piquets Julien - Mentions l\u00e9gales","description":"Retrouvez ici les mentions l\u00e9gales du site Piquets Julien. Pour toute demande de renseignement, merci d'utiliser le formulaire de contact.","robots":{"index":"index","follow":"follow","max-snippet":"max-snippet:-1","max-image-preview":"max-image-preview:large","max-video-preview":"max-video-preview:-1"},"canonical":"https:\/\/piquets-julien.fr\/en\/mentions-legales\/","og_locale":"en_GB","og_type":"article","og_title":"Piquets Julien - Mentions l\u00e9gales","og_description":"Retrouvez ici les mentions l\u00e9gales du site Piquets Julien. Pour toute demande de renseignement, merci d'utiliser le formulaire de contact.","og_url":"https:\/\/piquets-julien.fr\/en\/mentions-legales\/","og_site_name":"Piquets Julien","article_modified_time":"2023-02-27T11:15:58+00:00","twitter_card":"summary_large_image","twitter_misc":{"Estimated reading time":"6 minutes"},"schema":{"@context":"https:\/\/schema.org","@graph":[{"@type":"WebSite","@id":"https:\/\/piquets-julien.fr\/#website","url":"https:\/\/piquets-julien.fr\/","name":"Piquets Julien","description":"Fabricant de piquets en acier profil\u00e9 adapt\u00e9s \u00e0 votre m\u00e9tier","potentialAction":[{"@type":"SearchAction","target":{"@type":"EntryPoint","urlTemplate":"https:\/\/piquets-julien.fr\/?s={search_term_string}"},"query-input":"required name=search_term_string"}],"inLanguage":"en-GB"},{"@type":"WebPage","@id":"https:\/\/piquets-julien.fr\/mentions-legales\/","url":"https:\/\/piquets-julien.fr\/mentions-legales\/","name":"Piquets Julien - Mentions l\u00e9gales","isPartOf":{"@id":"https:\/\/piquets-julien.fr\/#website"},"datePublished":"2022-09-02T11:57:51+00:00","dateModified":"2023-02-27T11:15:58+00:00","description":"Retrouvez ici les mentions l\u00e9gales du site Piquets Julien. Pour toute demande de renseignement, merci d'utiliser le formulaire de contact.","breadcrumb":{"@id":"https:\/\/piquets-julien.fr\/mentions-legales\/#breadcrumb"},"inLanguage":"en-GB","potentialAction":[{"@type":"ReadAction","target":["https:\/\/piquets-julien.fr\/mentions-legales\/"]}]},{"@type":"BreadcrumbList","@id":"https:\/\/piquets-julien.fr\/mentions-legales\/#breadcrumb","itemListElement":[{"@type":"ListItem","position":1,"name":"Accueil","item":"https:\/\/piquets-julien.fr\/"},{"@type":"ListItem","position":2,"name":"Mentions l\u00e9gales"}]}]}},"_links":{"self":[{"href":"https:\/\/piquets-julien.fr\/en\/wp-json\/wp\/v2\/pages\/1719"}],"collection":[{"href":"https:\/\/piquets-julien.fr\/en\/wp-json\/wp\/v2\/pages"}],"about":[{"href":"https:\/\/piquets-julien.fr\/en\/wp-json\/wp\/v2\/types\/page"}],"author":[{"embeddable":true,"href":"https:\/\/piquets-julien.fr\/en\/wp-json\/wp\/v2\/users\/3"}],"replies":[{"embeddable":true,"href":"https:\/\/piquets-julien.fr\/en\/wp-json\/wp\/v2\/comments?post=1719"}],"version-history":[{"count":5,"href":"https:\/\/piquets-julien.fr\/en\/wp-json\/wp\/v2\/pages\/1719\/revisions"}],"predecessor-version":[{"id":3412,"href":"https:\/\/piquets-julien.fr\/en\/wp-json\/wp\/v2\/pages\/1719\/revisions\/3412"}],"wp:attachment":[{"href":"https:\/\/piquets-julien.fr\/en\/wp-json\/wp\/v2\/media?parent=1719"}],"curies":[{"name":"wp","href":"https:\/\/api.w.org\/{rel}","templated":true}]}}