{"id":719,"date":"2022-06-22T16:32:37","date_gmt":"2022-06-22T14:32:37","guid":{"rendered":"http:\/\/piquets-julien.fr\/?post_type=product&#038;p=719"},"modified":"2022-09-05T14:39:19","modified_gmt":"2022-09-05T12:39:19","slug":"ecarteur","status":"publish","type":"product","link":"https:\/\/piquets-julien.fr\/de\/produkt\/ecarteur\/","title":{"rendered":"MOBILER RETRAKTOR AITOR"},"content":{"rendered":"<p><iframe title=\"YouTube-Videoplayer\" src=\"https:\/\/www.youtube-nocookie.com\/embed\/RnyOCohWoXc\" width=\"560\" height=\"315\" frameborder=\"0\" allowfullscreen=\"allowfullscreen\"><span data-mce-type=\"bookmark\" style=\"display: inline-block; width: 0px; overflow: hidden; line-height: 0;\" class=\"mce_SELRES_start\"><\/span><\/iframe><\/p>\n<p>Nur f\u00fcr Pfahl L30 geeignet. Das Design des mobilen Abstandshalters erm\u00f6glicht es, mit einem einfachen Handgriff entlang des Pfahls nach unten oder oben zu fahren. Der Verschluss erfolgt auf der R\u00fcckseite des Pfahls. Er l\u00e4sst sich sehr schnell auf der gew\u00fcnschten H\u00f6he positionieren. Erm\u00f6glicht so die Anpassung an die L\u00e4nge der Reben beim Anheben.<\/p>\n<p>&nbsp;<\/p>\n<p><a class=\"fasc-button fasc-size-medium fasc-type-flat fasc-rounded-medium ico-fa fasc-ico-before fa-share\" style=\"background-color: #33809e; color: #ffffff;\" target=\"_blank\" rel=\"noopener\" href=\"http:\/\/piquets-julien.fr\/wp-content\/uploads\/2022\/06\/test-sa-julien-22-23.pdf\">DATENBLATT<\/a>&nbsp;<a class=\"fasc-button fasc-size-medium fasc-type-flat ico-fa fasc-ico-before fa-share\" style=\"background-color: #33809e; color: #ffffff;\" target=\"_blank\" rel=\"noopener\" href=\"http:\/\/piquets-julien.fr\/wp-content\/uploads\/2022\/06\/julien-SAS-catalogue-3.pdf\">DEN GESAMTEN KATALOG ANSEHEN<\/a><\/p>","protected":false},"excerpt":{"rendered":"<div style=\"display: flex; flex-direction: column; align-items: center;\">\n<div style=\"display: flex; justify-content: center;\">\n<div id=\"woo3dv-viewer\" style=\"max-width:500px;max-height:500px;\">\n<div class=\"woo3dv-canvas-wrapper\">\n\t\t\t<canvas id=\"woo3dv-cv\" class=\"woo3dv-canvas woo3dv-canvas-borderless\" width=\"500\" height=\"500\"><\/canvas><\/p>\n<div id=\"woo3dv-file-loading\">\n\t\t\t\t<img decoding=\"async\" alt=\"Loading file\" src=\"http:\/\/piquets-julien.fr\/wp-content\/uploads\/2022\/09\/Logo-Julien2017-transparent-blanc.png\">\n\t\t\t<\/div>\n<\/p><\/div>\n<\/p><\/div>\n<p>\t<input type=\"hidden\" id=\"woo3dv_model_url\" value=\"\/\/piquets-julien.fr\/wp-content\/uploads\/2022\/07\/ECARTEUR.stl\"><br \/>\n\t<input type=\"hidden\" id=\"woo3dv_model_mtl\" value=\"\"><br \/>\n\t<input type=\"hidden\" id=\"woo3dv_model_gif\" value=\"\"><\/p>\n<p>\t<input type=\"hidden\" id=\"woo3dv_upload_url\" value=\"\/\/piquets-julien.fr\/wp-content\/uploads\/2022\/07\/\" \/><br \/>\n\t<input type=\"hidden\" id=\"woo3dv_model_color\" value=\"0xffffff\"><br \/>\n\t<input type=\"hidden\" id=\"woo3dv_model_shininess\" value=\"metal\"><br \/>\n\t<input type=\"hidden\" id=\"woo3dv_model_transparency\" value=\"opaque\"><\/p>\n<p>\t<input type=\"hidden\" id=\"woo3dv_model_rotation_x\" value=\"0\"><br \/>\n\t<input type=\"hidden\" id=\"woo3dv_model_rotation_y\" value=\"0\"><br \/>\n\t<input type=\"hidden\" id=\"woo3dv_model_rotation_z\" value=\"0\"><\/p>\n<p>\t<input type=\"hidden\" id=\"woo3dv_show_light_source1\" value=\"off\"><br \/>\n\t<input type=\"hidden\" id=\"woo3dv_show_light_source2\" value=\"on\"><br \/>\n\t<input type=\"hidden\" id=\"woo3dv_show_light_source3\" value=\"off\"><br \/>\n\t<input type=\"hidden\" id=\"woo3dv_show_light_source4\" value=\"off\"><br \/>\n\t<input type=\"hidden\" id=\"woo3dv_show_light_source5\" value=\"off\"><br \/>\n\t<input type=\"hidden\" id=\"woo3dv_show_light_source6\" value=\"on\"><br \/>\n\t<input type=\"hidden\" id=\"woo3dv_show_light_source7\" value=\"off\"><br \/>\n\t<input type=\"hidden\" id=\"woo3dv_show_light_source8\" value=\"off\"><br \/>\n\t<input type=\"hidden\" id=\"woo3dv_show_light_source9\" value=\"off\"><\/p>\n<p>\t<input type=\"hidden\" id=\"woo3dv_camera_position_x\" value=\"-269.5151865795332\" \/><br \/>\n\t<input type=\"hidden\" id=\"woo3dv_camera_position_y\"  value=\"457.806412417601\" \/><br \/>\n\t<input type=\"hidden\" id=\"woo3dv_camera_position_z\"  value=\"588.672223486339\" \/><br \/>\n\t<input type=\"hidden\" id=\"woo3dv_camera_lookat_x\" value=\"0.33989184358659946\" \/><br \/>\n\t<input type=\"hidden\" id=\"woo3dv_camera_lookat_y\"  value=\"-0.577350269189625\" \/><br \/>\n\t<input type=\"hidden\" id=\"woo3dv_camera_lookat_z\"  value=\"-0.7423881742929168\" \/><br \/>\n\t<input type=\"hidden\" id=\"woo3dv_controls_target_x\" value=\"0\" \/><br \/>\n\t<input type=\"hidden\" id=\"woo3dv_controls_target_y\" value=\"0\" \/><br \/>\n\t<input type=\"hidden\" id=\"woo3dv_controls_target_z\" value=\"0\" \/><br \/>\n\t<input type=\"hidden\" id=\"woo3dv_offset_z\"  value=\"-2.1316282072803006e-14\" \/><\/p>\n<p>\t<input type=\"hidden\" id=\"woo3dv_show_fog\"  value=\"0\" \/><br \/>\n\t<input type=\"hidden\" id=\"woo3dv_show_grid\"  value=\"off\" \/><br \/>\n\t<input type=\"hidden\" id=\"woo3dv_show_ground\"  value=\"off\" \/><br \/>\n\t<input type=\"hidden\" id=\"woo3dv_show_shadow\"  value=\"off\" \/><br \/>\n\t<input type=\"hidden\" id=\"woo3dv_background1\"  value=\"0x0f0f0f\" \/><br \/>\n\t<input type=\"hidden\" id=\"woo3dv_background_transparency\"  value=\"off\" \/><br \/>\n\t<input type=\"hidden\" id=\"woo3dv_ground_mirror\"  value=\"off\" \/><br \/>\n\t<input type=\"hidden\" id=\"woo3dv_fog_color\"  value=\"0xFFFFFF\" \/><br \/>\n\t<input type=\"hidden\" id=\"woo3dv_grid_color\"  value=\"0x898989\" \/><br \/>\n\t<input type=\"hidden\" id=\"woo3dv_ground_color\"  value=\"0xc1c1c1\" \/><br \/>\n\t<input type=\"hidden\" id=\"woo3dv_auto_rotation\"  value=\"on\" \/>\n<\/div>\n<div style=\"margin-top: 1rem;\"><img decoding=\"async\" class=\"wp-image-1040  alignnone\" src=\"http:\/\/piquets-julien.fr\/wp-content\/uploads\/2022\/06\/point-dinterrogation-sur-un-fond-noir-circulaire-150x150.png\" alt=\"\" width=\"20\" height=\"20\" srcset=\"https:\/\/piquets-julien.fr\/wp-content\/uploads\/2022\/06\/point-dinterrogation-sur-un-fond-noir-circulaire-150x150.png 150w, https:\/\/piquets-julien.fr\/wp-content\/uploads\/2022\/06\/point-dinterrogation-sur-un-fond-noir-circulaire-300x300.png 300w, https:\/\/piquets-julien.fr\/wp-content\/uploads\/2022\/06\/point-dinterrogation-sur-un-fond-noir-circulaire-100x100.png 100w, https:\/\/piquets-julien.fr\/wp-content\/uploads\/2022\/06\/point-dinterrogation-sur-un-fond-noir-circulaire.png 512w\" sizes=\"(max-width: 20px) 100vw, 20px\" \/> Sie k\u00f6nnen mit dem 3D-Modell interagieren<\/div>\n<\/div>","protected":false},"featured_media":828,"comment_status":"closed","ping_status":"closed","template":"","meta":{"site-sidebar-layout":"default","site-content-layout":"default","ast-global-header-display":"","ast-main-header-display":"","ast-hfb-above-header-display":"","ast-hfb-below-header-display":"","ast-hfb-mobile-header-display":"","site-post-title":"","ast-breadcrumbs-content":"","ast-featured-img":"","footer-sml-layout":"","theme-transparent-header-meta":"default","adv-header-id-meta":"","stick-header-meta":"","header-above-stick-meta":"","header-main-stick-meta":"","header-below-stick-meta":""},"product_cat":[22],"product_tag":[],"class_list":["post-719","product","type-product","status-publish","has-post-thumbnail","hentry","product_cat-viticulture"],"yoast_head":"<!-- This site is optimized with the Yoast SEO plugin v19.4 - https:\/\/yoast.com\/wordpress\/plugins\/seo\/ -->\n<title>ECARTEUR MOBILE AITOR - Piquets Julien<\/title>\n<meta name=\"description\" content=\"Situ\u00e9e \u00e0 Cairanne dans le Vaucluse la soci\u00e9t\u00e9 Julien est sp\u00e9cialis\u00e9 dans la conception de piquets m\u00e9talliques depuis plus de 30 ans.\" \/>\n<meta name=\"robots\" content=\"index, follow, max-snippet:-1, max-image-preview:large, max-video-preview:-1\" \/>\n<link rel=\"canonical\" href=\"https:\/\/piquets-julien.fr\/de\/produkt\/ecarteur\/\" \/>\n<meta property=\"og:locale\" content=\"de_DE\" \/>\n<meta property=\"og:type\" content=\"article\" \/>\n<meta property=\"og:title\" content=\"ECARTEUR MOBILE AITOR - Piquets Julien\" \/>\n<meta property=\"og:description\" content=\"Situ\u00e9e \u00e0 Cairanne dans le Vaucluse la soci\u00e9t\u00e9 Julien est sp\u00e9cialis\u00e9 dans la conception de piquets m\u00e9talliques depuis plus de 30 ans.\" \/>\n<meta property=\"og:url\" content=\"https:\/\/piquets-julien.fr\/de\/produkt\/ecarteur\/\" \/>\n<meta property=\"og:site_name\" content=\"Piquets Julien\" \/>\n<meta property=\"article:modified_time\" content=\"2022-09-05T12:39:19+00:00\" \/>\n<meta property=\"og:image\" content=\"https:\/\/piquets-julien.fr\/wp-content\/uploads\/2022\/06\/Ecarteur-mobile.jpg\" \/>\n\t<meta property=\"og:image:width\" content=\"648\" \/>\n\t<meta property=\"og:image:height\" content=\"683\" \/>\n\t<meta property=\"og:image:type\" content=\"image\/jpeg\" \/>\n<meta name=\"twitter:card\" content=\"summary_large_image\" \/>\n<meta name=\"twitter:label1\" content=\"Gesch\u00e4tzte Lesezeit\" \/>\n\t<meta name=\"twitter:data1\" content=\"1 Minute\" \/>\n<script type=\"application\/ld+json\" class=\"yoast-schema-graph\">{\"@context\":\"https:\/\/schema.org\",\"@graph\":[{\"@type\":\"WebSite\",\"@id\":\"https:\/\/piquets-julien.fr\/#website\",\"url\":\"https:\/\/piquets-julien.fr\/\",\"name\":\"Piquets Julien\",\"description\":\"Fabricant de piquets en acier profil\u00e9 adapt\u00e9s \u00e0 votre m\u00e9tier\",\"potentialAction\":[{\"@type\":\"SearchAction\",\"target\":{\"@type\":\"EntryPoint\",\"urlTemplate\":\"https:\/\/piquets-julien.fr\/?s={search_term_string}\"},\"query-input\":\"required name=search_term_string\"}],\"inLanguage\":\"de-DE\"},{\"@type\":\"WebPage\",\"@id\":\"https:\/\/piquets-julien.fr\/produit\/ecarteur\/\",\"url\":\"https:\/\/piquets-julien.fr\/produit\/ecarteur\/\",\"name\":\"ECARTEUR MOBILE AITOR - Piquets Julien\",\"isPartOf\":{\"@id\":\"https:\/\/piquets-julien.fr\/#website\"},\"datePublished\":\"2022-06-22T14:32:37+00:00\",\"dateModified\":\"2022-09-05T12:39:19+00:00\",\"description\":\"Situ\u00e9e \u00e0 Cairanne dans le Vaucluse la soci\u00e9t\u00e9 Julien est sp\u00e9cialis\u00e9 dans la conception de piquets m\u00e9talliques depuis plus de 30 ans.\",\"breadcrumb\":{\"@id\":\"https:\/\/piquets-julien.fr\/produit\/ecarteur\/#breadcrumb\"},\"inLanguage\":\"de-DE\",\"potentialAction\":[{\"@type\":\"ReadAction\",\"target\":[\"https:\/\/piquets-julien.fr\/produit\/ecarteur\/\"]}]},{\"@type\":\"BreadcrumbList\",\"@id\":\"https:\/\/piquets-julien.fr\/produit\/ecarteur\/#breadcrumb\",\"itemListElement\":[{\"@type\":\"ListItem\",\"position\":1,\"name\":\"Accueil\",\"item\":\"https:\/\/piquets-julien.fr\/\"},{\"@type\":\"ListItem\",\"position\":2,\"name\":\"Boutique\",\"item\":\"https:\/\/piquets-julien.fr\/boutique\/\"},{\"@type\":\"ListItem\",\"position\":3,\"name\":\"ECARTEUR MOBILE AITOR\"}]}]}<\/script>\n<!-- \/ Yoast SEO plugin. -->","yoast_head_json":{"title":"ECARTEUR MOBILE AITOR - Piquets Julien","description":"Situ\u00e9e \u00e0 Cairanne dans le Vaucluse la soci\u00e9t\u00e9 Julien est sp\u00e9cialis\u00e9 dans la conception de piquets m\u00e9talliques depuis plus de 30 ans.","robots":{"index":"index","follow":"follow","max-snippet":"max-snippet:-1","max-image-preview":"max-image-preview:large","max-video-preview":"max-video-preview:-1"},"canonical":"https:\/\/piquets-julien.fr\/de\/produkt\/ecarteur\/","og_locale":"de_DE","og_type":"article","og_title":"ECARTEUR MOBILE AITOR - Piquets Julien","og_description":"Situ\u00e9e \u00e0 Cairanne dans le Vaucluse la soci\u00e9t\u00e9 Julien est sp\u00e9cialis\u00e9 dans la conception de piquets m\u00e9talliques depuis plus de 30 ans.","og_url":"https:\/\/piquets-julien.fr\/de\/produkt\/ecarteur\/","og_site_name":"Piquets Julien","article_modified_time":"2022-09-05T12:39:19+00:00","og_image":[{"width":648,"height":683,"url":"https:\/\/piquets-julien.fr\/wp-content\/uploads\/2022\/06\/Ecarteur-mobile.jpg","type":"image\/jpeg"}],"twitter_card":"summary_large_image","twitter_misc":{"Gesch\u00e4tzte Lesezeit":"1 Minute"},"schema":{"@context":"https:\/\/schema.org","@graph":[{"@type":"WebSite","@id":"https:\/\/piquets-julien.fr\/#website","url":"https:\/\/piquets-julien.fr\/","name":"Piquets Julien","description":"Fabricant de piquets en acier profil\u00e9 adapt\u00e9s \u00e0 votre m\u00e9tier","potentialAction":[{"@type":"SearchAction","target":{"@type":"EntryPoint","urlTemplate":"https:\/\/piquets-julien.fr\/?s={search_term_string}"},"query-input":"required name=search_term_string"}],"inLanguage":"de-DE"},{"@type":"WebPage","@id":"https:\/\/piquets-julien.fr\/produit\/ecarteur\/","url":"https:\/\/piquets-julien.fr\/produit\/ecarteur\/","name":"ECARTEUR MOBILE AITOR - Piquets Julien","isPartOf":{"@id":"https:\/\/piquets-julien.fr\/#website"},"datePublished":"2022-06-22T14:32:37+00:00","dateModified":"2022-09-05T12:39:19+00:00","description":"Situ\u00e9e \u00e0 Cairanne dans le Vaucluse la soci\u00e9t\u00e9 Julien est sp\u00e9cialis\u00e9 dans la conception de piquets m\u00e9talliques depuis plus de 30 ans.","breadcrumb":{"@id":"https:\/\/piquets-julien.fr\/produit\/ecarteur\/#breadcrumb"},"inLanguage":"de-DE","potentialAction":[{"@type":"ReadAction","target":["https:\/\/piquets-julien.fr\/produit\/ecarteur\/"]}]},{"@type":"BreadcrumbList","@id":"https:\/\/piquets-julien.fr\/produit\/ecarteur\/#breadcrumb","itemListElement":[{"@type":"ListItem","position":1,"name":"Accueil","item":"https:\/\/piquets-julien.fr\/"},{"@type":"ListItem","position":2,"name":"Boutique","item":"https:\/\/piquets-julien.fr\/boutique\/"},{"@type":"ListItem","position":3,"name":"ECARTEUR MOBILE AITOR"}]}]}},"_links":{"self":[{"href":"https:\/\/piquets-julien.fr\/de\/wp-json\/wp\/v2\/product\/719"}],"collection":[{"href":"https:\/\/piquets-julien.fr\/de\/wp-json\/wp\/v2\/product"}],"about":[{"href":"https:\/\/piquets-julien.fr\/de\/wp-json\/wp\/v2\/types\/product"}],"replies":[{"embeddable":true,"href":"https:\/\/piquets-julien.fr\/de\/wp-json\/wp\/v2\/comments?post=719"}],"wp:featuredmedia":[{"embeddable":true,"href":"https:\/\/piquets-julien.fr\/de\/wp-json\/wp\/v2\/media\/828"}],"wp:attachment":[{"href":"https:\/\/piquets-julien.fr\/de\/wp-json\/wp\/v2\/media?parent=719"}],"wp:term":[{"taxonomy":"product_cat","embeddable":true,"href":"https:\/\/piquets-julien.fr\/de\/wp-json\/wp\/v2\/product_cat?post=719"},{"taxonomy":"product_tag","embeddable":true,"href":"https:\/\/piquets-julien.fr\/de\/wp-json\/wp\/v2\/product_tag?post=719"}],"curies":[{"name":"wp","href":"https:\/\/api.w.org\/{rel}","templated":true}]}}