{"id":718,"date":"2022-06-22T16:32:20","date_gmt":"2022-06-22T14:32:20","guid":{"rendered":"http:\/\/piquets-julien.fr\/?post_type=product&#038;p=718"},"modified":"2022-09-05T13:32:54","modified_gmt":"2022-09-05T11:32:54","slug":"jambe-de-force","status":"publish","type":"product","link":"https:\/\/piquets-julien.fr\/de\/produkt\/jambe-de-force\/","title":{"rendered":"STREBE UND WIDERLAGER"},"content":{"rendered":"<p>Die Strebe und der Anschlag werden aus dem Zaunpfahl hergestellt. Sie werden hergestellt, indem der Pfahl im unteren Bereich direkt \u00fcber den beiden umgekehrten Verbindungsst\u00fccken abgeschnitten wird. Die Verbindungen werden \u00fcber die Verbinder hergestellt.<\/p>\n<p>&nbsp;<\/p>\n<p><a class=\"fasc-button fasc-size-medium fasc-type-flat fasc-rounded-medium ico-fa fasc-ico-before fa-share\" style=\"background-color: #33809e; color: #ffffff;\" target=\"_blank\" rel=\"noopener\" href=\"http:\/\/piquets-julien.fr\/wp-content\/uploads\/2022\/06\/julien_SAS_catalogue_36_pages_A4-33-34.pdf\">DATENBLATT<\/a>&nbsp;<a class=\"fasc-button fasc-size-medium fasc-type-flat ico-fa fasc-ico-before fa-share\" style=\"background-color: #33809e; color: #ffffff;\" target=\"_blank\" rel=\"noopener\" href=\"http:\/\/piquets-julien.fr\/wp-content\/uploads\/2022\/06\/julien-SAS-catalogue-3.pdf\">DEN GESAMTEN KATALOG ANSEHEN<\/a><\/p>","protected":false},"excerpt":{"rendered":"<p><img decoding=\"async\" class=\"alignnone size-medium wp-image-972\" src=\"http:\/\/piquets-julien.fr\/wp-content\/uploads\/2022\/08\/L30-JDF.jpg\" alt=\"\" width=\"300\" height=\"300\" \/><\/p>","protected":false},"featured_media":1550,"comment_status":"closed","ping_status":"closed","template":"","meta":{"site-sidebar-layout":"default","site-content-layout":"default","ast-global-header-display":"","ast-main-header-display":"","ast-hfb-above-header-display":"","ast-hfb-below-header-display":"","ast-hfb-mobile-header-display":"","site-post-title":"","ast-breadcrumbs-content":"","ast-featured-img":"","footer-sml-layout":"","theme-transparent-header-meta":"default","adv-header-id-meta":"","stick-header-meta":"","header-above-stick-meta":"","header-main-stick-meta":"","header-below-stick-meta":""},"product_cat":[24],"product_tag":[],"class_list":["post-718","product","type-product","status-publish","has-post-thumbnail","hentry","product_cat-cloture"],"yoast_head":"<!-- This site is optimized with the Yoast SEO plugin v19.4 - https:\/\/yoast.com\/wordpress\/plugins\/seo\/ -->\n<title>JAMBE DE FORCE ET BUTEE - Piquets Julien<\/title>\n<meta name=\"description\" content=\"Situ\u00e9e \u00e0 Cairanne dans le Vaucluse la soci\u00e9t\u00e9 Julien est sp\u00e9cialis\u00e9 dans la conception de cl\u00f4ture depuis plus de 30 ans.\" \/>\n<meta name=\"robots\" content=\"index, follow, max-snippet:-1, max-image-preview:large, max-video-preview:-1\" \/>\n<link rel=\"canonical\" href=\"https:\/\/piquets-julien.fr\/de\/produkt\/jambe-de-force\/\" \/>\n<meta property=\"og:locale\" content=\"de_DE\" \/>\n<meta property=\"og:type\" content=\"article\" \/>\n<meta property=\"og:title\" content=\"JAMBE DE FORCE ET BUTEE - Piquets Julien\" \/>\n<meta property=\"og:description\" content=\"Situ\u00e9e \u00e0 Cairanne dans le Vaucluse la soci\u00e9t\u00e9 Julien est sp\u00e9cialis\u00e9 dans la conception de cl\u00f4ture depuis plus de 30 ans.\" \/>\n<meta property=\"og:url\" content=\"https:\/\/piquets-julien.fr\/de\/produkt\/jambe-de-force\/\" \/>\n<meta property=\"og:site_name\" content=\"Piquets Julien\" \/>\n<meta property=\"article:modified_time\" content=\"2022-09-05T11:32:54+00:00\" \/>\n<meta property=\"og:image\" content=\"https:\/\/piquets-julien.fr\/wp-content\/uploads\/2022\/08\/L30-JDF.jpg\" \/>\n\t<meta property=\"og:image:width\" content=\"492\" \/>\n\t<meta property=\"og:image:height\" content=\"500\" \/>\n\t<meta property=\"og:image:type\" content=\"image\/jpeg\" \/>\n<meta name=\"twitter:card\" content=\"summary_large_image\" \/>\n<meta name=\"twitter:label1\" content=\"Gesch\u00e4tzte Lesezeit\" \/>\n\t<meta name=\"twitter:data1\" content=\"1 Minute\" \/>\n<script type=\"application\/ld+json\" class=\"yoast-schema-graph\">{\"@context\":\"https:\/\/schema.org\",\"@graph\":[{\"@type\":\"WebSite\",\"@id\":\"https:\/\/piquets-julien.fr\/#website\",\"url\":\"https:\/\/piquets-julien.fr\/\",\"name\":\"Piquets Julien\",\"description\":\"Fabricant de piquets en acier profil\u00e9 adapt\u00e9s \u00e0 votre m\u00e9tier\",\"potentialAction\":[{\"@type\":\"SearchAction\",\"target\":{\"@type\":\"EntryPoint\",\"urlTemplate\":\"https:\/\/piquets-julien.fr\/?s={search_term_string}\"},\"query-input\":\"required name=search_term_string\"}],\"inLanguage\":\"de-DE\"},{\"@type\":\"WebPage\",\"@id\":\"https:\/\/piquets-julien.fr\/produit\/jambe-de-force\/\",\"url\":\"https:\/\/piquets-julien.fr\/produit\/jambe-de-force\/\",\"name\":\"JAMBE DE FORCE ET BUTEE - Piquets Julien\",\"isPartOf\":{\"@id\":\"https:\/\/piquets-julien.fr\/#website\"},\"datePublished\":\"2022-06-22T14:32:20+00:00\",\"dateModified\":\"2022-09-05T11:32:54+00:00\",\"description\":\"Situ\u00e9e \u00e0 Cairanne dans le Vaucluse la soci\u00e9t\u00e9 Julien est sp\u00e9cialis\u00e9 dans la conception de cl\u00f4ture depuis plus de 30 ans.\",\"breadcrumb\":{\"@id\":\"https:\/\/piquets-julien.fr\/produit\/jambe-de-force\/#breadcrumb\"},\"inLanguage\":\"de-DE\",\"potentialAction\":[{\"@type\":\"ReadAction\",\"target\":[\"https:\/\/piquets-julien.fr\/produit\/jambe-de-force\/\"]}]},{\"@type\":\"BreadcrumbList\",\"@id\":\"https:\/\/piquets-julien.fr\/produit\/jambe-de-force\/#breadcrumb\",\"itemListElement\":[{\"@type\":\"ListItem\",\"position\":1,\"name\":\"Accueil\",\"item\":\"https:\/\/piquets-julien.fr\/\"},{\"@type\":\"ListItem\",\"position\":2,\"name\":\"Boutique\",\"item\":\"https:\/\/piquets-julien.fr\/boutique\/\"},{\"@type\":\"ListItem\",\"position\":3,\"name\":\"JAMBE DE FORCE ET BUTEE\"}]}]}<\/script>\n<!-- \/ Yoast SEO plugin. -->","yoast_head_json":{"title":"JAMBE DE FORCE ET BUTEE - Piquets Julien","description":"Situ\u00e9e \u00e0 Cairanne dans le Vaucluse la soci\u00e9t\u00e9 Julien est sp\u00e9cialis\u00e9 dans la conception de cl\u00f4ture depuis plus de 30 ans.","robots":{"index":"index","follow":"follow","max-snippet":"max-snippet:-1","max-image-preview":"max-image-preview:large","max-video-preview":"max-video-preview:-1"},"canonical":"https:\/\/piquets-julien.fr\/de\/produkt\/jambe-de-force\/","og_locale":"de_DE","og_type":"article","og_title":"JAMBE DE FORCE ET BUTEE - Piquets Julien","og_description":"Situ\u00e9e \u00e0 Cairanne dans le Vaucluse la soci\u00e9t\u00e9 Julien est sp\u00e9cialis\u00e9 dans la conception de cl\u00f4ture depuis plus de 30 ans.","og_url":"https:\/\/piquets-julien.fr\/de\/produkt\/jambe-de-force\/","og_site_name":"Piquets Julien","article_modified_time":"2022-09-05T11:32:54+00:00","og_image":[{"width":492,"height":500,"url":"https:\/\/piquets-julien.fr\/wp-content\/uploads\/2022\/08\/L30-JDF.jpg","type":"image\/jpeg"}],"twitter_card":"summary_large_image","twitter_misc":{"Gesch\u00e4tzte Lesezeit":"1 Minute"},"schema":{"@context":"https:\/\/schema.org","@graph":[{"@type":"WebSite","@id":"https:\/\/piquets-julien.fr\/#website","url":"https:\/\/piquets-julien.fr\/","name":"Piquets Julien","description":"Fabricant de piquets en acier profil\u00e9 adapt\u00e9s \u00e0 votre m\u00e9tier","potentialAction":[{"@type":"SearchAction","target":{"@type":"EntryPoint","urlTemplate":"https:\/\/piquets-julien.fr\/?s={search_term_string}"},"query-input":"required name=search_term_string"}],"inLanguage":"de-DE"},{"@type":"WebPage","@id":"https:\/\/piquets-julien.fr\/produit\/jambe-de-force\/","url":"https:\/\/piquets-julien.fr\/produit\/jambe-de-force\/","name":"JAMBE DE FORCE ET BUTEE - Piquets Julien","isPartOf":{"@id":"https:\/\/piquets-julien.fr\/#website"},"datePublished":"2022-06-22T14:32:20+00:00","dateModified":"2022-09-05T11:32:54+00:00","description":"Situ\u00e9e \u00e0 Cairanne dans le Vaucluse la soci\u00e9t\u00e9 Julien est sp\u00e9cialis\u00e9 dans la conception de cl\u00f4ture depuis plus de 30 ans.","breadcrumb":{"@id":"https:\/\/piquets-julien.fr\/produit\/jambe-de-force\/#breadcrumb"},"inLanguage":"de-DE","potentialAction":[{"@type":"ReadAction","target":["https:\/\/piquets-julien.fr\/produit\/jambe-de-force\/"]}]},{"@type":"BreadcrumbList","@id":"https:\/\/piquets-julien.fr\/produit\/jambe-de-force\/#breadcrumb","itemListElement":[{"@type":"ListItem","position":1,"name":"Accueil","item":"https:\/\/piquets-julien.fr\/"},{"@type":"ListItem","position":2,"name":"Boutique","item":"https:\/\/piquets-julien.fr\/boutique\/"},{"@type":"ListItem","position":3,"name":"JAMBE DE FORCE ET BUTEE"}]}]}},"_links":{"self":[{"href":"https:\/\/piquets-julien.fr\/de\/wp-json\/wp\/v2\/product\/718"}],"collection":[{"href":"https:\/\/piquets-julien.fr\/de\/wp-json\/wp\/v2\/product"}],"about":[{"href":"https:\/\/piquets-julien.fr\/de\/wp-json\/wp\/v2\/types\/product"}],"replies":[{"embeddable":true,"href":"https:\/\/piquets-julien.fr\/de\/wp-json\/wp\/v2\/comments?post=718"}],"wp:featuredmedia":[{"embeddable":true,"href":"https:\/\/piquets-julien.fr\/de\/wp-json\/wp\/v2\/media\/1550"}],"wp:attachment":[{"href":"https:\/\/piquets-julien.fr\/de\/wp-json\/wp\/v2\/media?parent=718"}],"wp:term":[{"taxonomy":"product_cat","embeddable":true,"href":"https:\/\/piquets-julien.fr\/de\/wp-json\/wp\/v2\/product_cat?post=718"},{"taxonomy":"product_tag","embeddable":true,"href":"https:\/\/piquets-julien.fr\/de\/wp-json\/wp\/v2\/product_tag?post=718"}],"curies":[{"name":"wp","href":"https:\/\/api.w.org\/{rel}","templated":true}]}}