{"id":274,"date":"2022-05-23T11:32:30","date_gmt":"2022-05-23T09:32:30","guid":{"rendered":"http:\/\/piquets-julien.fr\/?post_type=product&#038;p=274"},"modified":"2022-09-05T13:31:11","modified_gmt":"2022-09-05T11:31:11","slug":"platine-anti-enfoncement","status":"publish","type":"product","link":"https:\/\/piquets-julien.fr\/de\/produkt\/platine-anti-enfoncement\/","title":{"rendered":"ANTI-TIEFEN-PLATINE"},"content":{"rendered":"<div class=\"p-info text-prod-single\">\n<p>Platine hergestellt aus verzinktem Stahl 25\/10 15cmx15cm, ihr U-f\u00f6rmiges Design erm\u00f6glicht das Anbringen zu jeder Zeit. Die Befestigung erfolgt von der Seite mit selbstbohrenden Schrauben oder einem Keil.<\/p>\n<\/div>\n<div class=\"mb-sm-50 ft-item ft-small-card\"><a class=\"fasc-button fasc-size-medium fasc-type-flat fasc-rounded-medium ico-fa fasc-ico-before fa-share\" style=\"background-color: #33809e; color: #ffffff;\" target=\"_blank\" rel=\"noopener\" href=\"http:\/\/piquets-julien.fr\/wp-content\/uploads\/2022\/06\/julien_SAS_catalogue_36_pages_A4-31.pdf\">DATENBLATT<\/a>&nbsp;<a class=\"fasc-button fasc-size-medium fasc-type-flat ico-fa fasc-ico-before fa-share\" style=\"background-color: #33809e; color: #ffffff;\" target=\"_blank\" rel=\"noopener\" href=\"http:\/\/piquets-julien.fr\/wp-content\/uploads\/2022\/06\/julien-SAS-catalogue-3.pdf\">DEN GESAMTEN KATALOG ANSEHEN<\/a><\/div>","protected":false},"excerpt":{"rendered":"<p><img decoding=\"async\" class=\"alignnone wp-image-1050\" src=\"http:\/\/piquets-julien.fr\/wp-content\/uploads\/2022\/05\/PLATINE-ANTI-ENFONCEMENT-1-300x300.jpg\" alt=\"\" width=\"333\" height=\"333\" srcset=\"https:\/\/piquets-julien.fr\/wp-content\/uploads\/2022\/05\/PLATINE-ANTI-ENFONCEMENT-1-300x300.jpg 300w, https:\/\/piquets-julien.fr\/wp-content\/uploads\/2022\/05\/PLATINE-ANTI-ENFONCEMENT-1-100x100.jpg 100w, https:\/\/piquets-julien.fr\/wp-content\/uploads\/2022\/05\/PLATINE-ANTI-ENFONCEMENT-1-600x600.jpg 600w, https:\/\/piquets-julien.fr\/wp-content\/uploads\/2022\/05\/PLATINE-ANTI-ENFONCEMENT-1-150x150.jpg 150w, https:\/\/piquets-julien.fr\/wp-content\/uploads\/2022\/05\/PLATINE-ANTI-ENFONCEMENT-1.jpg 768w\" sizes=\"(max-width: 333px) 100vw, 333px\" \/><\/p>","protected":false},"featured_media":1050,"comment_status":"closed","ping_status":"closed","template":"","meta":{"site-sidebar-layout":"default","site-content-layout":"default","ast-global-header-display":"","ast-main-header-display":"","ast-hfb-above-header-display":"","ast-hfb-below-header-display":"","ast-hfb-mobile-header-display":"","site-post-title":"","ast-breadcrumbs-content":"","ast-featured-img":"","footer-sml-layout":"","theme-transparent-header-meta":"default","adv-header-id-meta":"","stick-header-meta":"","header-above-stick-meta":"","header-main-stick-meta":"","header-below-stick-meta":""},"product_cat":[23],"product_tag":[28],"class_list":["post-274","product","type-product","status-publish","has-post-thumbnail","hentry","product_cat-arboriculture","product_tag-accessoires"],"yoast_head":"<!-- This site is optimized with the Yoast SEO plugin v19.4 - https:\/\/yoast.com\/wordpress\/plugins\/seo\/ -->\n<title>Accessoires PLATINE ANTI-ENFONCEMENT - Piquets Julien<\/title>\n<meta name=\"description\" content=\"Situ\u00e9e \u00e0 Cairanne dans le Vaucluse la soci\u00e9t\u00e9 Julien propose diff\u00e9rents types d&#039;accessoires pour arboriculture.\" \/>\n<meta name=\"robots\" content=\"index, follow, max-snippet:-1, max-image-preview:large, max-video-preview:-1\" \/>\n<link rel=\"canonical\" href=\"https:\/\/piquets-julien.fr\/de\/produkt\/platine-anti-enfoncement\/\" \/>\n<meta property=\"og:locale\" content=\"de_DE\" \/>\n<meta property=\"og:type\" content=\"article\" \/>\n<meta property=\"og:title\" content=\"Accessoires PLATINE ANTI-ENFONCEMENT - Piquets Julien\" \/>\n<meta property=\"og:description\" content=\"Situ\u00e9e \u00e0 Cairanne dans le Vaucluse la soci\u00e9t\u00e9 Julien propose diff\u00e9rents types d&#039;accessoires pour arboriculture.\" \/>\n<meta property=\"og:url\" content=\"https:\/\/piquets-julien.fr\/de\/produkt\/platine-anti-enfoncement\/\" \/>\n<meta property=\"og:site_name\" content=\"Piquets Julien\" \/>\n<meta property=\"article:modified_time\" content=\"2022-09-05T11:31:11+00:00\" \/>\n<meta property=\"og:image\" content=\"https:\/\/piquets-julien.fr\/wp-content\/uploads\/2022\/05\/PLATINE-ANTI-ENFONCEMENT-1.jpg\" \/>\n\t<meta property=\"og:image:width\" content=\"768\" \/>\n\t<meta property=\"og:image:height\" content=\"768\" \/>\n\t<meta property=\"og:image:type\" content=\"image\/jpeg\" \/>\n<meta name=\"twitter:card\" content=\"summary_large_image\" \/>\n<meta name=\"twitter:label1\" content=\"Gesch\u00e4tzte Lesezeit\" \/>\n\t<meta name=\"twitter:data1\" content=\"1 Minute\" \/>\n<script type=\"application\/ld+json\" class=\"yoast-schema-graph\">{\"@context\":\"https:\/\/schema.org\",\"@graph\":[{\"@type\":\"WebSite\",\"@id\":\"https:\/\/piquets-julien.fr\/#website\",\"url\":\"https:\/\/piquets-julien.fr\/\",\"name\":\"Piquets Julien\",\"description\":\"Fabricant de piquets en acier profil\u00e9 adapt\u00e9s \u00e0 votre m\u00e9tier\",\"potentialAction\":[{\"@type\":\"SearchAction\",\"target\":{\"@type\":\"EntryPoint\",\"urlTemplate\":\"https:\/\/piquets-julien.fr\/?s={search_term_string}\"},\"query-input\":\"required name=search_term_string\"}],\"inLanguage\":\"de-DE\"},{\"@type\":\"WebPage\",\"@id\":\"https:\/\/piquets-julien.fr\/produit\/platine-anti-enfoncement\/\",\"url\":\"https:\/\/piquets-julien.fr\/produit\/platine-anti-enfoncement\/\",\"name\":\"Accessoires PLATINE ANTI-ENFONCEMENT - Piquets Julien\",\"isPartOf\":{\"@id\":\"https:\/\/piquets-julien.fr\/#website\"},\"datePublished\":\"2022-05-23T09:32:30+00:00\",\"dateModified\":\"2022-09-05T11:31:11+00:00\",\"description\":\"Situ\u00e9e \u00e0 Cairanne dans le Vaucluse la soci\u00e9t\u00e9 Julien propose diff\u00e9rents types d'accessoires pour arboriculture.\",\"breadcrumb\":{\"@id\":\"https:\/\/piquets-julien.fr\/produit\/platine-anti-enfoncement\/#breadcrumb\"},\"inLanguage\":\"de-DE\",\"potentialAction\":[{\"@type\":\"ReadAction\",\"target\":[\"https:\/\/piquets-julien.fr\/produit\/platine-anti-enfoncement\/\"]}]},{\"@type\":\"BreadcrumbList\",\"@id\":\"https:\/\/piquets-julien.fr\/produit\/platine-anti-enfoncement\/#breadcrumb\",\"itemListElement\":[{\"@type\":\"ListItem\",\"position\":1,\"name\":\"Accueil\",\"item\":\"https:\/\/piquets-julien.fr\/\"},{\"@type\":\"ListItem\",\"position\":2,\"name\":\"Boutique\",\"item\":\"https:\/\/piquets-julien.fr\/boutique\/\"},{\"@type\":\"ListItem\",\"position\":3,\"name\":\"PLATINE ANTI-ENFONCEMENT\"}]}]}<\/script>\n<!-- \/ Yoast SEO plugin. -->","yoast_head_json":{"title":"Accessoires PLATINE ANTI-ENFONCEMENT - Piquets Julien","description":"Situ\u00e9e \u00e0 Cairanne dans le Vaucluse la soci\u00e9t\u00e9 Julien propose diff\u00e9rents types d'accessoires pour arboriculture.","robots":{"index":"index","follow":"follow","max-snippet":"max-snippet:-1","max-image-preview":"max-image-preview:large","max-video-preview":"max-video-preview:-1"},"canonical":"https:\/\/piquets-julien.fr\/de\/produkt\/platine-anti-enfoncement\/","og_locale":"de_DE","og_type":"article","og_title":"Accessoires PLATINE ANTI-ENFONCEMENT - Piquets Julien","og_description":"Situ\u00e9e \u00e0 Cairanne dans le Vaucluse la soci\u00e9t\u00e9 Julien propose diff\u00e9rents types d'accessoires pour arboriculture.","og_url":"https:\/\/piquets-julien.fr\/de\/produkt\/platine-anti-enfoncement\/","og_site_name":"Piquets Julien","article_modified_time":"2022-09-05T11:31:11+00:00","og_image":[{"width":768,"height":768,"url":"https:\/\/piquets-julien.fr\/wp-content\/uploads\/2022\/05\/PLATINE-ANTI-ENFONCEMENT-1.jpg","type":"image\/jpeg"}],"twitter_card":"summary_large_image","twitter_misc":{"Gesch\u00e4tzte Lesezeit":"1 Minute"},"schema":{"@context":"https:\/\/schema.org","@graph":[{"@type":"WebSite","@id":"https:\/\/piquets-julien.fr\/#website","url":"https:\/\/piquets-julien.fr\/","name":"Piquets Julien","description":"Fabricant de piquets en acier profil\u00e9 adapt\u00e9s \u00e0 votre m\u00e9tier","potentialAction":[{"@type":"SearchAction","target":{"@type":"EntryPoint","urlTemplate":"https:\/\/piquets-julien.fr\/?s={search_term_string}"},"query-input":"required name=search_term_string"}],"inLanguage":"de-DE"},{"@type":"WebPage","@id":"https:\/\/piquets-julien.fr\/produit\/platine-anti-enfoncement\/","url":"https:\/\/piquets-julien.fr\/produit\/platine-anti-enfoncement\/","name":"Accessoires PLATINE ANTI-ENFONCEMENT - Piquets Julien","isPartOf":{"@id":"https:\/\/piquets-julien.fr\/#website"},"datePublished":"2022-05-23T09:32:30+00:00","dateModified":"2022-09-05T11:31:11+00:00","description":"Situ\u00e9e \u00e0 Cairanne dans le Vaucluse la soci\u00e9t\u00e9 Julien propose diff\u00e9rents types d'accessoires pour arboriculture.","breadcrumb":{"@id":"https:\/\/piquets-julien.fr\/produit\/platine-anti-enfoncement\/#breadcrumb"},"inLanguage":"de-DE","potentialAction":[{"@type":"ReadAction","target":["https:\/\/piquets-julien.fr\/produit\/platine-anti-enfoncement\/"]}]},{"@type":"BreadcrumbList","@id":"https:\/\/piquets-julien.fr\/produit\/platine-anti-enfoncement\/#breadcrumb","itemListElement":[{"@type":"ListItem","position":1,"name":"Accueil","item":"https:\/\/piquets-julien.fr\/"},{"@type":"ListItem","position":2,"name":"Boutique","item":"https:\/\/piquets-julien.fr\/boutique\/"},{"@type":"ListItem","position":3,"name":"PLATINE ANTI-ENFONCEMENT"}]}]}},"_links":{"self":[{"href":"https:\/\/piquets-julien.fr\/de\/wp-json\/wp\/v2\/product\/274"}],"collection":[{"href":"https:\/\/piquets-julien.fr\/de\/wp-json\/wp\/v2\/product"}],"about":[{"href":"https:\/\/piquets-julien.fr\/de\/wp-json\/wp\/v2\/types\/product"}],"replies":[{"embeddable":true,"href":"https:\/\/piquets-julien.fr\/de\/wp-json\/wp\/v2\/comments?post=274"}],"wp:featuredmedia":[{"embeddable":true,"href":"https:\/\/piquets-julien.fr\/de\/wp-json\/wp\/v2\/media\/1050"}],"wp:attachment":[{"href":"https:\/\/piquets-julien.fr\/de\/wp-json\/wp\/v2\/media?parent=274"}],"wp:term":[{"taxonomy":"product_cat","embeddable":true,"href":"https:\/\/piquets-julien.fr\/de\/wp-json\/wp\/v2\/product_cat?post=274"},{"taxonomy":"product_tag","embeddable":true,"href":"https:\/\/piquets-julien.fr\/de\/wp-json\/wp\/v2\/product_tag?post=274"}],"curies":[{"name":"wp","href":"https:\/\/api.w.org\/{rel}","templated":true}]}}