{"id":1719,"date":"2022-09-02T13:57:51","date_gmt":"2022-09-02T11:57:51","guid":{"rendered":"http:\/\/piquets-julien.fr\/?page_id=1719"},"modified":"2023-02-27T12:15:58","modified_gmt":"2023-02-27T11:15:58","slug":"mentions-legales","status":"publish","type":"page","link":"https:\/\/piquets-julien.fr\/de\/mentions-legales\/","title":{"rendered":"Rechtliche Hinweise"},"content":{"rendered":"<div data-elementor-type=\"wp-page\" data-elementor-id=\"1719\" class=\"elementor elementor-1719\">\n\t\t\t\t\t\t\t\t\t<section class=\"elementor-section elementor-top-section elementor-element elementor-element-189043d2 elementor-section-boxed elementor-section-height-default elementor-section-height-default\" data-id=\"189043d2\" data-element_type=\"section\">\n\t\t\t\t\t\t<div class=\"elementor-container elementor-column-gap-default\">\n\t\t\t\t\t<div class=\"elementor-column elementor-col-100 elementor-top-column elementor-element elementor-element-2578ef75\" data-id=\"2578ef75\" data-element_type=\"column\">\n\t\t\t<div class=\"elementor-widget-wrap elementor-element-populated\">\n\t\t\t\t\t\t\t\t<div class=\"elementor-element elementor-element-43e20e38 elementor-widget elementor-widget-heading\" data-id=\"43e20e38\" data-element_type=\"widget\" data-widget_type=\"heading.default\">\n\t\t\t\t<div class=\"elementor-widget-container\">\n\t\t\t<style>\/*! elementor - v3.6.8 - 27-07-2022 *\/\n.elementor-heading-title{padding:0;margin:0;line-height:1}.elementor-widget-heading .elementor-heading-title[class*=elementor-size-]>a{color:inherit;font-size:inherit;line-height:inherit}.elementor-widget-heading .elementor-heading-title.elementor-size-small{font-size:15px}.elementor-widget-heading .elementor-heading-title.elementor-size-medium{font-size:19px}.elementor-widget-heading .elementor-heading-title.elementor-size-large{font-size:29px}.elementor-widget-heading .elementor-heading-title.elementor-size-xl{font-size:39px}.elementor-widget-heading .elementor-heading-title.elementor-size-xxl{font-size:59px}<\/style><h1 class=\"elementor-heading-title elementor-size-default\">Rechtliche Hinweise<\/h1>\t\t<\/div>\n\t\t\t\t<\/div>\n\t\t\t\t<div class=\"elementor-element elementor-element-18fe9e51 elementor-widget elementor-widget-text-editor\" data-id=\"18fe9e51\" data-element_type=\"widget\" data-widget_type=\"text-editor.default\">\n\t\t\t\t<div class=\"elementor-widget-container\">\n\t\t\t<style>\/*! elementor - v3.6.8 - 27-07-2022 *\/\n.elementor-widget-text-editor.elementor-drop-cap-view-stacked .elementor-drop-cap{background-color:#818a91;color:#fff}.elementor-widget-text-editor.elementor-drop-cap-view-framed .elementor-drop-cap{color:#818a91;border:3px solid;background-color:transparent}.elementor-widget-text-editor:not(.elementor-drop-cap-view-default) .elementor-drop-cap{margin-top:8px}.elementor-widget-text-editor:not(.elementor-drop-cap-view-default) .elementor-drop-cap-letter{width:1em;height:1em}.elementor-widget-text-editor .elementor-drop-cap{float:left;text-align:center;line-height:1;font-size:50px}.elementor-widget-text-editor .elementor-drop-cap-letter{display:inline-block}<\/style>\t\t\t\t<p><!-- wp:paragraph --><\/p><p>Bitte lesen Sie die verschiedenen Modalit\u00e4ten f\u00fcr die Nutzung dieser Website aufmerksam durch. Wenn Sie sich auf dieser Website einloggen, akzeptieren Sie die vorliegenden Bedingungen vorbehaltlos. Gem\u00e4\u00df Artikel 6 des Gesetzes Nr. 2004-575 vom 21. Juni 2004 \u00fcber das Vertrauen in die digitale Wirtschaft sind die Verantwortlichen f\u00fcr diese Website wie folgt verpflichtet <a href=\"https:\/\/piquets-julien.fr\/de\/\">http:\/\/piquets-julien.fr\/<\/a> sind:<\/p><p><!-- \/wp:paragraph --> <!-- wp:paragraph {\"fontSize\":\"medium\"} --><\/p><p class=\"has-medium-font-size\"><strong>Herausgeber der Website :<\/strong><\/p><p><!-- \/wp:paragraph --> <!-- wp:paragraph --><\/p><p>Name: SAS JULIEN<\/p><p><!-- \/wp:paragraph --> <!-- wp:paragraph --><\/p><p>Adresse: 85 Chemin du thor, 84290 Cairanne<\/p><p><!-- \/wp:paragraph --> <!-- wp:paragraph --><\/p><p>Telefon: 04 90 30 80 96<\/p><p><!-- \/wp:paragraph --> <!-- wp:paragraph --><\/p><p>Umsatzsteuer-IdentifikationsnummerFR 20 401 233 648<\/p><p><!-- \/wp:paragraph --> <!-- wp:paragraph --><\/p><p>Stammkapital: 251.200 Euro<\/p><p><!-- \/wp:paragraph --> <!-- wp:paragraph --><\/p><p>Siren: 401233648<\/p><p><!-- \/wp:paragraph --> <!-- wp:paragraph --><\/p><p><!-- \/wp:paragraph --> <!-- wp:paragraph {\"fontSize\":\"medium\"} --><\/p><p class=\"has-medium-font-size\"><strong>Hosting :<\/strong><\/p><p><!-- \/wp:paragraph --> <!-- wp:paragraph --><\/p><p>OVH<\/p><p><!-- \/wp:paragraph --> <!-- wp:paragraph --><\/p><p>2 rue Kellermann<\/p><p><!-- \/wp:paragraph --> <!-- wp:paragraph --><\/p><p>59100 Roubaix<\/p><p><!-- \/wp:paragraph --> <!-- wp:paragraph --><\/p><p><!-- \/wp:paragraph --> <!-- wp:paragraph {\"fontSize\":\"medium\"} --><\/p><p class=\"has-medium-font-size\"><strong>Entwicklung :<\/strong><\/p><p><!-- \/wp:paragraph --> <!-- wp:paragraph --><\/p><p>ARG L\u00f6sungen<\/p><p><!-- \/wp:paragraph --> <!-- wp:paragraph --><\/p><p>120 rue Jean DAUSSET<\/p><p><!-- \/wp:paragraph --> <!-- wp:paragraph --><\/p><p>84140 Avignon<\/p><p><!-- \/wp:paragraph --> <!-- wp:paragraph --><\/p><p><!-- \/wp:paragraph --> <!-- wp:paragraph {\"fontSize\":\"medium\"} --><\/p><p class=\"has-medium-font-size\"><strong>Geistiges Eigentum<\/strong><\/p><p><!-- \/wp:paragraph --> <!-- wp:paragraph --><\/p><p>Alle Texte auf der Website sind Eigentum des Herausgebers der Website.<\/p><p><!-- \/wp:paragraph --> <!-- wp:paragraph --><\/p><p>Pixabay, SAS JULIEN<\/p><p><!-- \/wp:paragraph --> <!-- wp:paragraph --><\/p><p><!-- \/wp:paragraph --> <!-- wp:paragraph {\"fontSize\":\"medium\"} --><\/p><p class=\"has-medium-font-size\"><strong>Nutzungsbedingungen :<\/strong><\/p><p><!-- \/wp:paragraph --> <!-- wp:paragraph --><\/p><p>Der Herausgeber der Website setzt alle ihm zur Verf\u00fcgung stehenden Mittel ein, um zuverl\u00e4ssige Informationen und Aktualisierungen seiner Website zu gew\u00e4hrleisten. Dennoch kann es zu Fehlern oder Auslassungen kommen. Der Internetnutzer sollte sich daher bei SAS JULIEN \u00fcber die Richtigkeit der Informationen vergewissern und alle \u00c4nderungen an der Website melden, die er f\u00fcr n\u00fctzlich h\u00e4lt. SAS JULIEN haftet in keinem Fall f\u00fcr die Nutzung dieser Informationen und f\u00fcr alle direkten oder indirekten Sch\u00e4den, die sich daraus ergeben k\u00f6nnen.<\/p><p><!-- \/wp:paragraph --> <!-- wp:paragraph --><\/p><p>Cookies: Die Website http:\/\/piquets-julien.fr\/ kann Sie bitten, Cookies f\u00fcr statistische Zwecke und zur besseren Darstellung zu akzeptieren. Ein Cookie ist eine Information, die vom Server der Website, die Sie besuchen, auf Ihrer Festplatte abgelegt wird. Es enth\u00e4lt mehrere Daten, die auf Ihrem Computer in einer einfachen Textdatei gespeichert werden, auf die ein Server zugreift, um Informationen zu lesen und zu speichern . Einige Teile dieser Website sind ohne die Annahme von Cookies nicht funktionsf\u00e4hig.<\/p><p><!-- \/wp:paragraph --> <!-- wp:paragraph --><\/p><p>Hyperlinks: Die Website kann Links zu anderen Websites oder anderen im Internet verf\u00fcgbaren Ressourcen anbieten. Der Herausgeber der Website verf\u00fcgt \u00fcber keinerlei Mittel, um die mit seinen Websites verbundenen Websites zu kontrollieren. Er haftet nicht f\u00fcr die Verf\u00fcgbarkeit solcher Websites und externer Quellen und garantiert diese auch nicht. Er kann nicht f\u00fcr Sch\u00e4den jeglicher Art haftbar gemacht werden, die sich aus dem Inhalt dieser Websites oder externen Quellen ergeben, insbesondere nicht f\u00fcr Informationen, Produkte oder Dienstleistungen, die dort angeboten werden, oder f\u00fcr jegliche Nutzung, die von diesen Elementen ausgehen kann. Die mit dieser Nutzung verbundenen Risiken liegen vollst\u00e4ndig beim Internetnutzer, der sich an deren Nutzungsbedingungen halten muss.<\/p><p><!-- \/wp:paragraph --> <!-- wp:paragraph --><\/p><p>Nutzer, Abonnenten und Besucher der Website d\u00fcrfen ohne die ausdr\u00fcckliche vorherige Genehmigung des Herausgebers der Website keinen Hyperlink zu dieser Website einrichten.<\/p><p><!-- \/wp:paragraph --> <!-- wp:paragraph --><\/p><p>Falls ein Nutzer oder Besucher einen Hyperlink zu dieser Website einrichten m\u00f6chte, muss er eine auf der Website zug\u00e4ngliche E-Mail senden, um seinen Antrag auf Einrichtung eines Hyperlinks zu formulieren. Der Herausgeber der Website beh\u00e4lt sich das Recht vor, einen Hyperlink zu akzeptieren oder abzulehnen, ohne seine Entscheidung begr\u00fcnden zu m\u00fcssen.<\/p><p><!-- \/wp:paragraph --> <!-- wp:paragraph --><\/p><p><!-- \/wp:paragraph --> <!-- wp:paragraph {\"fontSize\":\"medium\"} --><\/p><p class=\"has-medium-font-size\"><strong>Erbrachte Dienstleistungen :<\/strong><\/p><p><!-- \/wp:paragraph --> <!-- wp:paragraph --><\/p><p>Die gesamten Aktivit\u00e4ten des Unternehmens sowie seine Informationen sind auf unserer Website http:\/\/piquets-julien.fr\/ zu finden.<\/p><p><!-- \/wp:paragraph --> <!-- wp:paragraph --><\/p><p>Der Herausgeber der Website bem\u00fcht sich, auf der Website http:\/\/piquets-julien.fr\/ so genaue Informationen wie m\u00f6glich bereitzustellen. Die Informationen auf der Website http:\/\/piquets-julien.fr\/ sind nicht ersch\u00f6pfend und die Fotos sind nicht vertraglich bindend. Sie werden unter Vorbehalt von \u00c4nderungen gegeben, die seit ihrer Online-Ver\u00f6ffentlichung vorgenommen wurden. Alle Informationen auf der Website http:\/\/piquets-julien.fr\/ sind unverbindlich und k\u00f6nnen sich ohne Vorank\u00fcndigung \u00e4ndern oder weiterentwickeln.<\/p><p><!-- \/wp:paragraph --> <!-- wp:paragraph --><\/p><p><!-- \/wp:paragraph --> <!-- wp:paragraph {\"fontSize\":\"medium\"} --><\/p><p class=\"has-medium-font-size\"><strong>Vertragliche Beschr\u00e4nkungen der Daten :<\/strong><\/p><p><!-- \/wp:paragraph --> <!-- wp:paragraph --><\/p><p>Die auf dieser Website enthaltenen Informationen sind so genau wie m\u00f6glich und die Website wird zu verschiedenen Zeiten des Jahres aktualisiert, kann aber dennoch Ungenauigkeiten oder Auslassungen enthalten. Wenn Sie eine L\u00fccke, einen Fehler oder eine scheinbare Fehlfunktion feststellen, melden Sie dies bitte per E-Mail an den Herausgeber der Website und beschreiben Sie das Problem so genau wie m\u00f6glich (Seite, die Probleme verursacht, Art des verwendeten Computers und Browsers, ...).<\/p><p><!-- \/wp:paragraph --> <!-- wp:paragraph --><\/p><p><!-- \/wp:paragraph --> <!-- wp:paragraph {\"fontSize\":\"medium\"} --><\/p><p class=\"has-medium-font-size\"><strong>Geistiges Eigentum :<\/strong><\/p><p><!-- \/wp:paragraph --> <!-- wp:paragraph --><\/p><p>Der gesamte Inhalt der vorliegenden Website http:\/\/piquets-julien.fr\/ , einschlie\u00dflich, jedoch nicht beschr\u00e4nkt auf Grafiken, Bilder, Texte, Videos, Animationen, T\u00f6ne, Logos, Gifs und Icons sowie deren Formatierung, ist ausschlie\u00dfliches Eigentum des Unternehmens, mit Ausnahme von Marken, Logos oder Inhalten, die anderen Partnerunternehmen oder Autoren geh\u00f6ren.<\/p><p><!-- \/wp:paragraph --> <!-- wp:paragraph --><\/p><p>Jede auch nur teilweise Vervielf\u00e4ltigung, Verbreitung, \u00c4nderung, Anpassung, Weiterleitung oder Ver\u00f6ffentlichung dieser verschiedenen Elemente ist ohne die ausdr\u00fcckliche schriftliche Genehmigung des Herausgebers der Website strengstens untersagt. Diese Darstellung oder Vervielf\u00e4ltigung, durch welches Verfahren auch immer, stellt eine F\u00e4lschung dar, die durch die Artikel L.335-2 ff. des Gesetzes \u00fcber geistiges Eigentum sanktioniert wird. Die Nichtbeachtung dieses Verbots stellt eine F\u00e4lschung dar, f\u00fcr die der F\u00e4lscher zivil- und strafrechtlich zur Verantwortung gezogen werden kann. Dar\u00fcber hinaus k\u00f6nnten die Eigent\u00fcmer der kopierten Inhalte rechtliche Schritte gegen Sie einleiten.<\/p><p><!-- \/wp:paragraph --> <!-- wp:paragraph --><\/p><p><!-- \/wp:paragraph --> <!-- wp:paragraph {\"fontSize\":\"medium\"} --><\/p><p class=\"has-medium-font-size\"><strong>Anmeldung bei der CNIL :<\/strong><\/p><p><!-- \/wp:paragraph --> <!-- wp:paragraph --><\/p><p>Gem\u00e4\u00df dem Gesetz 78-17 vom 6. Januar 1978 (ge\u00e4ndert durch das Gesetz 2004-801 vom 6. August 2004 \u00fcber den Schutz nat\u00fcrlicher Personen bei der Verarbeitung personenbezogener Daten) \u00fcber Informatik, Dateien und Freiheitsrechte wurde diese Website bei der franz\u00f6sischen Datenschutzbeh\u00f6rde Commission nationale de l'informatique et des libert\u00e9s (www.cnil.fr) angemeldet.<\/p><p><!-- \/wp:paragraph --> <!-- wp:paragraph --><\/p><p><!-- \/wp:paragraph --> <!-- wp:paragraph {\"fontSize\":\"medium\"} --><\/p><p class=\"has-medium-font-size\"><strong>Rechtsstreitigkeiten :<\/strong><\/p><p><!-- \/wp:paragraph --> <!-- wp:paragraph --><\/p><p>Die vorliegenden Bedingungen der Website http:\/\/piquets-julien.fr\/ unterliegen den franz\u00f6sischen Gesetzen und alle Streitigkeiten, die sich aus der Auslegung oder Ausf\u00fchrung dieser Bedingungen ergeben k\u00f6nnten, unterliegen der ausschlie\u00dflichen Zust\u00e4ndigkeit der Gerichte, in deren Zust\u00e4ndigkeitsbereich der Hauptsitz des Unternehmens liegt. Die Referenzsprache f\u00fcr die Beilegung eventueller Streitigkeiten ist Franz\u00f6sisch.<\/p><p><!-- \/wp:paragraph --> <!-- wp:paragraph --><\/p><p><!-- \/wp:paragraph --> <!-- wp:paragraph {\"fontSize\":\"medium\"} --><\/p><p class=\"has-medium-font-size\"><strong>Pers\u00f6nliche Daten :<\/strong><\/p><p><!-- \/wp:paragraph --> <!-- wp:paragraph --><\/p><p>Im Allgemeinen sind Sie nicht verpflichtet, uns Ihre pers\u00f6nlichen Daten mitzuteilen, wenn Sie unsere Website http:\/\/piquets-julien.fr\/ besuchen.<\/p><p><!-- \/wp:paragraph --> <!-- wp:paragraph --><\/p><p>Allerdings gibt es zu diesem Prinzip einige Ausnahmen. F\u00fcr bestimmte Dienstleistungen, die auf unserer Website angeboten werden, kann es n\u00e4mlich sein, dass Sie uns bestimmte Daten mitteilen m\u00fcssen, z. B. Vor- und Nachname, Postleitzahl, E-Mail-Adresse, Telefon, Unternehmen und Beruf. Dies ist der Fall, wenn Sie das Formular ausf\u00fcllen, das Ihnen online in der Rubrik \"Kontakt\" angeboten wird. In jedem Fall k\u00f6nnen Sie die Angabe Ihrer pers\u00f6nlichen Daten verweigern. In diesem Fall k\u00f6nnen Sie die Dienste der Website nicht nutzen, insbesondere die M\u00f6glichkeit, Informationen \u00fcber unser Unternehmen anzufordern oder Newsletter zu erhalten.<\/p><p><!-- \/wp:paragraph --> <!-- wp:paragraph --><\/p><p>Schlie\u00dflich k\u00f6nnen wir automatisch bestimmte Informationen \u00fcber Sie sammeln, wenn Sie einfach auf unserer Website surfen, insbesondere: Informationen \u00fcber die Nutzung unserer Website, z. B. die Bereiche, die Sie besuchen, und die Dienste, auf die Sie zugreifen, Ihre IP-Adresse, den Typ Ihres Browsers, Ihre Zugriffszeiten. Solche Informationen werden ausschlie\u00dflich f\u00fcr interne statistische Zwecke verwendet, um die Qualit\u00e4t der Ihnen angebotenen Dienstleistungen zu verbessern. Die Datenbanken sind durch die Bestimmungen des Gesetzes vom 1. Juli 1998 zur Umsetzung der Richtlinie 96\/9 vom 11. M\u00e4rz 1996 \u00fcber den rechtlichen Schutz von Datenbanken gesch\u00fctzt.<\/p><p><!-- \/wp:paragraph --><\/p>\t\t\t\t\t\t<\/div>\n\t\t\t\t<\/div>\n\t\t\t\t\t<\/div>\n\t\t<\/div>\n\t\t\t\t\t\t\t<\/div>\n\t\t<\/section>\n\t\t\t\t\t\t\t<\/div>","protected":false},"excerpt":{"rendered":"<p>Rechtliche Hinweise Bitte lesen Sie die verschiedenen Modalit\u00e4ten zur Nutzung dieser Website aufmerksam durch. Wenn Sie sich auf dieser Website einloggen, akzeptieren Sie die vorliegenden Bedingungen vorbehaltlos. Gem\u00e4\u00df Artikel 6 des Gesetzes Nr. 2004-575 vom 21. Juni 2004 \u00fcber das Vertrauen in die digitale Wirtschaft sind die Verantwortlichen f\u00fcr diese Website http:\/\/piquets-julien.fr\/: ...<\/p>\n<p class=\"read-more\"> <a class=\"\" href=\"https:\/\/piquets-julien.fr\/de\/mentions-legales\/\"> <span class=\"screen-reader-text\">Rechtliche Hinweise<\/span> Weiterlesen \"<\/a><\/p>","protected":false},"author":3,"featured_media":0,"parent":0,"menu_order":0,"comment_status":"closed","ping_status":"closed","template":"","meta":{"site-sidebar-layout":"no-sidebar","site-content-layout":"page-builder","ast-global-header-display":"","ast-main-header-display":"","ast-hfb-above-header-display":"","ast-hfb-below-header-display":"","ast-hfb-mobile-header-display":"","site-post-title":"disabled","ast-breadcrumbs-content":"","ast-featured-img":"disabled","footer-sml-layout":"","theme-transparent-header-meta":"","adv-header-id-meta":"","stick-header-meta":"","header-above-stick-meta":"","header-main-stick-meta":"","header-below-stick-meta":"","footnotes":""},"class_list":["post-1719","page","type-page","status-publish","hentry"],"yoast_head":"<!-- This site is optimized with the Yoast SEO plugin v19.4 - https:\/\/yoast.com\/wordpress\/plugins\/seo\/ -->\n<title>Piquets Julien - Mentions l\u00e9gales<\/title>\n<meta name=\"description\" content=\"Retrouvez ici les mentions l\u00e9gales du site Piquets Julien. Pour toute demande de renseignement, merci d&#039;utiliser le formulaire de contact.\" \/>\n<meta name=\"robots\" content=\"index, follow, max-snippet:-1, max-image-preview:large, max-video-preview:-1\" \/>\n<link rel=\"canonical\" href=\"https:\/\/piquets-julien.fr\/de\/mentions-legales\/\" \/>\n<meta property=\"og:locale\" content=\"de_DE\" \/>\n<meta property=\"og:type\" content=\"article\" \/>\n<meta property=\"og:title\" content=\"Piquets Julien - Mentions l\u00e9gales\" \/>\n<meta property=\"og:description\" content=\"Retrouvez ici les mentions l\u00e9gales du site Piquets Julien. Pour toute demande de renseignement, merci d&#039;utiliser le formulaire de contact.\" \/>\n<meta property=\"og:url\" content=\"https:\/\/piquets-julien.fr\/de\/mentions-legales\/\" \/>\n<meta property=\"og:site_name\" content=\"Piquets Julien\" \/>\n<meta property=\"article:modified_time\" content=\"2023-02-27T11:15:58+00:00\" \/>\n<meta name=\"twitter:card\" content=\"summary_large_image\" \/>\n<meta name=\"twitter:label1\" content=\"Gesch\u00e4tzte Lesezeit\" \/>\n\t<meta name=\"twitter:data1\" content=\"6 Minuten\" \/>\n<script type=\"application\/ld+json\" class=\"yoast-schema-graph\">{\"@context\":\"https:\/\/schema.org\",\"@graph\":[{\"@type\":\"WebSite\",\"@id\":\"https:\/\/piquets-julien.fr\/#website\",\"url\":\"https:\/\/piquets-julien.fr\/\",\"name\":\"Piquets Julien\",\"description\":\"Fabricant de piquets en acier profil\u00e9 adapt\u00e9s \u00e0 votre m\u00e9tier\",\"potentialAction\":[{\"@type\":\"SearchAction\",\"target\":{\"@type\":\"EntryPoint\",\"urlTemplate\":\"https:\/\/piquets-julien.fr\/?s={search_term_string}\"},\"query-input\":\"required name=search_term_string\"}],\"inLanguage\":\"de-DE\"},{\"@type\":\"WebPage\",\"@id\":\"https:\/\/piquets-julien.fr\/mentions-legales\/\",\"url\":\"https:\/\/piquets-julien.fr\/mentions-legales\/\",\"name\":\"Piquets Julien - Mentions l\u00e9gales\",\"isPartOf\":{\"@id\":\"https:\/\/piquets-julien.fr\/#website\"},\"datePublished\":\"2022-09-02T11:57:51+00:00\",\"dateModified\":\"2023-02-27T11:15:58+00:00\",\"description\":\"Retrouvez ici les mentions l\u00e9gales du site Piquets Julien. Pour toute demande de renseignement, merci d'utiliser le formulaire de contact.\",\"breadcrumb\":{\"@id\":\"https:\/\/piquets-julien.fr\/mentions-legales\/#breadcrumb\"},\"inLanguage\":\"de-DE\",\"potentialAction\":[{\"@type\":\"ReadAction\",\"target\":[\"https:\/\/piquets-julien.fr\/mentions-legales\/\"]}]},{\"@type\":\"BreadcrumbList\",\"@id\":\"https:\/\/piquets-julien.fr\/mentions-legales\/#breadcrumb\",\"itemListElement\":[{\"@type\":\"ListItem\",\"position\":1,\"name\":\"Accueil\",\"item\":\"https:\/\/piquets-julien.fr\/\"},{\"@type\":\"ListItem\",\"position\":2,\"name\":\"Mentions l\u00e9gales\"}]}]}<\/script>\n<!-- \/ Yoast SEO plugin. -->","yoast_head_json":{"title":"Piquets Julien - Mentions l\u00e9gales","description":"Retrouvez ici les mentions l\u00e9gales du site Piquets Julien. Pour toute demande de renseignement, merci d'utiliser le formulaire de contact.","robots":{"index":"index","follow":"follow","max-snippet":"max-snippet:-1","max-image-preview":"max-image-preview:large","max-video-preview":"max-video-preview:-1"},"canonical":"https:\/\/piquets-julien.fr\/de\/mentions-legales\/","og_locale":"de_DE","og_type":"article","og_title":"Piquets Julien - Mentions l\u00e9gales","og_description":"Retrouvez ici les mentions l\u00e9gales du site Piquets Julien. Pour toute demande de renseignement, merci d'utiliser le formulaire de contact.","og_url":"https:\/\/piquets-julien.fr\/de\/mentions-legales\/","og_site_name":"Piquets Julien","article_modified_time":"2023-02-27T11:15:58+00:00","twitter_card":"summary_large_image","twitter_misc":{"Gesch\u00e4tzte Lesezeit":"6 Minuten"},"schema":{"@context":"https:\/\/schema.org","@graph":[{"@type":"WebSite","@id":"https:\/\/piquets-julien.fr\/#website","url":"https:\/\/piquets-julien.fr\/","name":"Piquets Julien","description":"Fabricant de piquets en acier profil\u00e9 adapt\u00e9s \u00e0 votre m\u00e9tier","potentialAction":[{"@type":"SearchAction","target":{"@type":"EntryPoint","urlTemplate":"https:\/\/piquets-julien.fr\/?s={search_term_string}"},"query-input":"required name=search_term_string"}],"inLanguage":"de-DE"},{"@type":"WebPage","@id":"https:\/\/piquets-julien.fr\/mentions-legales\/","url":"https:\/\/piquets-julien.fr\/mentions-legales\/","name":"Piquets Julien - Mentions l\u00e9gales","isPartOf":{"@id":"https:\/\/piquets-julien.fr\/#website"},"datePublished":"2022-09-02T11:57:51+00:00","dateModified":"2023-02-27T11:15:58+00:00","description":"Retrouvez ici les mentions l\u00e9gales du site Piquets Julien. Pour toute demande de renseignement, merci d'utiliser le formulaire de contact.","breadcrumb":{"@id":"https:\/\/piquets-julien.fr\/mentions-legales\/#breadcrumb"},"inLanguage":"de-DE","potentialAction":[{"@type":"ReadAction","target":["https:\/\/piquets-julien.fr\/mentions-legales\/"]}]},{"@type":"BreadcrumbList","@id":"https:\/\/piquets-julien.fr\/mentions-legales\/#breadcrumb","itemListElement":[{"@type":"ListItem","position":1,"name":"Accueil","item":"https:\/\/piquets-julien.fr\/"},{"@type":"ListItem","position":2,"name":"Mentions l\u00e9gales"}]}]}},"_links":{"self":[{"href":"https:\/\/piquets-julien.fr\/de\/wp-json\/wp\/v2\/pages\/1719"}],"collection":[{"href":"https:\/\/piquets-julien.fr\/de\/wp-json\/wp\/v2\/pages"}],"about":[{"href":"https:\/\/piquets-julien.fr\/de\/wp-json\/wp\/v2\/types\/page"}],"author":[{"embeddable":true,"href":"https:\/\/piquets-julien.fr\/de\/wp-json\/wp\/v2\/users\/3"}],"replies":[{"embeddable":true,"href":"https:\/\/piquets-julien.fr\/de\/wp-json\/wp\/v2\/comments?post=1719"}],"version-history":[{"count":5,"href":"https:\/\/piquets-julien.fr\/de\/wp-json\/wp\/v2\/pages\/1719\/revisions"}],"predecessor-version":[{"id":3412,"href":"https:\/\/piquets-julien.fr\/de\/wp-json\/wp\/v2\/pages\/1719\/revisions\/3412"}],"wp:attachment":[{"href":"https:\/\/piquets-julien.fr\/de\/wp-json\/wp\/v2\/media?parent=1719"}],"curies":[{"name":"wp","href":"https:\/\/api.w.org\/{rel}","templated":true}]}}